{"id":1234,"date":"2019-12-26T22:51:32","date_gmt":"2019-12-27T03:51:32","guid":{"rendered":"https:\/\/www.archspm.org\/st-pius-x-prayer-to-st-joseph-for-success-in-work\/"},"modified":"2019-12-26T22:51:32","modified_gmt":"2019-12-27T03:51:32","slug":"st-pius-x-prayer-to-st-joseph-for-success-in-work","status":"publish","type":"page","link":"https:\/\/www.archspm.org\/es\/st-pius-x-prayer-to-st-joseph-for-success-in-work\/","title":{"rendered":"San P\u00edo X: Oraci\u00f3n a San Jos\u00e9 para tener \u00e9xito en el trabajo"},"content":{"rendered":"<h1 class=\"entry-title\">San P\u00edo X: Oraci\u00f3n a San Jos\u00e9 para tener \u00e9xito en el trabajo<\/h1>\n<div class=\"entry-content\">\n<p>Glorioso San Jos\u00e9,<br \/>\nejemplo para todos aquellos que se dedican al trabajo,<br \/>\nconc\u00e9denos la gracia de trabajar con esmero,<br \/>\nanteponiendo el deber a mis muchos pecados;<br \/>\ntrabajar con gratitud y alegr\u00eda,<br \/>\nconsiderando un honor contratar y formar a,<br \/>\nmediante el trabajo,<br \/>\nlos dones recibidos de Dios;<br \/>\npara trabajar de forma organizada,<br \/>\npaz, prudencia y paciencia,<br \/>\nsin rendirse nunca ante el cansancio ni las dificultades;<br \/>\npara trabajar, sobre todo,<br \/>\ncon pureza de intenciones,<br \/>\ny con desapego de uno mismo,<br \/>\ncon la muerte siempre ante mis ojos<br \/>\ny el balance que debo rendir del tiempo perdido,<br \/>\nde talentos desperdiciados,<br \/>\nde lo bueno omitido,<br \/>\nde la vanagloria ante el \u00e9xito<br \/>\ntan perjudicial para la obra de Dios.<br \/>\nTodo por Jes\u00fas,<br \/>\nTodo por Mar\u00eda,<br \/>\ntodos siguiendo tu ejemplo,<br \/>\nOh, patriarca Jos\u00e9.<br \/>\nEse ser\u00e1 mi lema en la vida y en la muerte.<\/p>\n<p>Am\u00e9n.<\/p>\n<p><em>\u2014San P\u00edo X (Papa)<\/em><\/p>\n<p>&nbsp;<\/p>\n<p><em>Utilizado de conformidad con el Aviso de Copyright, 2012.<\/em><\/p>\n<p>Visite el\u00a0<a href=\"http:\/\/www.catholicdoors.com\/\" target=\"_blank\" rel=\"noopener noreferrer\">Ministerio de Puertas Cat\u00f3licas<\/a>\u00a0para m\u00e1s informaci\u00f3n.<\/p>\n<p>Para m\u00e1s oraciones cat\u00f3licas y recursos adicionales, visite la p\u00e1gina\u00a0<a href=\"https:\/\/www.ewtn.com\/catholicism\/devotions\/prayers-69\" target=\"_blank\" rel=\"noopener noreferrer\">P\u00e1gina web de EWTN<\/a>.<\/p>\n<\/div>","protected":false},"excerpt":{"rendered":"<p>St. Pius X: Prayer to St. Joseph for Success in Work Glorious St. Joseph, model of all those who are devoted to labour, obtain for me the grace to work conscientiously, putting the call of duty above my many sins; to work with thankfulness and joy, considering it an honour to employ and develop, by [&hellip;]<\/p>\n","protected":false},"author":2,"featured_media":6958,"parent":0,"menu_order":0,"comment_status":"closed","ping_status":"closed","template":"","meta":{"footnotes":""},"class_list":["post-1234","page","type-page","status-publish","has-post-thumbnail","hentry"],"_links":{"self":[{"href":"https:\/\/www.archspm.org\/es\/wp-json\/wp\/v2\/pages\/1234","targetHints":{"allow":["GET"]}}],"collection":[{"href":"https:\/\/www.archspm.org\/es\/wp-json\/wp\/v2\/pages"}],"about":[{"href":"https:\/\/www.archspm.org\/es\/wp-json\/wp\/v2\/types\/page"}],"author":[{"embeddable":true,"href":"https:\/\/www.archspm.org\/es\/wp-json\/wp\/v2\/users\/2"}],"replies":[{"embeddable":true,"href":"https:\/\/www.archspm.org\/es\/wp-json\/wp\/v2\/comments?post=1234"}],"version-history":[{"count":0,"href":"https:\/\/www.archspm.org\/es\/wp-json\/wp\/v2\/pages\/1234\/revisions"}],"wp:featuredmedia":[{"embeddable":true,"href":"https:\/\/www.archspm.org\/es\/wp-json\/wp\/v2\/media\/6958"}],"wp:attachment":[{"href":"https:\/\/www.archspm.org\/es\/wp-json\/wp\/v2\/media?parent=1234"}],"curies":[{"name":"wp","href":"https:\/\/api.w.org\/{rel}","templated":true}]}}