{"id":1235,"date":"2019-12-26T22:54:23","date_gmt":"2019-12-27T03:54:23","guid":{"rendered":"https:\/\/www.archspm.org\/st-therese-prayer-for-priests\/"},"modified":"2019-12-26T22:54:23","modified_gmt":"2019-12-27T03:54:23","slug":"st-therese-prayer-for-priests","status":"publish","type":"page","link":"https:\/\/www.archspm.org\/es\/st-therese-prayer-for-priests\/","title":{"rendered":"Santa Teresita Oraci\u00f3n por los sacerdotes"},"content":{"rendered":"<h1 class=\"entry-title\">Santa Teresita Oraci\u00f3n por los sacerdotes<\/h1>\n<div class=\"entry-content\">\n<p>Oh, Santo Padre,<br \/>\nque los torrentes de amor<br \/>\nque brota de las llagas sagradas<br \/>\nde tu Divino Hijo<br \/>\nque surjan sacerdotes semejantes al disc\u00edpulo amado Juan<br \/>\nque se encontraba al pie de la cruz;<br \/>\nsacerdotes, que como prueba de vuestro amor m\u00e1s tierno<br \/>\nentregar\u00e1 con amor a Tu Divino Hijo a las almas de los hombres.<\/p>\n<p>Que tus sacerdotes sean fieles guardianes de tu Iglesia,<br \/>\ncomo Juan era hijo de Mar\u00eda,<br \/>\na quien acogi\u00f3 en su casa.<br \/>\nEnse\u00f1ado por esta madre amorosa<br \/>\nque tanto sufri\u00f3 en el Calvario,<br \/>\nque demuestren el cari\u00f1o de una madre<br \/>\ny la atenci\u00f3n que les prestas a tus hijos.<br \/>\nQue ense\u00f1en a las almas<br \/>\npara entrar en estrecha uni\u00f3n contigo a trav\u00e9s de Mar\u00eda, quien,<br \/>\ncomo la Puerta del Cielo,<br \/>\nes, sobre todo, el guardi\u00e1n de los tesoros<br \/>\nde tu Coraz\u00f3n Divino.<\/p>\n<p>Danos sacerdotes llenos de fervor,<br \/>\ny que son verdaderos hijos de Mar\u00eda,<br \/>\nsacerdotes que entregar\u00e1n a Jes\u00fas a las almas<br \/>\ncon la misma ternura y cari\u00f1o<br \/>\ncon el que Mar\u00eda llev\u00f3 al Ni\u00f1o de Bel\u00e9n.<\/p>\n<p>Madre de los dolores y del amor,<br \/>\npor compasi\u00f3n hacia tu amado Hijo,<br \/>\nabre en nuestros corazones profundos manantiales de amor,<br \/>\npara que podamos consolarlo<br \/>\ny darle una generaci\u00f3n de sacerdotes<br \/>\nformado en tu escuela<br \/>\ny con toda la ternura y la consideraci\u00f3n<br \/>\n\u2019de tu amor inmaculado\u00bb.\u2019<\/p>\n<p>-<em>Santa Teresa<\/em><\/p>\n<p>&nbsp;<\/p>\n<p><em>Utilizado de conformidad con el Aviso de Copyright, 2012.<\/em><\/p>\n<p>Visite el\u00a0<a href=\"http:\/\/www.catholicdoors.com\/\" target=\"_blank\" rel=\"noopener noreferrer\">Ministerio de Puertas Cat\u00f3licas<\/a>\u00a0para m\u00e1s informaci\u00f3n.<\/p>\n<p>Para m\u00e1s oraciones cat\u00f3licas y recursos adicionales, visite la p\u00e1gina\u00a0<a href=\"https:\/\/www.ewtn.com\/catholicism\/devotions\/prayers-69\" target=\"_blank\" rel=\"noopener noreferrer\">P\u00e1gina web de EWTN<\/a>.<\/p>\n<\/div>","protected":false},"excerpt":{"rendered":"<p>St. Therese: Prayer for Priests O Holy Father, may the torrents of love flowing from the sacred wounds of your Divine Son bring forth priests like unto the beloved disciple John who stood at the foot of the cross; priests, who as a pledge of your own most tender love will lovingly give Your Divine [&hellip;]<\/p>\n","protected":false},"author":2,"featured_media":6958,"parent":0,"menu_order":0,"comment_status":"closed","ping_status":"closed","template":"","meta":{"footnotes":""},"class_list":["post-1235","page","type-page","status-publish","has-post-thumbnail","hentry"],"_links":{"self":[{"href":"https:\/\/www.archspm.org\/es\/wp-json\/wp\/v2\/pages\/1235","targetHints":{"allow":["GET"]}}],"collection":[{"href":"https:\/\/www.archspm.org\/es\/wp-json\/wp\/v2\/pages"}],"about":[{"href":"https:\/\/www.archspm.org\/es\/wp-json\/wp\/v2\/types\/page"}],"author":[{"embeddable":true,"href":"https:\/\/www.archspm.org\/es\/wp-json\/wp\/v2\/users\/2"}],"replies":[{"embeddable":true,"href":"https:\/\/www.archspm.org\/es\/wp-json\/wp\/v2\/comments?post=1235"}],"version-history":[{"count":0,"href":"https:\/\/www.archspm.org\/es\/wp-json\/wp\/v2\/pages\/1235\/revisions"}],"wp:featuredmedia":[{"embeddable":true,"href":"https:\/\/www.archspm.org\/es\/wp-json\/wp\/v2\/media\/6958"}],"wp:attachment":[{"href":"https:\/\/www.archspm.org\/es\/wp-json\/wp\/v2\/media?parent=1235"}],"curies":[{"name":"wp","href":"https:\/\/api.w.org\/{rel}","templated":true}]}}