{"id":1236,"date":"2019-12-26T22:56:09","date_gmt":"2019-12-27T03:56:09","guid":{"rendered":"https:\/\/www.archspm.org\/st-thomas-aquinas-prayer-of-thanksgiving-after-mass\/"},"modified":"2019-12-26T22:56:09","modified_gmt":"2019-12-27T03:56:09","slug":"st-thomas-aquinas-prayer-of-thanksgiving-after-mass","status":"publish","type":"page","link":"https:\/\/www.archspm.org\/es\/st-thomas-aquinas-prayer-of-thanksgiving-after-mass\/","title":{"rendered":"Santo Tom\u00e1s de Aquino: Oraci\u00f3n de acci\u00f3n de gracias despu\u00e9s de la misa"},"content":{"rendered":"<h1 class=\"entry-title\">Santo Tom\u00e1s de Aquino: Oraci\u00f3n de acci\u00f3n de gracias despu\u00e9s de la misa<\/h1>\n<div class=\"entry-content\">\n<p>Se\u00f1or, Padre todopoderoso y Dios eterno, te doy gracias por<br \/>\naunque soy un pecador, tu siervo in\u00fatil, no<br \/>\npor mi m\u00e9rito, sino por la bondad de tu misericordia,<br \/>\nMe has alimentado con el precioso Cuerpo y Sangre de tu Hijo,<br \/>\nnuestro Se\u00f1or Jesucristo.<br \/>\nRuego para que esta Santa Comuni\u00f3n no me traiga<br \/>\ncondena y castigo, sino perd\u00f3n y salvaci\u00f3n.<br \/>\nQue sea un casco de fe y un escudo de buena voluntad.<br \/>\nQue me purifique de los malos caminos y ponga fin a mis malas pasiones.<br \/>\nQue me traiga caridad y paciencia, humildad y obediencia,<br \/>\ny el crecimiento en el poder de hacer el bien.<br \/>\nQue sea mi fuerte defensa contra todos mis enemigos, visibles e invisibles, y la perfecta calma de todos mis impulsos malignos.,<br \/>\nf\u00edsico y espiritual.<br \/>\nQue me una m\u00e1s estrechamente a ti, el \u00fanico Dios verdadero, y me gu\u00ede<br \/>\nde manera segura a trav\u00e9s de la muerte hacia la felicidad eterna contigo.<br \/>\nY ruego que me gu\u00edes, a m\u00ed, un pecador, al banquete donde t\u00fa,<br \/>\ncon tu Hijo y tu Esp\u00edritu Santo, son luz verdadera y perfecta, plenitud total, alegr\u00eda eterna, gozo sin fin y perfecci\u00f3n.<br \/>\nfelicidad a tus santos. Conc\u00e9delo por Cristo nuestro Se\u00f1or,<\/p>\n<p>Am\u00e9n.<\/p>\n<p>-<em>Santo Tom\u00e1s de Aquino<\/em><\/p>\n<p>&nbsp;<\/p>\n<p><em>Utilizado de conformidad con el Aviso de Copyright, 2012.<\/em><\/p>\n<p>Visite el\u00a0<a href=\"http:\/\/www.catholicdoors.com\/\" target=\"_blank\" rel=\"noopener noreferrer\">Ministerio de Puertas Cat\u00f3licas<\/a>\u00a0para m\u00e1s informaci\u00f3n.<\/p>\n<p>Para m\u00e1s oraciones cat\u00f3licas y recursos adicionales, visite la p\u00e1gina<a href=\"https:\/\/www.ewtn.com\/catholicism\/devotions\/prayers-69\" target=\"_blank\" rel=\"noopener\">\u00a0P\u00e1gina web de EWTN<\/a>.<\/p>\n<\/div>","protected":false},"excerpt":{"rendered":"<p>St. Thomas Aquinas: Prayer of Thanksgiving after Mass Lord, Father all-powerful and ever-living God, I thank You, for even though I am a sinner, your unprofitable servant, not because of my worth but in the kindness of your mercy, You have fed me with the Precious Body &amp; Blood of Your Son, our Lord Jesus [&hellip;]<\/p>\n","protected":false},"author":2,"featured_media":6958,"parent":0,"menu_order":0,"comment_status":"closed","ping_status":"closed","template":"","meta":{"footnotes":""},"class_list":["post-1236","page","type-page","status-publish","has-post-thumbnail","hentry"],"_links":{"self":[{"href":"https:\/\/www.archspm.org\/es\/wp-json\/wp\/v2\/pages\/1236","targetHints":{"allow":["GET"]}}],"collection":[{"href":"https:\/\/www.archspm.org\/es\/wp-json\/wp\/v2\/pages"}],"about":[{"href":"https:\/\/www.archspm.org\/es\/wp-json\/wp\/v2\/types\/page"}],"author":[{"embeddable":true,"href":"https:\/\/www.archspm.org\/es\/wp-json\/wp\/v2\/users\/2"}],"replies":[{"embeddable":true,"href":"https:\/\/www.archspm.org\/es\/wp-json\/wp\/v2\/comments?post=1236"}],"version-history":[{"count":0,"href":"https:\/\/www.archspm.org\/es\/wp-json\/wp\/v2\/pages\/1236\/revisions"}],"wp:featuredmedia":[{"embeddable":true,"href":"https:\/\/www.archspm.org\/es\/wp-json\/wp\/v2\/media\/6958"}],"wp:attachment":[{"href":"https:\/\/www.archspm.org\/es\/wp-json\/wp\/v2\/media?parent=1236"}],"curies":[{"name":"wp","href":"https:\/\/api.w.org\/{rel}","templated":true}]}}