{"id":1238,"date":"2019-12-26T23:00:59","date_gmt":"2019-12-27T04:00:59","guid":{"rendered":"https:\/\/www.archspm.org\/childrens-prayer-to-st-nicholas\/"},"modified":"2019-12-26T23:00:59","modified_gmt":"2019-12-27T04:00:59","slug":"childrens-prayer-to-st-nicholas","status":"publish","type":"page","link":"https:\/\/www.archspm.org\/es\/childrens-prayer-to-st-nicholas\/","title":{"rendered":"Oraci\u00f3n de los ni\u00f1os a San Nicol\u00e1s"},"content":{"rendered":"<h1 class=\"entry-title\">Oraci\u00f3n de los ni\u00f1os a San Nicol\u00e1s<\/h1>\n<div class=\"entry-content\">\n<p>Dios, nuestro Padre, te rogamos,<br \/>\nQue por intercesi\u00f3n de San Nicol\u00e1s,<br \/>\nProteger\u00e1s a nuestros hijos.<br \/>\nMant\u00e9ngalos a salvo de cualquier da\u00f1o,<br \/>\nY ay\u00fadalos a crecer,<br \/>\nY hazme digno de tu mirada.<\/p>\n<p>Dales fuerza,<br \/>\nPara mantener su fe en ti,<br \/>\nY para mantener viva su alegr\u00eda,<br \/>\nEn tu creaci\u00f3n.<br \/>\nPor Jesucristo, nuestro Se\u00f1or.<\/p>\n<p>Am\u00e9n.<\/p>\n<p>&nbsp;<\/p>\n<p><em>Utilizado de conformidad con el Aviso de Copyright, 2012.<\/em><\/p>\n<p>Visite el\u00a0<a href=\"http:\/\/www.catholicdoors.com\/\" target=\"_blank\" rel=\"noopener noreferrer\">Ministerio de Puertas Cat\u00f3licas<\/a>\u00a0para m\u00e1s informaci\u00f3n.<\/p>\n<p>Para m\u00e1s oraciones cat\u00f3licas y recursos adicionales, visite la p\u00e1gina\u00a0<a href=\"https:\/\/www.ewtn.com\/catholicism\/devotions\/prayers-69\" target=\"_blank\" rel=\"noopener noreferrer\">P\u00e1gina web de EWTN<\/a>.<\/p>\n<\/div>","protected":false},"excerpt":{"rendered":"<p>Children\u2019s Prayer to St. Nicholas God Our Father we pray, That through the intercession of St. Nicholas, You will protect our children. Keep them safe from harm, And help them grow, And become worthy of Your sight. Give them strength, To keep their Faith in You, And to keep alive their joy, In Your creation. [&hellip;]<\/p>\n","protected":false},"author":2,"featured_media":6958,"parent":0,"menu_order":0,"comment_status":"closed","ping_status":"closed","template":"","meta":{"footnotes":""},"class_list":["post-1238","page","type-page","status-publish","has-post-thumbnail","hentry"],"_links":{"self":[{"href":"https:\/\/www.archspm.org\/es\/wp-json\/wp\/v2\/pages\/1238","targetHints":{"allow":["GET"]}}],"collection":[{"href":"https:\/\/www.archspm.org\/es\/wp-json\/wp\/v2\/pages"}],"about":[{"href":"https:\/\/www.archspm.org\/es\/wp-json\/wp\/v2\/types\/page"}],"author":[{"embeddable":true,"href":"https:\/\/www.archspm.org\/es\/wp-json\/wp\/v2\/users\/2"}],"replies":[{"embeddable":true,"href":"https:\/\/www.archspm.org\/es\/wp-json\/wp\/v2\/comments?post=1238"}],"version-history":[{"count":0,"href":"https:\/\/www.archspm.org\/es\/wp-json\/wp\/v2\/pages\/1238\/revisions"}],"wp:featuredmedia":[{"embeddable":true,"href":"https:\/\/www.archspm.org\/es\/wp-json\/wp\/v2\/media\/6958"}],"wp:attachment":[{"href":"https:\/\/www.archspm.org\/es\/wp-json\/wp\/v2\/media?parent=1238"}],"curies":[{"name":"wp","href":"https:\/\/api.w.org\/{rel}","templated":true}]}}