{"id":1239,"date":"2019-12-26T23:02:26","date_gmt":"2019-12-27T04:02:26","guid":{"rendered":"https:\/\/www.archspm.org\/prayer-to-st-anthony-for-healing-of-a-spouse\/"},"modified":"2019-12-26T23:02:26","modified_gmt":"2019-12-27T04:02:26","slug":"prayer-to-st-anthony-for-healing-of-a-spouse","status":"publish","type":"page","link":"https:\/\/www.archspm.org\/es\/prayer-to-st-anthony-for-healing-of-a-spouse\/","title":{"rendered":"Oraci\u00f3n a San Antonio para la curaci\u00f3n de un c\u00f3nyuge"},"content":{"rendered":"<h1 class=\"entry-title\">Oraci\u00f3n a San Antonio para la curaci\u00f3n de un c\u00f3nyuge<\/h1>\n<div class=\"entry-content\">\n<p>Oh, glorioso San Antonio,<br \/>\nahora viv\u00eds en unidad con Jesucristo,<br \/>\nel M\u00e9dico Divino y sanador de todos los males humanos.<br \/>\nHoy acudo a ti para pedirte tu poderosa intercesi\u00f3n<br \/>\nen nombre de mi amada esposa (<em>mencionar el nombre<\/em>),<br \/>\nquien desea recuperar la salud.<\/p>\n<p>Los a\u00f1os que hemos compartido,<br \/>\ny el amor que hemos conocido,<br \/>\nes muy importante para m\u00ed,<br \/>\ny se me parte el coraz\u00f3n ante mi impotencia.<br \/>\nPero creo que con el Se\u00f1or todo es posible.<\/p>\n<p>Santo compasivo,<br \/>\nconsu\u00e9lame en mi angustia<br \/>\ny obtener bendiciones para mi amada esposa<br \/>\nde modo que (<em>nombre<\/em>) puedan recuperarse r\u00e1pida y completamente.<\/p>\n<p>Am\u00e9n.<\/p>\n<p>&nbsp;<\/p>\n<p><em>Utilizado de conformidad con el Aviso de Copyright, 2012.<\/em><\/p>\n<p>Visite el\u00a0<a href=\"http:\/\/www.catholicdoors.com\/\" target=\"_blank\" rel=\"noopener noreferrer\">Ministerio de Puertas Cat\u00f3licas<\/a>\u00a0para m\u00e1s informaci\u00f3n.<\/p>\n<p>Para m\u00e1s oraciones cat\u00f3licas y recursos adicionales, visite la p\u00e1gina\u00a0<a href=\"https:\/\/www.ewtn.com\/catholicism\/devotions\/prayers-69\" target=\"_blank\" rel=\"noopener noreferrer\">P\u00e1gina web de EWTN<\/a>.<\/p>\n<\/div>","protected":false},"excerpt":{"rendered":"<p>Prayer to St. Anthony for Healing of a Spouse O Glorious St. Anthony, you live now in unity with Jesus Christ, the Divine Physician and the healer of all human ills. I come to you today to ask for your powerful intercession on behalf of my beloved spouse (mention name), who seeks to be restored [&hellip;]<\/p>\n","protected":false},"author":2,"featured_media":6958,"parent":0,"menu_order":0,"comment_status":"closed","ping_status":"closed","template":"","meta":{"footnotes":""},"class_list":["post-1239","page","type-page","status-publish","has-post-thumbnail","hentry"],"_links":{"self":[{"href":"https:\/\/www.archspm.org\/es\/wp-json\/wp\/v2\/pages\/1239","targetHints":{"allow":["GET"]}}],"collection":[{"href":"https:\/\/www.archspm.org\/es\/wp-json\/wp\/v2\/pages"}],"about":[{"href":"https:\/\/www.archspm.org\/es\/wp-json\/wp\/v2\/types\/page"}],"author":[{"embeddable":true,"href":"https:\/\/www.archspm.org\/es\/wp-json\/wp\/v2\/users\/2"}],"replies":[{"embeddable":true,"href":"https:\/\/www.archspm.org\/es\/wp-json\/wp\/v2\/comments?post=1239"}],"version-history":[{"count":0,"href":"https:\/\/www.archspm.org\/es\/wp-json\/wp\/v2\/pages\/1239\/revisions"}],"wp:featuredmedia":[{"embeddable":true,"href":"https:\/\/www.archspm.org\/es\/wp-json\/wp\/v2\/media\/6958"}],"wp:attachment":[{"href":"https:\/\/www.archspm.org\/es\/wp-json\/wp\/v2\/media?parent=1239"}],"curies":[{"name":"wp","href":"https:\/\/api.w.org\/{rel}","templated":true}]}}