{"id":1243,"date":"2019-12-26T23:07:31","date_gmt":"2019-12-27T04:07:31","guid":{"rendered":"https:\/\/www.archspm.org\/prayer-to-st-gerard-majella-for-motherhood\/"},"modified":"2019-12-26T23:07:31","modified_gmt":"2019-12-27T04:07:31","slug":"prayer-to-st-gerard-majella-for-motherhood","status":"publish","type":"page","link":"https:\/\/www.archspm.org\/es\/prayer-to-st-gerard-majella-for-motherhood\/","title":{"rendered":"Oraci\u00f3n a San Gerardo Majella por la maternidad"},"content":{"rendered":"<h1 class=\"entry-title\">Oraci\u00f3n a San Gerardo Majella por la maternidad<\/h1>\n<div class=\"entry-content\">\n<p>Oh, buen San Gerardo,<br \/>\npoderoso intercesor ante Dios<br \/>\ny milagroso de nuestros d\u00edas,<br \/>\nTe invoco y busco tu ayuda.<br \/>\nT\u00fa, que en la tierra siempre cumpliste el designio de Dios<br \/>\nAy\u00fadame a cumplir la Santa Voluntad de Dios.<br \/>\nRuega al Se\u00f1or de la Vida,<br \/>\nde quien procede toda paternidad<br \/>\npara hacerme fecundo en descendencia,<br \/>\npara que pueda criar a mis hijos para Dios en esta vida.<br \/>\ny herederos del Reino de Su gloria en el mundo venidero.<\/p>\n<p>Am\u00e9n.<\/p>\n<p>&nbsp;<\/p>\n<p><em>Utilizado de conformidad con el Aviso de Copyright, 2012.<\/em><\/p>\n<p>Visite el\u00a0<a href=\"http:\/\/www.catholicdoors.com\/\" target=\"_blank\" rel=\"noopener noreferrer\">Ministerio de Puertas Cat\u00f3licas<\/a>\u00a0para m\u00e1s informaci\u00f3n.<\/p>\n<p>Para m\u00e1s oraciones cat\u00f3licas y recursos adicionales, visite la p\u00e1gina\u00a0<a href=\"https:\/\/www.ewtn.com\/catholicism\/devotions\/prayers-69\" target=\"_blank\" rel=\"noopener noreferrer\">P\u00e1gina web de EWTN<\/a>.<\/p>\n<\/div>","protected":false},"excerpt":{"rendered":"<p>Prayer to St. Gerard Majella for Motherhood O good St. Gerard, powerful intercessor before God and Wonder-worker of our day, I call upon thee and seek thy aid. Thou who on earth didst always fulfill God\u2019s design help me to do the Holy Will of God. Beseech the Master of Life, from Whom all paternity [&hellip;]<\/p>\n","protected":false},"author":2,"featured_media":6958,"parent":0,"menu_order":0,"comment_status":"closed","ping_status":"closed","template":"","meta":{"footnotes":""},"class_list":["post-1243","page","type-page","status-publish","has-post-thumbnail","hentry"],"_links":{"self":[{"href":"https:\/\/www.archspm.org\/es\/wp-json\/wp\/v2\/pages\/1243","targetHints":{"allow":["GET"]}}],"collection":[{"href":"https:\/\/www.archspm.org\/es\/wp-json\/wp\/v2\/pages"}],"about":[{"href":"https:\/\/www.archspm.org\/es\/wp-json\/wp\/v2\/types\/page"}],"author":[{"embeddable":true,"href":"https:\/\/www.archspm.org\/es\/wp-json\/wp\/v2\/users\/2"}],"replies":[{"embeddable":true,"href":"https:\/\/www.archspm.org\/es\/wp-json\/wp\/v2\/comments?post=1243"}],"version-history":[{"count":0,"href":"https:\/\/www.archspm.org\/es\/wp-json\/wp\/v2\/pages\/1243\/revisions"}],"wp:featuredmedia":[{"embeddable":true,"href":"https:\/\/www.archspm.org\/es\/wp-json\/wp\/v2\/media\/6958"}],"wp:attachment":[{"href":"https:\/\/www.archspm.org\/es\/wp-json\/wp\/v2\/media?parent=1243"}],"curies":[{"name":"wp","href":"https:\/\/api.w.org\/{rel}","templated":true}]}}