{"id":1244,"date":"2019-12-26T23:08:46","date_gmt":"2019-12-27T04:08:46","guid":{"rendered":"https:\/\/www.archspm.org\/parents-prayer-to-st-joseph\/"},"modified":"2019-12-26T23:08:46","modified_gmt":"2019-12-27T04:08:46","slug":"parents-prayer-to-st-joseph","status":"publish","type":"page","link":"https:\/\/www.archspm.org\/es\/parents-prayer-to-st-joseph\/","title":{"rendered":"Oraci\u00f3n de los padres a San Jos\u00e9"},"content":{"rendered":"<h1 class=\"entry-title\">Oraci\u00f3n de los padres a San Jos\u00e9<\/h1>\n<div class=\"entry-content\">\n<p>Oh glorioso San Jos\u00e9,<br \/>\nA ti Dios te confi\u00f3 el cuidado<br \/>\nde su Hijo unig\u00e9nito<br \/>\nen medio de los muchos peligros de este mundo.<br \/>\nNosotros vamos a ti<br \/>\ny te pedimos que los tomes bajo tu especial protecci\u00f3n<br \/>\nlos hijos que Dios nos ha dado.<br \/>\nA trav\u00e9s del santo bautismo<br \/>\nse convirtieron en hijos de Dios<br \/>\ny los miembros de su santa Iglesia.<br \/>\nHoy los consagramos a ti,<br \/>\nque a trav\u00e9s de esta consagraci\u00f3n<br \/>\npueden convertirse en tus hijos adoptivos.<br \/>\nGu\u00e1rdalos,<br \/>\nguiar sus pasos en la vida,<br \/>\nformar sus corazones<br \/>\ntras los corazones de Jes\u00fas y Mar\u00eda.<\/p>\n<p>San Jos\u00e9,<br \/>\nquien sinti\u00f3 la angustia y la preocupaci\u00f3n de un padre<br \/>\ncuando se perdi\u00f3 el ni\u00f1o Jes\u00fas,<br \/>\nproteger a nuestros queridos hijos por el tiempo y la eternidad.<br \/>\nQue seas su padre y su consejero.<br \/>\nQue lo hagan, como Jes\u00fas.,<br \/>\ncrecer en edad, sabidur\u00eda y gracia<br \/>\nante Dios y los hombres.<br \/>\nPres\u00e9rvalos de la corrupci\u00f3n de su mundo,<br \/>\ny danos la gracia de estar unidos alg\u00fan d\u00eda.<br \/>\ncon ellos en el cielo para siempre.<\/p>\n<p>Am\u00e9n.<\/p>\n<p>&nbsp;<\/p>\n<p><em>Utilizado de conformidad con el Aviso de Copyright, 2012.<\/em><\/p>\n<p>Visite el\u00a0<a href=\"http:\/\/www.catholicdoors.com\/\" target=\"_blank\" rel=\"noopener noreferrer\">Ministerio de Puertas Cat\u00f3licas<\/a>\u00a0para m\u00e1s informaci\u00f3n.<\/p>\n<p>Para m\u00e1s oraciones cat\u00f3licas y recursos adicionales, visite la p\u00e1gina\u00a0<a href=\"https:\/\/www.ewtn.com\/catholicism\/devotions\/prayers-69\" target=\"_blank\" rel=\"noopener noreferrer\">P\u00e1gina web de EWTN<\/a>.<\/p>\n<\/div>","protected":false},"excerpt":{"rendered":"<p>Parent\u2019s Prayer to St. Joseph O glorious St. Joseph, to you God committed the care of His only begotten Son amid the many dangers of this world. We come to you and ask you to take under your special protection the children God has given us. Through holy baptism they became children of God and [&hellip;]<\/p>\n","protected":false},"author":2,"featured_media":6958,"parent":0,"menu_order":0,"comment_status":"closed","ping_status":"closed","template":"","meta":{"footnotes":""},"class_list":["post-1244","page","type-page","status-publish","has-post-thumbnail","hentry"],"_links":{"self":[{"href":"https:\/\/www.archspm.org\/es\/wp-json\/wp\/v2\/pages\/1244","targetHints":{"allow":["GET"]}}],"collection":[{"href":"https:\/\/www.archspm.org\/es\/wp-json\/wp\/v2\/pages"}],"about":[{"href":"https:\/\/www.archspm.org\/es\/wp-json\/wp\/v2\/types\/page"}],"author":[{"embeddable":true,"href":"https:\/\/www.archspm.org\/es\/wp-json\/wp\/v2\/users\/2"}],"replies":[{"embeddable":true,"href":"https:\/\/www.archspm.org\/es\/wp-json\/wp\/v2\/comments?post=1244"}],"version-history":[{"count":0,"href":"https:\/\/www.archspm.org\/es\/wp-json\/wp\/v2\/pages\/1244\/revisions"}],"wp:featuredmedia":[{"embeddable":true,"href":"https:\/\/www.archspm.org\/es\/wp-json\/wp\/v2\/media\/6958"}],"wp:attachment":[{"href":"https:\/\/www.archspm.org\/es\/wp-json\/wp\/v2\/media?parent=1244"}],"curies":[{"name":"wp","href":"https:\/\/api.w.org\/{rel}","templated":true}]}}