{"id":1245,"date":"2019-12-26T23:10:21","date_gmt":"2019-12-27T04:10:21","guid":{"rendered":"https:\/\/www.archspm.org\/prayer-to-st-joseph-to-know-ones-vocation\/"},"modified":"2019-12-26T23:10:21","modified_gmt":"2019-12-27T04:10:21","slug":"prayer-to-st-joseph-to-know-ones-vocation","status":"publish","type":"page","link":"https:\/\/www.archspm.org\/es\/prayer-to-st-joseph-to-know-ones-vocation\/","title":{"rendered":"Oraci\u00f3n a San Jos\u00e9 para conocer la propia vocaci\u00f3n"},"content":{"rendered":"<h1 class=\"entry-title\">Oraci\u00f3n a San Jos\u00e9 para conocer la propia vocaci\u00f3n<\/h1>\n<div class=\"entry-content\">\n<p>Oh, gran San Jos\u00e9,<br \/>\nFuiste completamente obediente.<br \/>\na la gu\u00eda del Esp\u00edritu Santo.<br \/>\nObt\u00e9n para m\u00ed la gracia de saber<br \/>\nel estado de vida que Dios<br \/>\nque en su providencia ha elegido para m\u00ed.<br \/>\nDesde mi felicidad en la tierra,<br \/>\ny tal vez incluso mi felicidad final en el cielo,<br \/>\ndepende de esta elecci\u00f3n,<br \/>\nNo me dejes enga\u00f1ar al hacerlo.<\/p>\n<p>Obt\u00e9n para m\u00ed la luz para conocer la voluntad de Dios,<br \/>\npara llevarlo a cabo fielmente,<br \/>\ny elegir la vocaci\u00f3n<br \/>\nque me llevar\u00e1 a una eternidad feliz.<\/p>\n<p>&nbsp;<\/p>\n<p><em>Utilizado de conformidad con el Aviso de Copyright, 2012.<\/em><\/p>\n<p>Visite el\u00a0<a href=\"http:\/\/www.catholicdoors.com\/\" target=\"_blank\" rel=\"noopener noreferrer\">Ministerio de Puertas Cat\u00f3licas<\/a>\u00a0para m\u00e1s informaci\u00f3n.<\/p>\n<p>Para m\u00e1s oraciones cat\u00f3licas y recursos adicionales, visite la p\u00e1gina\u00a0<a href=\"https:\/\/www.ewtn.com\/catholicism\/devotions\/prayers-69\" target=\"_blank\" rel=\"noopener noreferrer\">P\u00e1gina web de EWTN<\/a>.<\/p>\n<\/div>","protected":false},"excerpt":{"rendered":"<p>Prayer to St. Joseph to Know One\u2019s Vocation O Great Saint Joseph, you were completely obedient to the guidance of the Holy Spirit. Obtain for me the grace to know the state of life that God in His providence has chosen for me. Since my happiness on earth, and perhaps even my final happiness in [&hellip;]<\/p>\n","protected":false},"author":2,"featured_media":6958,"parent":0,"menu_order":0,"comment_status":"closed","ping_status":"closed","template":"","meta":{"footnotes":""},"class_list":["post-1245","page","type-page","status-publish","has-post-thumbnail","hentry"],"_links":{"self":[{"href":"https:\/\/www.archspm.org\/es\/wp-json\/wp\/v2\/pages\/1245","targetHints":{"allow":["GET"]}}],"collection":[{"href":"https:\/\/www.archspm.org\/es\/wp-json\/wp\/v2\/pages"}],"about":[{"href":"https:\/\/www.archspm.org\/es\/wp-json\/wp\/v2\/types\/page"}],"author":[{"embeddable":true,"href":"https:\/\/www.archspm.org\/es\/wp-json\/wp\/v2\/users\/2"}],"replies":[{"embeddable":true,"href":"https:\/\/www.archspm.org\/es\/wp-json\/wp\/v2\/comments?post=1245"}],"version-history":[{"count":0,"href":"https:\/\/www.archspm.org\/es\/wp-json\/wp\/v2\/pages\/1245\/revisions"}],"wp:featuredmedia":[{"embeddable":true,"href":"https:\/\/www.archspm.org\/es\/wp-json\/wp\/v2\/media\/6958"}],"wp:attachment":[{"href":"https:\/\/www.archspm.org\/es\/wp-json\/wp\/v2\/media?parent=1245"}],"curies":[{"name":"wp","href":"https:\/\/api.w.org\/{rel}","templated":true}]}}