{"id":1247,"date":"2019-12-26T23:13:23","date_gmt":"2019-12-27T04:13:23","guid":{"rendered":"https:\/\/www.archspm.org\/prayer-to-st-michael-the-archangel\/"},"modified":"2019-12-26T23:13:23","modified_gmt":"2019-12-27T04:13:23","slug":"prayer-to-st-michael-the-archangel","status":"publish","type":"page","link":"https:\/\/www.archspm.org\/es\/prayer-to-st-michael-the-archangel\/","title":{"rendered":"Oraci\u00f3n a San Miguel Arc\u00e1ngel"},"content":{"rendered":"<h1 class=\"entry-title\">Oraci\u00f3n a San Miguel Arc\u00e1ngel<\/h1>\n<div class=\"entry-content\">\n<p>San Miguel Arc\u00e1ngel,<br \/>\ndefi\u00e9ndenos en la batalla.<br \/>\nS\u00e9 nuestra defensa contra la maldad y las trampas del diablo.<br \/>\nQue Dios lo reprenda, humildemente rogamos,<br \/>\ny haz t\u00fa,<br \/>\nOh, Pr\u00edncipe de las huestes celestiales,<br \/>\npor el poder de Dios,<br \/>\narroj\u00f3 a Satan\u00e1s al infierno,<br \/>\ny todos los esp\u00edritus malignos,<br \/>\nque merodean por el mundo<br \/>\nbuscando la ruina de las almas.<\/p>\n<p>Am\u00e9n.<\/p>\n<p>&nbsp;<\/p>\n<p><em>Utilizado de conformidad con el Aviso de Copyright, 2012.<\/em><\/p>\n<p>Visite el\u00a0<a href=\"http:\/\/www.catholicdoors.com\/\" target=\"_blank\" rel=\"noopener noreferrer\">Ministerio de Puertas Cat\u00f3licas<\/a>\u00a0para m\u00e1s informaci\u00f3n.<\/p>\n<p>Para m\u00e1s oraciones cat\u00f3licas y recursos adicionales, visite la p\u00e1gina\u00a0<a href=\"https:\/\/www.ewtn.com\/catholicism\/devotions\/prayers-69\" target=\"_blank\" rel=\"noopener noreferrer\">P\u00e1gina web de EWTN<\/a>.<\/p>\n<\/div>","protected":false},"excerpt":{"rendered":"<p>Prayer to St. Michael the Archangel St. Michael the Archangel, defend us in battle. Be our defense against the wickedness and snares of the Devil. May God rebuke him, we humbly pray, and do thou, O Prince of the heavenly hosts, by the power of God, thrust into hell Satan, and all the evil spirits, [&hellip;]<\/p>\n","protected":false},"author":2,"featured_media":6958,"parent":0,"menu_order":0,"comment_status":"closed","ping_status":"closed","template":"","meta":{"footnotes":""},"class_list":["post-1247","page","type-page","status-publish","has-post-thumbnail","hentry"],"_links":{"self":[{"href":"https:\/\/www.archspm.org\/es\/wp-json\/wp\/v2\/pages\/1247","targetHints":{"allow":["GET"]}}],"collection":[{"href":"https:\/\/www.archspm.org\/es\/wp-json\/wp\/v2\/pages"}],"about":[{"href":"https:\/\/www.archspm.org\/es\/wp-json\/wp\/v2\/types\/page"}],"author":[{"embeddable":true,"href":"https:\/\/www.archspm.org\/es\/wp-json\/wp\/v2\/users\/2"}],"replies":[{"embeddable":true,"href":"https:\/\/www.archspm.org\/es\/wp-json\/wp\/v2\/comments?post=1247"}],"version-history":[{"count":0,"href":"https:\/\/www.archspm.org\/es\/wp-json\/wp\/v2\/pages\/1247\/revisions"}],"wp:featuredmedia":[{"embeddable":true,"href":"https:\/\/www.archspm.org\/es\/wp-json\/wp\/v2\/media\/6958"}],"wp:attachment":[{"href":"https:\/\/www.archspm.org\/es\/wp-json\/wp\/v2\/media?parent=1247"}],"curies":[{"name":"wp","href":"https:\/\/api.w.org\/{rel}","templated":true}]}}