{"id":1248,"date":"2019-12-26T23:15:04","date_gmt":"2019-12-27T04:15:04","guid":{"rendered":"https:\/\/www.archspm.org\/prayer-to-st-jude-for-a-sick-child\/"},"modified":"2019-12-26T23:15:04","modified_gmt":"2019-12-27T04:15:04","slug":"prayer-to-st-jude-for-a-sick-child","status":"publish","type":"page","link":"https:\/\/www.archspm.org\/es\/prayer-to-st-jude-for-a-sick-child\/","title":{"rendered":"Oraci\u00f3n a San Judas por un ni\u00f1o enfermo"},"content":{"rendered":"<h1 class=\"entry-title\">Oraci\u00f3n a San Judas por un ni\u00f1o enfermo<\/h1>\n<div class=\"entry-content\">\n<p>San Judas, glorioso ap\u00f3stol, fiel servidor y amigo de Jes\u00fas,<br \/>\nel patr\u00f3n de los casos desesperados, de las cosas perdidas,<br \/>\nReza por nuestro hijo, que est\u00e1 enfermo y se siente muy triste.<br \/>\nTe rogamos que hagas uso de este privilegio especial que se te ha concedido,<br \/>\npara llevar ayuda visible y r\u00e1pida all\u00ed donde casi se ha perdido la esperanza de recibirla.<br \/>\nAcude en nuestra ayuda en este momento de gran necesidad,<br \/>\npara que pueda recibir el consuelo y el socorro del Cielo.<br \/>\nen todas mis necesidades, tribulaciones y sufrimientos,<br \/>\nespecialmente para ayudar a nuestro hijo a recuperarse de su enfermedad.<br \/>\ny darle buena salud.<br \/>\ny para guiar su camino,<br \/>\ny que podamos bendecir a Dios con ustedes.<br \/>\ny todos los elegidos para siempre.<br \/>\nTe lo prometo, oh bendito San Judas,<br \/>\nser siempre consciente de este gran favor,<br \/>\ny nunca dejar\u00e9 de honrarte.<br \/>\ncomo mi patr\u00f3n especial y poderoso<br \/>\ny hacer todo lo que est\u00e9 en mi mano para fomentar la devoci\u00f3n hacia ti.<\/p>\n<p>Am\u00e9n.<\/p>\n<p>&nbsp;<\/p>\n<p><em>Utilizado de conformidad con el Aviso de Copyright, 2012.<\/em><\/p>\n<p>Visite el\u00a0<a href=\"http:\/\/www.catholicdoors.com\/\" target=\"_blank\" rel=\"noopener noreferrer\">Ministerio de Puertas Cat\u00f3licas<\/a>\u00a0para m\u00e1s informaci\u00f3n.<\/p>\n<p>Para m\u00e1s oraciones cat\u00f3licas y recursos adicionales, visite la p\u00e1gina\u00a0<a href=\"https:\/\/www.ewtn.com\/catholicism\/devotions\/prayers-69\" target=\"_blank\" rel=\"noopener noreferrer\">P\u00e1gina web de EWTN<\/a>.<\/p>\n<\/div>","protected":false},"excerpt":{"rendered":"<p>Prayer to St. Jude for a Sick Child St. Jude, the glorious apostle faithful servant and friend of Jesus, the patron of hopeless cases of things despaired of, pray for our child who is sick and so miserable. Make use we implore you of this particular privilege accorded to you, to bring visible and speedy [&hellip;]<\/p>\n","protected":false},"author":2,"featured_media":6958,"parent":0,"menu_order":0,"comment_status":"closed","ping_status":"closed","template":"","meta":{"footnotes":""},"class_list":["post-1248","page","type-page","status-publish","has-post-thumbnail","hentry"],"_links":{"self":[{"href":"https:\/\/www.archspm.org\/es\/wp-json\/wp\/v2\/pages\/1248","targetHints":{"allow":["GET"]}}],"collection":[{"href":"https:\/\/www.archspm.org\/es\/wp-json\/wp\/v2\/pages"}],"about":[{"href":"https:\/\/www.archspm.org\/es\/wp-json\/wp\/v2\/types\/page"}],"author":[{"embeddable":true,"href":"https:\/\/www.archspm.org\/es\/wp-json\/wp\/v2\/users\/2"}],"replies":[{"embeddable":true,"href":"https:\/\/www.archspm.org\/es\/wp-json\/wp\/v2\/comments?post=1248"}],"version-history":[{"count":0,"href":"https:\/\/www.archspm.org\/es\/wp-json\/wp\/v2\/pages\/1248\/revisions"}],"wp:featuredmedia":[{"embeddable":true,"href":"https:\/\/www.archspm.org\/es\/wp-json\/wp\/v2\/media\/6958"}],"wp:attachment":[{"href":"https:\/\/www.archspm.org\/es\/wp-json\/wp\/v2\/media?parent=1248"}],"curies":[{"name":"wp","href":"https:\/\/api.w.org\/{rel}","templated":true}]}}