{"id":1249,"date":"2019-12-26T23:16:51","date_gmt":"2019-12-27T04:16:51","guid":{"rendered":"https:\/\/www.archspm.org\/prayer-to-st-monica-patroness-of-mothers\/"},"modified":"2019-12-26T23:16:51","modified_gmt":"2019-12-27T04:16:51","slug":"prayer-to-st-monica-patroness-of-mothers","status":"publish","type":"page","link":"https:\/\/www.archspm.org\/es\/prayer-to-st-monica-patroness-of-mothers\/","title":{"rendered":"Oraci\u00f3n a Santa M\u00f3nica, Patrona de las Madres"},"content":{"rendered":"<h1 class=\"entry-title\">Oraci\u00f3n a Santa M\u00f3nica, Patrona de las Madres<\/h1>\n<div class=\"entry-content\">\n<p>Beata M\u00f3nica, madre de San Agust\u00edn,<br \/>\nDamos gracias a nuestro Padre Celestial.<br \/>\n\u00bfQui\u00e9n mir\u00f3 con misericordia tus l\u00e1grimas?<br \/>\npor tu hijo rebelde.<br \/>\nSu conversi\u00f3n y heroica santificaci\u00f3n<br \/>\nfueron fruto de tus oraciones.<\/p>\n<p>Querida Santa M\u00f3nica<br \/>\nAhora les pedimos que recen con nosotros.<br \/>\npara todos aquellos hijos e hijas que se han alejado de Dios,<br \/>\ny unir tus oraciones a las de todas las madres<br \/>\nque est\u00e1n preocupados por sus hijos.<br \/>\nOren tambi\u00e9n por nosotros, para que,<br \/>\nsiguiendo tu ejemplo, podemos,<br \/>\nen compa\u00f1\u00eda de nuestros hijos,<br \/>\nun d\u00eda disfrutaremos de la visi\u00f3n eterna de nuestro Padre Celestial.<\/p>\n<p>Am\u00e9n.<\/p>\n<p>&nbsp;<\/p>\n<p><em>Utilizado de conformidad con el Aviso de Copyright, 2012.<\/em><\/p>\n<p>Visite el\u00a0<a href=\"http:\/\/www.catholicdoors.com\/\" target=\"_blank\" rel=\"noopener noreferrer\">Ministerio de Puertas Cat\u00f3licas<\/a>\u00a0para m\u00e1s informaci\u00f3n.<\/p>\n<p>Para m\u00e1s oraciones cat\u00f3licas y recursos adicionales, visite la p\u00e1gina\u00a0<a href=\"https:\/\/www.ewtn.com\/catholicism\/devotions\/prayers-69\" target=\"_blank\" rel=\"noopener noreferrer\">P\u00e1gina web de EWTN<\/a>.<\/p>\n<\/div>","protected":false},"excerpt":{"rendered":"<p>Prayer to St. Monica, Patroness of Mothers Blessed Monica, mother of St. Augustine, we give thanks to our Father in Heaven Who looked with mercy upon your tears over your wayward son. His conversion and heroic sanctification were the fruit of your prayers. Dear St. Monica we now ask you to pray with us for [&hellip;]<\/p>\n","protected":false},"author":2,"featured_media":6958,"parent":0,"menu_order":0,"comment_status":"closed","ping_status":"closed","template":"","meta":{"footnotes":""},"class_list":["post-1249","page","type-page","status-publish","has-post-thumbnail","hentry"],"_links":{"self":[{"href":"https:\/\/www.archspm.org\/es\/wp-json\/wp\/v2\/pages\/1249","targetHints":{"allow":["GET"]}}],"collection":[{"href":"https:\/\/www.archspm.org\/es\/wp-json\/wp\/v2\/pages"}],"about":[{"href":"https:\/\/www.archspm.org\/es\/wp-json\/wp\/v2\/types\/page"}],"author":[{"embeddable":true,"href":"https:\/\/www.archspm.org\/es\/wp-json\/wp\/v2\/users\/2"}],"replies":[{"embeddable":true,"href":"https:\/\/www.archspm.org\/es\/wp-json\/wp\/v2\/comments?post=1249"}],"version-history":[{"count":0,"href":"https:\/\/www.archspm.org\/es\/wp-json\/wp\/v2\/pages\/1249\/revisions"}],"wp:featuredmedia":[{"embeddable":true,"href":"https:\/\/www.archspm.org\/es\/wp-json\/wp\/v2\/media\/6958"}],"wp:attachment":[{"href":"https:\/\/www.archspm.org\/es\/wp-json\/wp\/v2\/media?parent=1249"}],"curies":[{"name":"wp","href":"https:\/\/api.w.org\/{rel}","templated":true}]}}