{"id":1250,"date":"2019-12-26T23:21:17","date_gmt":"2019-12-27T04:21:17","guid":{"rendered":"https:\/\/www.archspm.org\/prayer-to-st-paul-for-patience\/"},"modified":"2019-12-26T23:21:17","modified_gmt":"2019-12-27T04:21:17","slug":"prayer-to-st-paul-for-patience","status":"publish","type":"page","link":"https:\/\/www.archspm.org\/es\/prayer-to-st-paul-for-patience\/","title":{"rendered":"Oraci\u00f3n a San Pablo por la paciencia"},"content":{"rendered":"<h1 class=\"entry-title\">Oraci\u00f3n a San Pablo por la paciencia<\/h1>\n<div class=\"entry-content\">\n<p>Oh, glorioso San Pablo,<br \/>\nquien, de ser un perseguidor del cristianismo,<br \/>\nse convirti\u00f3 en un ap\u00f3stol del celo de lo m\u00e1s ferviente;<br \/>\ny dar a conocer al Salvador Jesucristo<br \/>\nhasta los confines del mundo soport\u00f3 con alegr\u00eda el encarcelamiento,<br \/>\nazotes, lapidaciones, naufragios<br \/>\ny persecuciones de todo tipo,<br \/>\ny al final derramaste tu sangre hasta la \u00faltima gota,<br \/>\ncons\u00edguenos la gracia de recibir,<br \/>\ncomo favores de la Divina Misericordia,<br \/>\nenfermedades, tribulaciones,<br \/>\ny las desgracias de la vida presente,<br \/>\npara que las vicisitudes de este nuestro exilio<br \/>\nno nos har\u00e1 perder el entusiasmo en el servicio a Dios,<br \/>\npero nos har\u00e1 cada vez m\u00e1s fieles y fervientes.<\/p>\n<p>Am\u00e9n.<\/p>\n<p>&nbsp;<\/p>\n<p><em>Utilizado de conformidad con el Aviso de Copyright, 2012.<\/em><\/p>\n<p>Visite el\u00a0<a href=\"http:\/\/www.catholicdoors.com\/\" target=\"_blank\" rel=\"noopener noreferrer\">Ministerio de Puertas Cat\u00f3licas<\/a>\u00a0para m\u00e1s informaci\u00f3n.<\/p>\n<p>Para m\u00e1s oraciones cat\u00f3licas y recursos adicionales, visite la p\u00e1gina\u00a0<a href=\"https:\/\/www.ewtn.com\/catholicism\/devotions\/prayers-69\" target=\"_blank\" rel=\"noopener noreferrer\">P\u00e1gina web de EWTN<\/a>.<\/p>\n<\/div>","protected":false},"excerpt":{"rendered":"<p>Prayer to St. Paul for Patience O glorious St. Paul, who from a persecutor of Christianity, did become a most ardent apostle of zeal; and who to make known the Saviour Jesus Christ to the ends of the world did suffer with joy imprisonment, scourging, stonings, shipwrecks and persecutions of every kind, and in the [&hellip;]<\/p>\n","protected":false},"author":2,"featured_media":6958,"parent":0,"menu_order":0,"comment_status":"closed","ping_status":"closed","template":"","meta":{"footnotes":""},"class_list":["post-1250","page","type-page","status-publish","has-post-thumbnail","hentry"],"_links":{"self":[{"href":"https:\/\/www.archspm.org\/es\/wp-json\/wp\/v2\/pages\/1250","targetHints":{"allow":["GET"]}}],"collection":[{"href":"https:\/\/www.archspm.org\/es\/wp-json\/wp\/v2\/pages"}],"about":[{"href":"https:\/\/www.archspm.org\/es\/wp-json\/wp\/v2\/types\/page"}],"author":[{"embeddable":true,"href":"https:\/\/www.archspm.org\/es\/wp-json\/wp\/v2\/users\/2"}],"replies":[{"embeddable":true,"href":"https:\/\/www.archspm.org\/es\/wp-json\/wp\/v2\/comments?post=1250"}],"version-history":[{"count":0,"href":"https:\/\/www.archspm.org\/es\/wp-json\/wp\/v2\/pages\/1250\/revisions"}],"wp:featuredmedia":[{"embeddable":true,"href":"https:\/\/www.archspm.org\/es\/wp-json\/wp\/v2\/media\/6958"}],"wp:attachment":[{"href":"https:\/\/www.archspm.org\/es\/wp-json\/wp\/v2\/media?parent=1250"}],"curies":[{"name":"wp","href":"https:\/\/api.w.org\/{rel}","templated":true}]}}