{"id":1251,"date":"2019-12-26T23:23:07","date_gmt":"2019-12-27T04:23:07","guid":{"rendered":"https:\/\/www.archspm.org\/prayer-to-st-peregrine-patron-of-cancer-patients\/"},"modified":"2025-07-24T12:02:52","modified_gmt":"2025-07-24T16:02:52","slug":"prayer-to-st-peregrine-patron-of-cancer-patients","status":"publish","type":"page","link":"https:\/\/www.archspm.org\/es\/prayer-to-st-peregrine-patron-of-cancer-patients\/","title":{"rendered":"Oraci\u00f3n a San Peregrino, Patr\u00f3n de los enfermos de c\u00e1ncer"},"content":{"rendered":"<div data-elementor-type=\"wp-page\" data-elementor-id=\"1251\" class=\"elementor elementor-1251\" data-elementor-post-type=\"page\">\n\t\t\t\t<div class=\"elementor-element elementor-element-2df40a9 e-flex e-con-boxed e-con e-parent\" data-id=\"2df40a9\" data-element_type=\"container\" data-e-type=\"container\" data-settings=\"{&quot;background_background&quot;:&quot;classic&quot;,&quot;jet_parallax_layout_list&quot;:[]}\">\n\t\t\t\t\t<div class=\"e-con-inner\">\n\t\t<div class=\"elementor-element elementor-element-6daae43 e-con-full e-flex e-con e-child\" data-id=\"6daae43\" data-element_type=\"container\" data-e-type=\"container\" data-settings=\"{&quot;jet_parallax_layout_list&quot;:[]}\">\n\t\t\t\t<div class=\"elementor-element elementor-element-588c563 elementor-widget elementor-widget-image\" data-id=\"588c563\" data-element_type=\"widget\" data-e-type=\"widget\" data-widget_type=\"image.default\">\n\t\t\t\t\t\t\t\t\t\t\t\t\t\t\t<img decoding=\"async\" width=\"150\" height=\"150\" src=\"https:\/\/www.archspm.org\/wp-content\/uploads\/2025\/07\/Archbishop-Hebda_sm-e1752783360797-150x150.jpg\" class=\"attachment-thumbnail size-thumbnail wp-image-9864\" alt=\"\" srcset=\"https:\/\/www.archspm.org\/wp-content\/uploads\/2025\/07\/Archbishop-Hebda_sm-e1752783360797-150x150.jpg 150w, https:\/\/www.archspm.org\/wp-content\/uploads\/2025\/07\/Archbishop-Hebda_sm-e1752783360797-300x300.jpg 300w, https:\/\/www.archspm.org\/wp-content\/uploads\/2025\/07\/Archbishop-Hebda_sm-e1752783360797-768x768.jpg 768w, https:\/\/www.archspm.org\/wp-content\/uploads\/2025\/07\/Archbishop-Hebda_sm-e1752783360797-12x12.jpg 12w, https:\/\/www.archspm.org\/wp-content\/uploads\/2025\/07\/Archbishop-Hebda_sm-e1752783360797-400x400.jpg 400w, https:\/\/www.archspm.org\/wp-content\/uploads\/2025\/07\/Archbishop-Hebda_sm-e1752783360797-600x600.jpg 600w, https:\/\/www.archspm.org\/wp-content\/uploads\/2025\/07\/Archbishop-Hebda_sm-e1752783360797.jpg 858w\" sizes=\"(max-width: 150px) 100vw, 150px\" \/>\t\t\t\t\t\t\t\t\t\t\t\t\t\t\t<\/div>\n\t\t\t\t<\/div>\n\t\t<div class=\"elementor-element elementor-element-a204652 e-con-full e-flex e-con e-child\" data-id=\"a204652\" data-element_type=\"container\" data-e-type=\"container\" data-settings=\"{&quot;jet_parallax_layout_list&quot;:[]}\">\n\t\t\t\t<div class=\"elementor-element elementor-element-7964cb0 elementor-widget elementor-widget-text-editor\" data-id=\"7964cb0\" data-element_type=\"widget\" data-e-type=\"widget\" data-widget_type=\"text-editor.default\">\n\t\t\t\t\t\t\t\t\t<h2 style=\"text-align: left;\"><span style=\"color: #c39519;\"><strong><a style=\"color: #c39519;\" href=\"https:\/\/www.archspm.org\/es\/togetheronthejourney\/\">\u00a1Suscr\u00edbase a Juntos en el viaje del arzobispo Hebda!<\/a><\/strong><\/span><\/h2><p><span class=\"ui-provider en ccw bzq ccx ccy ccz cda cdb cdc cdd cde cdf cdg cdh cdi cdj cdk cdl cdm cdn cdo cdp cdq cdr cds cdt cdu cdv cdw cdx cdy cdz cea ceb cec\" dir=\"ltr\" style=\"color: #ffffff;\"> Reciba un v\u00eddeo mensual y actualizaciones semanales del arzobispo Bernard Hebda. <span style=\"text-decoration: underline;\"><strong><a class=\"fui-Link ___1eya986 f3rmtva f1ewtqcl fyind8e f1k6fduh f1w7gpdv fk6fouc fjoy568 figsok6 f1hu3pq6 f11qmguv f19f4twv f1tyq0we f1g0x7ka fhxju0i f1qch9an f1cnd47f fqv5qza f1vmzxwi f1o700av f13mvf36 f1cmlufx f9n3di6 f1ids18y f1tx3yz7 f1deo86v f1eh06m1 f1iescvh fhgqx19 f1olyrje f1p93eir f1nev41a f1h8hb77 f1x7u7e9 f10aw75t fsle3fq f17ae5zn\" style=\"color: #ffffff; text-decoration: underline;\" title=\"https:\/\/www.archspm.org\/togetheronthejourney\" href=\"https:\/\/www.archspm.org\/es\/togetheronthejourney\/\" target=\"_blank\" rel=\"noreferrer noopener\" aria-label=\"Enlace \u00a1Inscr\u00edbete aqu\u00ed!\">Inscr\u00edbete aqu\u00ed<\/a><\/strong><\/span><\/span><\/p>\t\t\t\t\t\t\t\t<\/div>\n\t\t\t\t<\/div>\n\t\t\t\t\t<\/div>\n\t\t\t\t<\/div>\n\t\t<div class=\"elementor-element elementor-element-6fb6ac53 e-flex e-con-boxed e-con e-parent\" data-id=\"6fb6ac53\" data-element_type=\"container\" data-e-type=\"container\" data-settings=\"{&quot;jet_parallax_layout_list&quot;:[]}\">\n\t\t\t\t\t<div class=\"e-con-inner\">\n\t\t\t\t<div class=\"elementor-element elementor-element-21ae7236 elementor-widget elementor-widget-text-editor\" data-id=\"21ae7236\" data-element_type=\"widget\" data-e-type=\"widget\" data-widget_type=\"text-editor.default\">\n\t\t\t\t\t\t\t\t\t<h1 class=\"entry-title\">Oraci\u00f3n a San Peregrino, Patr\u00f3n de los enfermos de c\u00e1ncer<\/h1><div class=\"entry-content\"><p>Glorioso hacedor de milagros, San Peregrino,<br \/>Respondiste al llamado divino.<br \/>Con esp\u00edritu dispuesto,<br \/>Y renunci\u00f3 a todas las comodidades del mundo.<br \/>Dedicarse a Dios<br \/>En la Orden de Su Sant\u00edsima Madre.<\/p><p>Trabajaste con valent\u00eda.<br \/>Por la salvaci\u00f3n de las almas;<br \/>Y en uni\u00f3n con Jes\u00fas crucificado<br \/>Sufriste los dolores m\u00e1s intensos.<br \/>Con tanta paciencia<br \/>Como para merecer ser<br \/>Curado milagrosamente<br \/>De un c\u00e1ncer incurable<br \/>En tu pierna con un toque<br \/>De su mano divina.<\/p><p>Cons\u00edgueme<br \/>La gracia de responder<br \/>Cada llamada de Dios<br \/>Y para cumplir Su Voluntad<br \/>En todos los acontecimientos de la vida.<\/p><p>Enciende en mi coraz\u00f3n<br \/>Un celo consumista<br \/>Por la salvaci\u00f3n de las almas;<br \/>L\u00edbrame de las debilidades<br \/>que afligen a mi cuerpo<\/p><p>(<em>Indique aqu\u00ed su(s) intenci\u00f3n(es)<\/em>)<\/p><p>Cons\u00edgueme<br \/>Perfecta resignaci\u00f3n ante los sufrimientos<br \/>Quiz\u00e1 Dios quiera enviarme,<br \/>Para que, imitando a nuestro Salvador crucificado<br \/>Y su dolorosa Madre,<br \/>Que merezca la gloria eterna en el cielo. Am\u00e9n.<\/p><p>San Peregrino, ruega por m\u00ed.<br \/>Y para todos los que invocan tu ayuda.<\/p><p>San Peregrino, ruega por m\u00ed.<br \/>Y para todos los que invocan tu ayuda.<\/p><p>San Peregrino, ruega por m\u00ed.<br \/>Y para todos los que invocan tu ayuda.<\/p><p><em>Utilizado de conformidad con el Aviso de Copyright, 2012.<\/em><\/p><p>Visite el\u00a0<a href=\"http:\/\/www.catholicdoors.com\/\" target=\"_blank\" rel=\"noopener noreferrer\">Ministerio de Puertas Cat\u00f3licas<\/a>\u00a0para m\u00e1s informaci\u00f3n.<\/p><p>Para m\u00e1s oraciones cat\u00f3licas y recursos adicionales, visite la p\u00e1gina\u00a0<a href=\"https:\/\/www.ewtn.com\/catholicism\/devotions\/prayers-69\" target=\"_blank\" rel=\"noopener noreferrer\">P\u00e1gina web de EWTN<\/a>.<\/p><\/div>\t\t\t\t\t\t\t\t<\/div>\n\t\t\t\t\t<\/div>\n\t\t\t\t<\/div>\n\t\t\t\t<\/div>","protected":false},"excerpt":{"rendered":"<p>Subscribe to Together on the Journey from Archbishop Hebda! Receive a monthly video plus weekly updates from Archbishop Bernard Hebda. Sign up here! Prayer to St. Peregrine, Patron of Cancer Patients Glorious wonder-worker, St. Peregrine, You answered the divine call With a ready spirit, And forsook all the comforts of the world To dedicate yourself [&hellip;]<\/p>\n","protected":false},"author":2,"featured_media":6958,"parent":0,"menu_order":0,"comment_status":"closed","ping_status":"closed","template":"","meta":{"footnotes":""},"class_list":["post-1251","page","type-page","status-publish","has-post-thumbnail","hentry"],"_links":{"self":[{"href":"https:\/\/www.archspm.org\/es\/wp-json\/wp\/v2\/pages\/1251","targetHints":{"allow":["GET"]}}],"collection":[{"href":"https:\/\/www.archspm.org\/es\/wp-json\/wp\/v2\/pages"}],"about":[{"href":"https:\/\/www.archspm.org\/es\/wp-json\/wp\/v2\/types\/page"}],"author":[{"embeddable":true,"href":"https:\/\/www.archspm.org\/es\/wp-json\/wp\/v2\/users\/2"}],"replies":[{"embeddable":true,"href":"https:\/\/www.archspm.org\/es\/wp-json\/wp\/v2\/comments?post=1251"}],"version-history":[{"count":0,"href":"https:\/\/www.archspm.org\/es\/wp-json\/wp\/v2\/pages\/1251\/revisions"}],"wp:featuredmedia":[{"embeddable":true,"href":"https:\/\/www.archspm.org\/es\/wp-json\/wp\/v2\/media\/6958"}],"wp:attachment":[{"href":"https:\/\/www.archspm.org\/es\/wp-json\/wp\/v2\/media?parent=1251"}],"curies":[{"name":"wp","href":"https:\/\/api.w.org\/{rel}","templated":true}]}}