{"id":1252,"date":"2019-12-26T23:24:30","date_gmt":"2019-12-27T04:24:30","guid":{"rendered":"https:\/\/www.archspm.org\/prayer-to-st-rita-when-in-special-need\/"},"modified":"2019-12-26T23:24:30","modified_gmt":"2019-12-27T04:24:30","slug":"prayer-to-st-rita-when-in-special-need","status":"publish","type":"page","link":"https:\/\/www.archspm.org\/es\/prayer-to-st-rita-when-in-special-need\/","title":{"rendered":"Oraci\u00f3n a Santa Rita en caso de necesidad especial"},"content":{"rendered":"<h1 class=\"entry-title\">Oraci\u00f3n a Santa Rita en caso de necesidad especial<\/h1>\n<div class=\"entry-content\">\n<p>Oh, poderosa Santa Rita,<br \/>\ncon raz\u00f3n conocido como el santo de lo imposible,<br \/>\nAcudo a ti con confianza en mi gran necesidad.<br \/>\nT\u00fa conoces bien mis tribulaciones,<br \/>\npues t\u00fa mismo has tenido que soportar muchas cargas en esta vida.<br \/>\nVen en mi ayuda,<br \/>\nhabla por m\u00ed,<br \/>\nReza conmigo,<br \/>\ninterceda por m\u00ed ante el Padre.<br \/>\nS\u00e9 que Dios tiene un coraz\u00f3n muy generoso<br \/>\ny que es un Padre sumamente amoroso.<br \/>\n\u00danete a mis oraciones<br \/>\ny cons\u00edgueme la gracia que deseo<\/p>\n<p>(<em>Indique aqu\u00ed su intenci\u00f3n<\/em>)<\/p>\n<p>T\u00fa, que tanto agradaste a Dios en la tierra<br \/>\ny lo son a\u00fan m\u00e1s ahora en el cielo,<br \/>\nPrometo hacer uso de este favor, cuando me sea concedido,<br \/>\npara mejorar mi vida,<br \/>\npara proclamar la misericordia de Dios,<br \/>\ny para que seas m\u00e1s conocido y querido.<\/p>\n<p>Am\u00e9n.<\/p>\n<p>&nbsp;<\/p>\n<p><em>Utilizado de conformidad con el Aviso de Copyright, 2012.<\/em><\/p>\n<p>Visite el\u00a0<a href=\"http:\/\/www.catholicdoors.com\/\" target=\"_blank\" rel=\"noopener noreferrer\">Ministerio de Puertas Cat\u00f3licas<\/a>\u00a0para m\u00e1s informaci\u00f3n.<\/p>\n<p>Para m\u00e1s oraciones cat\u00f3licas y recursos adicionales, visite la p\u00e1gina\u00a0<a href=\"https:\/\/www.ewtn.com\/catholicism\/devotions\/prayers-69\" target=\"_blank\" rel=\"noopener noreferrer\">P\u00e1gina web de EWTN<\/a>.<\/p>\n<\/div>","protected":false},"excerpt":{"rendered":"<p>Prayer to St. Rita When in Special Need O powerful St. Rita, rightly called Saint of the Impossible, I come to you with confidence in my great need. You know well my trials, for you yourself were many times burdened in this life. Come to my help, speak for me, pray with me, intercede on [&hellip;]<\/p>\n","protected":false},"author":2,"featured_media":6958,"parent":0,"menu_order":0,"comment_status":"closed","ping_status":"closed","template":"","meta":{"footnotes":""},"class_list":["post-1252","page","type-page","status-publish","has-post-thumbnail","hentry"],"_links":{"self":[{"href":"https:\/\/www.archspm.org\/es\/wp-json\/wp\/v2\/pages\/1252","targetHints":{"allow":["GET"]}}],"collection":[{"href":"https:\/\/www.archspm.org\/es\/wp-json\/wp\/v2\/pages"}],"about":[{"href":"https:\/\/www.archspm.org\/es\/wp-json\/wp\/v2\/types\/page"}],"author":[{"embeddable":true,"href":"https:\/\/www.archspm.org\/es\/wp-json\/wp\/v2\/users\/2"}],"replies":[{"embeddable":true,"href":"https:\/\/www.archspm.org\/es\/wp-json\/wp\/v2\/comments?post=1252"}],"version-history":[{"count":0,"href":"https:\/\/www.archspm.org\/es\/wp-json\/wp\/v2\/pages\/1252\/revisions"}],"wp:featuredmedia":[{"embeddable":true,"href":"https:\/\/www.archspm.org\/es\/wp-json\/wp\/v2\/media\/6958"}],"wp:attachment":[{"href":"https:\/\/www.archspm.org\/es\/wp-json\/wp\/v2\/media?parent=1252"}],"curies":[{"name":"wp","href":"https:\/\/api.w.org\/{rel}","templated":true}]}}