{"id":1253,"date":"2019-12-26T23:25:52","date_gmt":"2019-12-27T04:25:52","guid":{"rendered":"https:\/\/www.archspm.org\/morning-prayer-to-st-therese-de-lisieux\/"},"modified":"2019-12-26T23:25:52","modified_gmt":"2019-12-27T04:25:52","slug":"morning-prayer-to-st-therese-de-lisieux","status":"publish","type":"page","link":"https:\/\/www.archspm.org\/es\/morning-prayer-to-st-therese-de-lisieux\/","title":{"rendered":"Oraci\u00f3n matutina a Santa Teresa de Lisieux"},"content":{"rendered":"<h1 class=\"entry-title\">Oraci\u00f3n matutina a Santa Teresa de Lisieux<\/h1>\n<div class=\"entry-content\">\n<p>\u00a1Dios m\u00edo!<br \/>\nTe ofrezco todas mis acciones de este d\u00eda<br \/>\npor las intenciones y por la gloria<br \/>\ndel Sagrado Coraz\u00f3n de Jes\u00fas.<br \/>\nDeseo santificar cada latido de mi coraz\u00f3n,<br \/>\ncada uno de mis pensamientos,<br \/>\nmis obras m\u00e1s sencillas,<br \/>\nuni\u00e9ndolos a Sus m\u00e9ritos infinitos;<br \/>\ny deseo reparar mis pecados<br \/>\nal sumergirlos en el horno de su amor misericordioso.<br \/>\nOh, Dios m\u00edo,<br \/>\nTe pido por m\u00ed y por mis seres queridos<br \/>\nla gracia de cumplir a la perfecci\u00f3n Tu santa voluntad,<br \/>\naceptar, por amor a Ti,<br \/>\nlas alegr\u00edas y las penas de esta vida pasajera,<br \/>\npara que alg\u00fan d\u00eda podamos estar juntos<br \/>\nen el cielo por toda la eternidad.<\/p>\n<p>Am\u00e9n.<\/p>\n<p>&nbsp;<\/p>\n<p><em>\u00a92012 EWTN. Utilizado con permiso.<\/em><\/p>\n<p>Para m\u00e1s oraciones cat\u00f3licas y recursos adicionales, visite la p\u00e1gina\u00a0<a href=\"https:\/\/www.ewtn.com\/catholicism\/devotions\/prayers-69\" target=\"_blank\" rel=\"noopener noreferrer\">P\u00e1gina web de EWTN<\/a>.<\/p>\n<\/div>","protected":false},"excerpt":{"rendered":"<p>Morning Prayer to St. Therese de Lisieux O my God! I offer Thee all my actions of this day for the intentions and for the glory of the Sacred Heart of Jesus. I desire to sanctify every beat of my heart, my every thought, my simplest works, by uniting them to His infinite merits; and [&hellip;]<\/p>\n","protected":false},"author":2,"featured_media":6958,"parent":0,"menu_order":0,"comment_status":"closed","ping_status":"closed","template":"","meta":{"footnotes":""},"class_list":["post-1253","page","type-page","status-publish","has-post-thumbnail","hentry"],"_links":{"self":[{"href":"https:\/\/www.archspm.org\/es\/wp-json\/wp\/v2\/pages\/1253","targetHints":{"allow":["GET"]}}],"collection":[{"href":"https:\/\/www.archspm.org\/es\/wp-json\/wp\/v2\/pages"}],"about":[{"href":"https:\/\/www.archspm.org\/es\/wp-json\/wp\/v2\/types\/page"}],"author":[{"embeddable":true,"href":"https:\/\/www.archspm.org\/es\/wp-json\/wp\/v2\/users\/2"}],"replies":[{"embeddable":true,"href":"https:\/\/www.archspm.org\/es\/wp-json\/wp\/v2\/comments?post=1253"}],"version-history":[{"count":0,"href":"https:\/\/www.archspm.org\/es\/wp-json\/wp\/v2\/pages\/1253\/revisions"}],"wp:featuredmedia":[{"embeddable":true,"href":"https:\/\/www.archspm.org\/es\/wp-json\/wp\/v2\/media\/6958"}],"wp:attachment":[{"href":"https:\/\/www.archspm.org\/es\/wp-json\/wp\/v2\/media?parent=1253"}],"curies":[{"name":"wp","href":"https:\/\/api.w.org\/{rel}","templated":true}]}}