{"id":1254,"date":"2019-12-26T23:28:02","date_gmt":"2019-12-27T04:28:02","guid":{"rendered":"https:\/\/www.archspm.org\/prayer-to-st-therese-de-lisieux-for-guidance\/"},"modified":"2019-12-26T23:28:02","modified_gmt":"2019-12-27T04:28:02","slug":"prayer-to-st-therese-de-lisieux-for-guidance","status":"publish","type":"page","link":"https:\/\/www.archspm.org\/es\/prayer-to-st-therese-de-lisieux-for-guidance\/","title":{"rendered":"Oraci\u00f3n a Santa Teresa de Lisieux para que nos gu\u00ede"},"content":{"rendered":"<h1 class=\"entry-title\">Oraci\u00f3n a Santa Teresa de Lisieux para que nos gu\u00ede<\/h1>\n<div class=\"entry-content\">\n<p>Gobierna con toda tu sabidur\u00eda, oh Se\u00f1or,<br \/>\npara que mi alma te sirva siempre seg\u00fan tu voluntad,<br \/>\ny no como yo quiera.<br \/>\nNo me castigues, te lo ruego,<br \/>\nconcedi\u00e9ndome lo que deseo<br \/>\no preguntarme si ofendi\u00f3 a Tu Amor,<br \/>\nque siempre vivir\u00eda en m\u00ed.<br \/>\nD\u00e9jame morir a m\u00ed mismo,<br \/>\npara que pueda amarte.<br \/>\nD\u00e9jame vivir para Ti,<br \/>\nT\u00fa, que est\u00e1s en ti mismo,<br \/>\nLa vida aut\u00e9ntica.<\/p>\n<p>&nbsp;<\/p>\n<p><em>2012 Catholic Online.<\/em><\/p>\n<p>Para encontrar m\u00e1s oraciones cat\u00f3licas y recursos adicionales, visita\u00a0<a href=\"http:\/\/www.catholic.org\/\" target=\"_blank\" rel=\"noopener noreferrer\">Sitio web de Catholic Online<\/a>. Encuentra el enlace en la secci\u00f3n \u00abContenido relacionado\u00bb que aparece a continuaci\u00f3n.<\/p>\n<p>Para m\u00e1s oraciones cat\u00f3licas y recursos adicionales, visite la p\u00e1gina\u00a0<a href=\"https:\/\/www.ewtn.com\/catholicism\/devotions\/prayers-69\" target=\"_blank\" rel=\"noopener noreferrer\">P\u00e1gina web de EWTN<\/a>.<\/p>\n<\/div>","protected":false},"excerpt":{"rendered":"<p>Prayer to St. Th\u00e9r\u00e8se de Lisieux for Guidance Govern by all Thy Wisdom, O Lord, so that my soul may always be serving Thee as Thou dost Will, and not as I may choose. Do not punish me, I beseech Thee, by granting that which I wish or ask if it offended Thy Love, which [&hellip;]<\/p>\n","protected":false},"author":2,"featured_media":6958,"parent":0,"menu_order":0,"comment_status":"closed","ping_status":"closed","template":"","meta":{"footnotes":""},"class_list":["post-1254","page","type-page","status-publish","has-post-thumbnail","hentry"],"_links":{"self":[{"href":"https:\/\/www.archspm.org\/es\/wp-json\/wp\/v2\/pages\/1254","targetHints":{"allow":["GET"]}}],"collection":[{"href":"https:\/\/www.archspm.org\/es\/wp-json\/wp\/v2\/pages"}],"about":[{"href":"https:\/\/www.archspm.org\/es\/wp-json\/wp\/v2\/types\/page"}],"author":[{"embeddable":true,"href":"https:\/\/www.archspm.org\/es\/wp-json\/wp\/v2\/users\/2"}],"replies":[{"embeddable":true,"href":"https:\/\/www.archspm.org\/es\/wp-json\/wp\/v2\/comments?post=1254"}],"version-history":[{"count":0,"href":"https:\/\/www.archspm.org\/es\/wp-json\/wp\/v2\/pages\/1254\/revisions"}],"wp:featuredmedia":[{"embeddable":true,"href":"https:\/\/www.archspm.org\/es\/wp-json\/wp\/v2\/media\/6958"}],"wp:attachment":[{"href":"https:\/\/www.archspm.org\/es\/wp-json\/wp\/v2\/media?parent=1254"}],"curies":[{"name":"wp","href":"https:\/\/api.w.org\/{rel}","templated":true}]}}