{"id":1255,"date":"2019-12-26T23:29:29","date_gmt":"2019-12-27T04:29:29","guid":{"rendered":"https:\/\/www.archspm.org\/prayer-to-st-thomas-aquinas-for-catholic-schools\/"},"modified":"2019-12-26T23:29:29","modified_gmt":"2019-12-27T04:29:29","slug":"prayer-to-st-thomas-aquinas-for-catholic-schools","status":"publish","type":"page","link":"https:\/\/www.archspm.org\/es\/prayer-to-st-thomas-aquinas-for-catholic-schools\/","title":{"rendered":"Oraci\u00f3n a Santo Tom\u00e1s de Aquino por las escuelas cat\u00f3licas"},"content":{"rendered":"<h1 class=\"entry-title\">Oraci\u00f3n a Santo Tom\u00e1s de Aquino por las escuelas cat\u00f3licas<\/h1>\n<div class=\"entry-content\">\n<p>Santo Tom\u00e1s de Aquino,<br \/>\neres llamado por la Santa Madre Iglesia,<br \/>\nel \u00c1ngel de las Escuelas.<br \/>\nTu sabidur\u00eda, adquirida a trav\u00e9s de una larga meditaci\u00f3n.<br \/>\nde la fuente de toda sabidur\u00eda,<br \/>\nla Sant\u00edsima Trinidad,<br \/>\nha sido durante mucho tiempo un faro en la Iglesia cat\u00f3lica.<br \/>\nIgnorancia de las cosas de Dios<br \/>\nes una oscuridad que ahora envuelve las mentes<br \/>\nde muchos de nuestros compatriotas.<br \/>\nEn esta oscuridad,<br \/>\nNecesitamos un \u00e1ngel como t\u00fa que nos proteja,<br \/>\nfomentar y nutrir las escuelas que tenemos,<br \/>\ny gu\u00edanos y fortal\u00e9cenos<br \/>\nen el establecimiento y la construcci\u00f3n<br \/>\nescuelas m\u00e1s nuevas y adecuadas<br \/>\npara la instrucci\u00f3n de nuestros hijos en los caminos de Cristo.<br \/>\nAyuda y bendice a las generosas hermanas, hermanos,<br \/>\ny los sacerdotes que trabajan tan desinteresadamente en las aulas<br \/>\npara difundir el conocimiento de Cristo.<br \/>\nInspira a nuestros hombres y mujeres cat\u00f3licos.<br \/>\nser lo m\u00e1s generosos posible en el apoyo a las escuelas que tenemos.<br \/>\nOtorga a los padres la sabia generosidad que necesitan.<br \/>\ndevolver a su hijo a Dios<br \/>\ncuando ese ni\u00f1o desea seguir una vocaci\u00f3n sacerdotal o religiosa.<br \/>\nAy\u00fadanos, Santo Tom\u00e1s, \u00c1ngel de las Escuelas,<br \/>\npara entender lo que ense\u00f1aste,<br \/>\ny seguir tu ejemplo.<\/p>\n<p>Am\u00e9n.<\/p>\n<p>&nbsp;<\/p>\n<p><em>Utilizado de conformidad con el Aviso de Copyright, 2012.<\/em><\/p>\n<p>Visite el\u00a0<a href=\"http:\/\/www.catholicdoors.com\/\" target=\"_blank\" rel=\"noopener noreferrer\">Ministerio de Puertas Cat\u00f3licas<\/a>\u00a0para m\u00e1s informaci\u00f3n.<\/p>\n<p>Para m\u00e1s oraciones cat\u00f3licas y recursos adicionales, visite la p\u00e1gina\u00a0<a href=\"https:\/\/www.ewtn.com\/catholicism\/devotions\/prayers-69\" target=\"_blank\" rel=\"noopener noreferrer\">P\u00e1gina web de EWTN<\/a>.<\/p>\n<\/div>","protected":false},"excerpt":{"rendered":"<p>Prayer to St. Thomas Aquinas for Catholic Schools Saint Thomas Aquinas, you are called by Holy Mother Church, the Angel of the Schools. Your wisdom, gathered through long meditation from the source of all wisdom, the most holy Trinity, has long been a shining light in the Catholic Church. Ignorance of the things of God [&hellip;]<\/p>\n","protected":false},"author":2,"featured_media":6958,"parent":0,"menu_order":0,"comment_status":"closed","ping_status":"closed","template":"","meta":{"footnotes":""},"class_list":["post-1255","page","type-page","status-publish","has-post-thumbnail","hentry"],"_links":{"self":[{"href":"https:\/\/www.archspm.org\/es\/wp-json\/wp\/v2\/pages\/1255","targetHints":{"allow":["GET"]}}],"collection":[{"href":"https:\/\/www.archspm.org\/es\/wp-json\/wp\/v2\/pages"}],"about":[{"href":"https:\/\/www.archspm.org\/es\/wp-json\/wp\/v2\/types\/page"}],"author":[{"embeddable":true,"href":"https:\/\/www.archspm.org\/es\/wp-json\/wp\/v2\/users\/2"}],"replies":[{"embeddable":true,"href":"https:\/\/www.archspm.org\/es\/wp-json\/wp\/v2\/comments?post=1255"}],"version-history":[{"count":0,"href":"https:\/\/www.archspm.org\/es\/wp-json\/wp\/v2\/pages\/1255\/revisions"}],"wp:featuredmedia":[{"embeddable":true,"href":"https:\/\/www.archspm.org\/es\/wp-json\/wp\/v2\/media\/6958"}],"wp:attachment":[{"href":"https:\/\/www.archspm.org\/es\/wp-json\/wp\/v2\/media?parent=1255"}],"curies":[{"name":"wp","href":"https:\/\/api.w.org\/{rel}","templated":true}]}}