{"id":1256,"date":"2019-12-27T15:38:48","date_gmt":"2019-12-27T20:38:48","guid":{"rendered":"https:\/\/www.archspm.org\/stations-of-the-cross-opening-prayer\/"},"modified":"2019-12-27T15:38:48","modified_gmt":"2019-12-27T20:38:48","slug":"stations-of-the-cross-opening-prayer","status":"publish","type":"page","link":"https:\/\/www.archspm.org\/es\/stations-of-the-cross-opening-prayer\/","title":{"rendered":"V\u00eda Crucis - Oraci\u00f3n inicial"},"content":{"rendered":"<h1 class=\"entry-title\">V\u00eda Crucis - Oraci\u00f3n inicial<\/h1>\n<div class=\"entry-content\">\n<p>Mar\u00eda, mi Madre, t\u00fa fuiste la primera en recorrer el V\u00eda Crucis. Sentiste cada dolor y cada humillaci\u00f3n. No temiste las burlas que te lanzaba la multitud. Tus ojos estaban siempre fijos en Jes\u00fas y en su dolor. \u00bfEs ese el secreto de tu fuerza milagrosa? \u00bfC\u00f3mo pudo tu coraz\u00f3n amoroso soportar tal carga y tal peso? Mientras lo ve\u00edas tropezar y caer, \u00bfte atormentaba el recuerdo de todos los d\u00edas pasados: su nacimiento, su vida oculta y su ministerio?<\/p>\n<p>Ten\u00edas tantas ganas de que todos lo amaran. Qu\u00e9 dolor fue ver a tantos odiarlo, odiarlo con una furia diab\u00f3lica. T\u00f3mame de la mano mientras recorro este V\u00eda Crucis. Insp\u00edrame con esos pensamientos que me hagan darme cuenta de cu\u00e1nto me ama. Dame la luz para aplicar cada estaci\u00f3n a mi vida cotidiana y para recordar las necesidades de mi pr\u00f3jimo en este V\u00eda Crucis.<\/p>\n<p>Conc\u00e9denme la gracia de comprender el misterio, la sabidur\u00eda y el amor divino a medida que voy pasando de una estaci\u00f3n a otra. Haz que mi coraz\u00f3n, como el tuyo, se traspase al contemplar Su dolor y Su sufrimiento, y que me proponga no volver a ofenderlo jam\u00e1s. \u00a1Qu\u00e9 precio pag\u00f3 \u00c9l para cubrir mis pecados, para abrirme las puertas del cielo y para llenar mi alma con Su propio Esp\u00edritu! Dulce Madre, recorramos juntos este camino y haz que el amor de mi pobre coraz\u00f3n te d\u00e9 un poco de consuelo.<\/p>\n<p>Am\u00e9n.<\/p>\n<p>&nbsp;<\/p>\n<p><em>\u00a92012 EWTN. Utilizado con permiso.<\/em><br \/>\n<em>\u00a0<\/em><\/p>\n<p><em>Para m\u00e1s oraciones cat\u00f3licas y recursos adicionales, visite la p\u00e1gina\u00a0<a href=\"https:\/\/www.ewtn.com\/catholicism\/devotions\/prayers-69\" target=\"_blank\" rel=\"noopener noreferrer\">P\u00e1gina web de EWTN<\/a>.<\/em><\/p>\n<\/div>","protected":false},"excerpt":{"rendered":"<p>Stations of the Cross \u2013 Opening Prayer Mary, my Mother, you were the first to live the Way of the Cross. You felt every pain and every humiliation. You were unafraid of the ridicule heaped upon you by the crowds. Your eyes were ever on Jesus and His Pain. Is that the secret of your [&hellip;]<\/p>\n","protected":false},"author":2,"featured_media":6958,"parent":0,"menu_order":0,"comment_status":"closed","ping_status":"closed","template":"","meta":{"footnotes":""},"class_list":["post-1256","page","type-page","status-publish","has-post-thumbnail","hentry"],"_links":{"self":[{"href":"https:\/\/www.archspm.org\/es\/wp-json\/wp\/v2\/pages\/1256","targetHints":{"allow":["GET"]}}],"collection":[{"href":"https:\/\/www.archspm.org\/es\/wp-json\/wp\/v2\/pages"}],"about":[{"href":"https:\/\/www.archspm.org\/es\/wp-json\/wp\/v2\/types\/page"}],"author":[{"embeddable":true,"href":"https:\/\/www.archspm.org\/es\/wp-json\/wp\/v2\/users\/2"}],"replies":[{"embeddable":true,"href":"https:\/\/www.archspm.org\/es\/wp-json\/wp\/v2\/comments?post=1256"}],"version-history":[{"count":0,"href":"https:\/\/www.archspm.org\/es\/wp-json\/wp\/v2\/pages\/1256\/revisions"}],"wp:featuredmedia":[{"embeddable":true,"href":"https:\/\/www.archspm.org\/es\/wp-json\/wp\/v2\/media\/6958"}],"wp:attachment":[{"href":"https:\/\/www.archspm.org\/es\/wp-json\/wp\/v2\/media?parent=1256"}],"curies":[{"name":"wp","href":"https:\/\/api.w.org\/{rel}","templated":true}]}}