{"id":1257,"date":"2019-12-27T15:40:13","date_gmt":"2019-12-27T20:40:13","guid":{"rendered":"https:\/\/www.archspm.org\/stations-of-the-cross-the-first-station-jesus-is-condemned-to-death\/"},"modified":"2019-12-27T15:40:13","modified_gmt":"2019-12-27T20:40:13","slug":"stations-of-the-cross-the-first-station-jesus-is-condemned-to-death","status":"publish","type":"page","link":"https:\/\/www.archspm.org\/es\/stations-of-the-cross-the-first-station-jesus-is-condemned-to-death\/","title":{"rendered":"V\u00eda Crucis - Primera estaci\u00f3n: Jes\u00fas es condenado a muerte"},"content":{"rendered":"<h1 class=\"entry-title\">V\u00eda Crucis - Primera estaci\u00f3n: Jes\u00fas es condenado a muerte<\/h1>\n<div class=\"entry-content\">\n<p>\u00a1Dios m\u00edo!, el mundo sigue juzg\u00e1ndote. No deja de preguntarse qui\u00e9n eres y por qu\u00e9 planteas las exigencias que planteas. Se pregunta una y otra vez: \u00abSi eres el Hijo de Dios, \u00bfpor qu\u00e9 permites que el mundo est\u00e9 en el estado en que se encuentra? \u00bfPor qu\u00e9 guardas tanto silencio?\u00bb.<\/p>\n<p>Aunque la arrogancia del mundo me enfurece, debo admitir que, en silencio, en lo m\u00e1s profundo de mi alma, yo tambi\u00e9n me planteo estas preguntas. Tu humildad me frustra y me hace sentir inc\u00f3modo. Tu fortaleza ante Pilato, mientras beb\u00edas profundamente del poder del Padre, me da la respuesta a mi pregunta: la voluntad del Padre. El Padre permite muchos sufrimientos en mi vida, pero todo es para mi bien. Ojal\u00e1 yo tambi\u00e9n pudiera permanecer en silencio ante la prudencia mundana; firme en la fe cuando todo parece perdido; tranquilo cuando me acusan injustamente; libre de la tiran\u00eda del respeto humano; dispuesto a hacer la voluntad del Padre, sin importar cu\u00e1n dif\u00edcil sea.<\/p>\n<p>Jes\u00fas silencioso, danos todas las gracias que necesitamos para mantenernos firmes ante el escarnio del mundo. Da a los pobres la fuerza para no sucumbir a sus privaciones, sino para ser siempre conscientes de su dignidad como hijos de Dios. Haz que no nos dobleguemos ante la enfermedad paralizante de la gloria mundana, sino que estemos dispuestos a privarnos de todas las cosas antes que perder Tu amistad. Mi Jes\u00fas, aunque se nos acuse a diario de ser necios, que la visi\u00f3n de la dignidad silenciosa frente a la monstruosa injusticia nos d\u00e9 a todos el valor para ser tus seguidores.<\/p>\n<p>Am\u00e9n<\/p>\n<p>&nbsp;<\/p>\n<p><em>\u00a92012 EWTN. Utilizado con permiso.<\/em><br \/>\n<em>\u00a0<\/em><\/p>\n<p><em>Para m\u00e1s oraciones cat\u00f3licas y recursos adicionales, visite la p\u00e1gina\u00a0<a href=\"https:\/\/www.ewtn.com\/catholicism\/devotions\/prayers-69\" target=\"_blank\" rel=\"noopener noreferrer\">P\u00e1gina web de EWTN<\/a>.<\/em><\/p>\n<\/div>","protected":false},"excerpt":{"rendered":"<p>Stations of the Cross \u2013 The First Station: Jesus Is Condemned To Death My Jesus, the world still has You on trial. It keeps asking who You are and why You make the demands You make. It asks over and over the question, If You are God\u2019s Son, why do You permit the world to [&hellip;]<\/p>\n","protected":false},"author":2,"featured_media":6958,"parent":0,"menu_order":0,"comment_status":"closed","ping_status":"closed","template":"","meta":{"footnotes":""},"class_list":["post-1257","page","type-page","status-publish","has-post-thumbnail","hentry"],"_links":{"self":[{"href":"https:\/\/www.archspm.org\/es\/wp-json\/wp\/v2\/pages\/1257","targetHints":{"allow":["GET"]}}],"collection":[{"href":"https:\/\/www.archspm.org\/es\/wp-json\/wp\/v2\/pages"}],"about":[{"href":"https:\/\/www.archspm.org\/es\/wp-json\/wp\/v2\/types\/page"}],"author":[{"embeddable":true,"href":"https:\/\/www.archspm.org\/es\/wp-json\/wp\/v2\/users\/2"}],"replies":[{"embeddable":true,"href":"https:\/\/www.archspm.org\/es\/wp-json\/wp\/v2\/comments?post=1257"}],"version-history":[{"count":0,"href":"https:\/\/www.archspm.org\/es\/wp-json\/wp\/v2\/pages\/1257\/revisions"}],"wp:featuredmedia":[{"embeddable":true,"href":"https:\/\/www.archspm.org\/es\/wp-json\/wp\/v2\/media\/6958"}],"wp:attachment":[{"href":"https:\/\/www.archspm.org\/es\/wp-json\/wp\/v2\/media?parent=1257"}],"curies":[{"name":"wp","href":"https:\/\/api.w.org\/{rel}","templated":true}]}}