{"id":1258,"date":"2019-12-27T15:41:34","date_gmt":"2019-12-27T20:41:34","guid":{"rendered":"https:\/\/www.archspm.org\/stations-of-the-cross-the-second-station-jesus-carries-his-cross\/"},"modified":"2019-12-27T15:41:34","modified_gmt":"2019-12-27T20:41:34","slug":"stations-of-the-cross-the-second-station-jesus-carries-his-cross","status":"publish","type":"page","link":"https:\/\/www.archspm.org\/es\/stations-of-the-cross-the-second-station-jesus-carries-his-cross\/","title":{"rendered":"V\u00eda Crucis - Segunda estaci\u00f3n: Jes\u00fas lleva su cruz"},"content":{"rendered":"<h1 class=\"entry-title\">V\u00eda Crucis - Segunda estaci\u00f3n: Jes\u00fas lleva su cruz<\/h1>\n<div class=\"entry-content\">\n<p>\u00bfC\u00f3mo pudo un ser humano imponer tal carga sobre tu cuerpo lacerado y sangrante, Se\u00f1or Jes\u00fas? Cada movimiento de la cruz clavaba las espinas m\u00e1s profundamente en tu cabeza. \u00bfC\u00f3mo evitaste que el odio brotara en tu coraz\u00f3n? \u00bfC\u00f3mo es que toda esa injusticia no turb\u00f3 tu paz? La voluntad del Padre fue dura contigo; \u00bfpor qu\u00e9 me quejo cuando a m\u00ed me resulta dif\u00edcil?<\/p>\n<p>Veo la injusticia y me siento frustrado, y cuando mis planes para aliviarla parecen in\u00fatiles, me desespero. Cuando veo que quienes est\u00e1n agobiados por la pobreza sufren cada vez m\u00e1s y se suma una cruz tras otra, mi coraz\u00f3n est\u00e1 lejos de estar en paz. Soy incapaz de ver la dignidad de la cruz cuando se lleva con amor. Preferir\u00eda, sin duda, no tenerla.<\/p>\n<p>Mi visi\u00f3n del mundo es que el sufrimiento, al igual que la comida, debe repartirse equitativamente. Qu\u00e9 rid\u00edculo soy, Se\u00f1or. Del mismo modo que no todos necesitamos la misma cantidad de alimento material, tampoco necesitamos la misma cantidad de alimento espiritual, y eso es lo que representa la cruz en mi vida, \u00bfno es as\u00ed?: alimento espiritual proporcional a mis necesidades.<\/p>\n<p>Am\u00e9n<\/p>\n<p>&nbsp;<\/p>\n<p><em>\u00a92012 EWTN. Utilizado con permiso.<\/em><\/p>\n<p><em>Para m\u00e1s oraciones cat\u00f3licas y recursos adicionales, visite la p\u00e1gina\u00a0<a href=\"https:\/\/www.ewtn.com\/catholicism\/devotions\/prayers-69\" target=\"_blank\" rel=\"noopener noreferrer\">P\u00e1gina web de EWTN<\/a>.<\/em><\/p>\n<\/div>","protected":false},"excerpt":{"rendered":"<p>Stations of the Cross \u2013 The Second Station: Jesus Carries His Cross How could any human impose such a burden upon Your torn and bleeding body, Lord Jesus? Each movement of the cross drove the thorns deeper into Your Head. How did You keep the hatred from welling up in Your Heart? How did the [&hellip;]<\/p>\n","protected":false},"author":2,"featured_media":6958,"parent":0,"menu_order":0,"comment_status":"closed","ping_status":"closed","template":"","meta":{"footnotes":""},"class_list":["post-1258","page","type-page","status-publish","has-post-thumbnail","hentry"],"_links":{"self":[{"href":"https:\/\/www.archspm.org\/es\/wp-json\/wp\/v2\/pages\/1258","targetHints":{"allow":["GET"]}}],"collection":[{"href":"https:\/\/www.archspm.org\/es\/wp-json\/wp\/v2\/pages"}],"about":[{"href":"https:\/\/www.archspm.org\/es\/wp-json\/wp\/v2\/types\/page"}],"author":[{"embeddable":true,"href":"https:\/\/www.archspm.org\/es\/wp-json\/wp\/v2\/users\/2"}],"replies":[{"embeddable":true,"href":"https:\/\/www.archspm.org\/es\/wp-json\/wp\/v2\/comments?post=1258"}],"version-history":[{"count":0,"href":"https:\/\/www.archspm.org\/es\/wp-json\/wp\/v2\/pages\/1258\/revisions"}],"wp:featuredmedia":[{"embeddable":true,"href":"https:\/\/www.archspm.org\/es\/wp-json\/wp\/v2\/media\/6958"}],"wp:attachment":[{"href":"https:\/\/www.archspm.org\/es\/wp-json\/wp\/v2\/media?parent=1258"}],"curies":[{"name":"wp","href":"https:\/\/api.w.org\/{rel}","templated":true}]}}