{"id":1259,"date":"2019-12-27T15:42:46","date_gmt":"2019-12-27T20:42:46","guid":{"rendered":"https:\/\/www.archspm.org\/stations-of-the-cross-the-third-station-jesus-falls-the-first-time\/"},"modified":"2019-12-27T15:42:46","modified_gmt":"2019-12-27T20:42:46","slug":"stations-of-the-cross-the-third-station-jesus-falls-the-first-time","status":"publish","type":"page","link":"https:\/\/www.archspm.org\/es\/stations-of-the-cross-the-third-station-jesus-falls-the-first-time\/","title":{"rendered":"V\u00eda Crucis - Tercera estaci\u00f3n: Jes\u00fas cae por primera vez"},"content":{"rendered":"<h1 class=\"entry-title\">V\u00eda Crucis - Tercera estaci\u00f3n: Jes\u00fas cae por primera vez<\/h1>\n<div class=\"entry-content\">\n<p>Mi Jes\u00fas, me parece que, como Dios, hubieras llevado tu cruz sin vacilar, pero no lo hiciste. Ca\u00edste bajo su peso para mostrarme que comprendes cuando yo caigo. \u00bfEs el orgullo lo que me hace querer brillar incluso en medio del dolor? No te avergonzaste de caer, de admitir que la cruz era pesada. Hay personas en el mundo a quienes mi orgullo no tolera, pues espero que todos sean fuertes, mientras que yo soy d\u00e9bil. Me da verg\u00fcenza admitir el fracaso en cualquier cosa.<\/p>\n<p>Si el Padre permite el fracaso en mi vida, tal como te permiti\u00f3 a ti caer, entonces debo saber que hay algo bueno en ese fracaso que mi mente nunca podr\u00e1 comprender. No debo fijarme en las miradas de los dem\u00e1s cuando se posan sobre m\u00ed en mis ca\u00eddas. M\u00e1s bien, debo alzar la mano para tocar esa mano invisible y beber de esa fuerza invisible que siempre est\u00e1 a mi lado.<\/p>\n<p>Jes\u00fas misericordioso, ayuda a todos aquellos que se esfuerzan por ser buenos, pero cuya naturaleza se opone constantemente a que caminen con la cabeza en alto por el estrecho camino de la vida. Haz que alcen la vista para contemplar la gloria que est\u00e1 por venir, en lugar de la miseria del momento presente.<\/p>\n<p>Tu amor por m\u00ed te dio fuerzas para levantarte tras tu ca\u00edda. Mira a todos aquellos a quienes el mundo considera siervos in\u00fatiles y dales el valor para preocuparse m\u00e1s por c\u00f3mo se presentan ante Ti que por sus semejantes.<\/p>\n<p>Am\u00e9n<\/p>\n<p>&nbsp;<\/p>\n<p><em>\u00a92012 EWTN. Utilizado con permiso.<\/em><em>\u00a0<\/em><\/p>\n<p>Para m\u00e1s oraciones cat\u00f3licas y recursos adicionales, visite la p\u00e1gina\u00a0<a href=\"https:\/\/www.ewtn.com\/catholicism\/devotions\/prayers-69\" target=\"_blank\" rel=\"noopener noreferrer\">P\u00e1gina web de EWTN<\/a>.<\/p>\n<\/div>","protected":false},"excerpt":{"rendered":"<p>Stations of the Cross \u2013 The Third Station: Jesus Falls the First Time My Jesus, it seems to me, that as God, You would have carried Your cross without faltering, but You did not. You fell beneath it\u2019s weight to show me You understand when I fall. Is it pride that makes me want to [&hellip;]<\/p>\n","protected":false},"author":2,"featured_media":6958,"parent":0,"menu_order":0,"comment_status":"closed","ping_status":"closed","template":"","meta":{"footnotes":""},"class_list":["post-1259","page","type-page","status-publish","has-post-thumbnail","hentry"],"_links":{"self":[{"href":"https:\/\/www.archspm.org\/es\/wp-json\/wp\/v2\/pages\/1259","targetHints":{"allow":["GET"]}}],"collection":[{"href":"https:\/\/www.archspm.org\/es\/wp-json\/wp\/v2\/pages"}],"about":[{"href":"https:\/\/www.archspm.org\/es\/wp-json\/wp\/v2\/types\/page"}],"author":[{"embeddable":true,"href":"https:\/\/www.archspm.org\/es\/wp-json\/wp\/v2\/users\/2"}],"replies":[{"embeddable":true,"href":"https:\/\/www.archspm.org\/es\/wp-json\/wp\/v2\/comments?post=1259"}],"version-history":[{"count":0,"href":"https:\/\/www.archspm.org\/es\/wp-json\/wp\/v2\/pages\/1259\/revisions"}],"wp:featuredmedia":[{"embeddable":true,"href":"https:\/\/www.archspm.org\/es\/wp-json\/wp\/v2\/media\/6958"}],"wp:attachment":[{"href":"https:\/\/www.archspm.org\/es\/wp-json\/wp\/v2\/media?parent=1259"}],"curies":[{"name":"wp","href":"https:\/\/api.w.org\/{rel}","templated":true}]}}