{"id":1260,"date":"2019-12-27T15:46:54","date_gmt":"2019-12-27T20:46:54","guid":{"rendered":"https:\/\/www.archspm.org\/stations-of-the-cross-the-fourth-station-jesus-meets-his-afflicted-mother\/"},"modified":"2019-12-27T15:46:54","modified_gmt":"2019-12-27T20:46:54","slug":"stations-of-the-cross-the-fourth-station-jesus-meets-his-afflicted-mother","status":"publish","type":"page","link":"https:\/\/www.archspm.org\/es\/stations-of-the-cross-the-fourth-station-jesus-meets-his-afflicted-mother\/","title":{"rendered":"V\u00eda Crucis - Cuarta estaci\u00f3n: Jes\u00fas encuentra a su madre afligida"},"content":{"rendered":"<h1 class=\"entry-title\">V\u00eda Crucis - Cuarta estaci\u00f3n: Jes\u00fas encuentra a su madre afligida<\/h1>\n<div class=\"entry-content\">\n<p>\u00a1Dios m\u00edo!, fue un gran dolor darme cuenta de que Tu sufrimiento le caus\u00f3 tanto dolor a Mar\u00eda. Como Redentor, T\u00fa quer\u00edas que ella compartiera Tu dolor por la humanidad. Cuando se miraron el uno al otro en medio de un sufrimiento indescriptible, \u00bfqu\u00e9 les dio a ambos el valor para seguir adelante sin el menor alivio, sin sentir ira ante tal injusticia?<\/p>\n<p>Parece como si hubieras querido sufrir todos los dolores posibles para darme un ejemplo de c\u00f3mo sufrir cuando llegue mi hora. \u00a1Qu\u00e9 humillaci\u00f3n para Ti cuando Tu madre Te vio en un estado tan lamentable \u2014d\u00e9bil, indefenso, a merced de hombres pecadores\u2014, la santidad expuesta al mal en toda su fealdad!.<\/p>\n<p>\u00bfAcaso cada instante de ese breve encuentro te pareci\u00f3 una eternidad? Al ver tanto sufrimiento en el mundo, hay momentos en que pienso que todo es desesperanzador. Hay un cierto des\u00e1nimo en mis oraciones por la humanidad que me dice: \u201cRezar\u00e9, pero \u00bfde qu\u00e9 servir\u00e1? Los enfermos se ponen cada vez m\u00e1s enfermos y los hambrientos mueren de hambre\u201d. \u201c Pienso en esa mirada entre T\u00fa y Mar\u00eda \u2014la mirada que dec\u00eda: \u201dEntreguemos esta miseria al Padre por la salvaci\u00f3n de las almas. El poder del Padre toma nuestro dolor y nuestra frustraci\u00f3n y renueva las almas, las salva para una nueva vida \u2014una vida de alegr\u00eda eterna, de felicidad eterna. Todo esto vale la pena\u00bb. Da perseverancia a los enfermos para que puedan llevar la cruz de la frustraci\u00f3n y la agon\u00eda con amor y resignaci\u00f3n por la salvaci\u00f3n de los dem\u00e1s.<\/p>\n<p>Am\u00e9n<\/p>\n<p>&nbsp;<\/p>\n<p><em>\u00a92012 EWTN. Utilizado con permiso.<\/em><\/p>\n<p>Para m\u00e1s oraciones cat\u00f3licas y recursos adicionales, visite la p\u00e1gina\u00a0<a href=\"https:\/\/www.ewtn.com\/catholicism\/devotions\/prayers-69\" target=\"_blank\" rel=\"noopener noreferrer\">P\u00e1gina web de EWTN<\/a>.<\/p>\n<\/div>","protected":false},"excerpt":{"rendered":"<p>Stations of the Cross \u2013 The Fourth Station: Jesus Meets His Afflicted Mother My Jesus, it was a great sorrow to realize Your pain caused Mary so much grief. As Redeemer, You wanted her to share in Your pain for mankind. When You glanced at each other in unutterable suffering, what gave you both the [&hellip;]<\/p>\n","protected":false},"author":2,"featured_media":6958,"parent":0,"menu_order":0,"comment_status":"closed","ping_status":"closed","template":"","meta":{"footnotes":""},"class_list":["post-1260","page","type-page","status-publish","has-post-thumbnail","hentry"],"_links":{"self":[{"href":"https:\/\/www.archspm.org\/es\/wp-json\/wp\/v2\/pages\/1260","targetHints":{"allow":["GET"]}}],"collection":[{"href":"https:\/\/www.archspm.org\/es\/wp-json\/wp\/v2\/pages"}],"about":[{"href":"https:\/\/www.archspm.org\/es\/wp-json\/wp\/v2\/types\/page"}],"author":[{"embeddable":true,"href":"https:\/\/www.archspm.org\/es\/wp-json\/wp\/v2\/users\/2"}],"replies":[{"embeddable":true,"href":"https:\/\/www.archspm.org\/es\/wp-json\/wp\/v2\/comments?post=1260"}],"version-history":[{"count":0,"href":"https:\/\/www.archspm.org\/es\/wp-json\/wp\/v2\/pages\/1260\/revisions"}],"wp:featuredmedia":[{"embeddable":true,"href":"https:\/\/www.archspm.org\/es\/wp-json\/wp\/v2\/media\/6958"}],"wp:attachment":[{"href":"https:\/\/www.archspm.org\/es\/wp-json\/wp\/v2\/media?parent=1260"}],"curies":[{"name":"wp","href":"https:\/\/api.w.org\/{rel}","templated":true}]}}