{"id":1261,"date":"2019-12-27T15:48:49","date_gmt":"2019-12-27T20:48:49","guid":{"rendered":"https:\/\/www.archspm.org\/stations-of-the-cross-the-fifth-station-simon-helps-jesus-carry-his-cross\/"},"modified":"2019-12-27T15:48:49","modified_gmt":"2019-12-27T20:48:49","slug":"stations-of-the-cross-the-fifth-station-simon-helps-jesus-carry-his-cross","status":"publish","type":"page","link":"https:\/\/www.archspm.org\/es\/stations-of-the-cross-the-fifth-station-simon-helps-jesus-carry-his-cross\/","title":{"rendered":"V\u00eda Crucis - Quinta estaci\u00f3n: Sim\u00f3n ayuda a Jes\u00fas a llevar su cruz"},"content":{"rendered":"<h1 class=\"entry-title\">V\u00eda Crucis - Quinta estaci\u00f3n: Sim\u00f3n ayuda a Jes\u00fas a llevar su cruz<\/h1>\n<div class=\"entry-content\">\n<p>Mi Jes\u00fas, tus verdugos reclutaron a un tal Sim\u00f3n de Cirene para que te ayudara a llevar tu cruz. Tu humildad supera mi comprensi\u00f3n. Tu poder sostiene todo el universo y, sin embargo, permites que una de tus criaturas te ayude a llevar la cruz. Me imagino que Sim\u00f3n se mostr\u00f3 reacio a participar en tu humillaci\u00f3n. No ten\u00eda idea de que todos los que lo observaban y se burlaban de \u00e9l caer\u00edan en el olvido, mientras que su nombre pasar\u00eda a la historia y a la eternidad como el de aquel que ayud\u00f3 a su Dios en la necesidad. \u00bfNo es as\u00ed conmigo, querido Jes\u00fas? Incluso cuando llevo mi cruz de mala gana, como lo hizo Sim\u00f3n, esto beneficia a mi alma.<\/p>\n<p>Si mantengo la mirada fija en Ti y contemplo c\u00f3mo sufriste, podr\u00e9 llevar mi cruz con mayor fortaleza. \u00bfIntentabas decirles a todos aquellos que sufren por los prejuicios que tuvieran valor? \u00bfEra Sim\u00f3n un s\u00edmbolo de todos aquellos que son odiados por su raza, color y credo?<\/p>\n<p>Mientras cargaba esas vigas sobre sus hombros, Sim\u00f3n se preguntaba por qu\u00e9 hab\u00eda sido elegido para llevar una carga tan pesada, y ahora lo sabe. Ay\u00fadame, Jes\u00fas, a confiar en tu amorosa Providencia mientras permites que el sufrimiento entre y salga de mi vida. Hazme comprender que T\u00fa lo miraste y lo sostuviste con cari\u00f1o antes de pas\u00e1rmelo a m\u00ed. T\u00fa me cuidas y me das fuerzas tal como lo hiciste con Sim\u00f3n. Cuando entre en Tu Reino, sabr\u00e9, como \u00e9l sabe, qu\u00e9 maravillas ha obrado Tu Cruz en mi alma.<\/p>\n<p>Am\u00e9n<\/p>\n<p>&nbsp;<\/p>\n<p><em>\u00a92012 EWTN. Utilizado con permiso.<\/em><em>\u00a0<\/em><\/p>\n<p>Para m\u00e1s oraciones cat\u00f3licas y recursos adicionales, visite la p\u00e1gina\u00a0<a href=\"http:\/\/www.ewtn.com\/Devotionals\/prayers\/index.htm\" target=\"_blank\" rel=\"noopener noreferrer\">P\u00e1gina web de EWTN<\/a>.<\/p>\n<\/div>","protected":false},"excerpt":{"rendered":"<p>Stations of the Cross \u2013 The Fifth Station: Simon Helps Jesus Carry His Cross My Jesus, Your tormentors enlisted a Simon of Cyrene to help You carry Your cross. Your humility is beyond my comprehension. Your power upheld the whole universe and yet You permit one of Your creatures to help You carry a cross. [&hellip;]<\/p>\n","protected":false},"author":2,"featured_media":6958,"parent":0,"menu_order":0,"comment_status":"closed","ping_status":"closed","template":"","meta":{"footnotes":""},"class_list":["post-1261","page","type-page","status-publish","has-post-thumbnail","hentry"],"_links":{"self":[{"href":"https:\/\/www.archspm.org\/es\/wp-json\/wp\/v2\/pages\/1261","targetHints":{"allow":["GET"]}}],"collection":[{"href":"https:\/\/www.archspm.org\/es\/wp-json\/wp\/v2\/pages"}],"about":[{"href":"https:\/\/www.archspm.org\/es\/wp-json\/wp\/v2\/types\/page"}],"author":[{"embeddable":true,"href":"https:\/\/www.archspm.org\/es\/wp-json\/wp\/v2\/users\/2"}],"replies":[{"embeddable":true,"href":"https:\/\/www.archspm.org\/es\/wp-json\/wp\/v2\/comments?post=1261"}],"version-history":[{"count":0,"href":"https:\/\/www.archspm.org\/es\/wp-json\/wp\/v2\/pages\/1261\/revisions"}],"wp:featuredmedia":[{"embeddable":true,"href":"https:\/\/www.archspm.org\/es\/wp-json\/wp\/v2\/media\/6958"}],"wp:attachment":[{"href":"https:\/\/www.archspm.org\/es\/wp-json\/wp\/v2\/media?parent=1261"}],"curies":[{"name":"wp","href":"https:\/\/api.w.org\/{rel}","templated":true}]}}