{"id":1262,"date":"2019-12-27T16:00:36","date_gmt":"2019-12-27T21:00:36","guid":{"rendered":"https:\/\/www.archspm.org\/stations-of-the-cross-the-sixth-station-veronica-wipes-the-face-of-jesus\/"},"modified":"2019-12-27T16:00:36","modified_gmt":"2019-12-27T21:00:36","slug":"stations-of-the-cross-the-sixth-station-veronica-wipes-the-face-of-jesus","status":"publish","type":"page","link":"https:\/\/www.archspm.org\/es\/stations-of-the-cross-the-sixth-station-veronica-wipes-the-face-of-jesus\/","title":{"rendered":"V\u00eda Crucis - Sexta estaci\u00f3n: La Ver\u00f3nica enjuga el rostro de Jes\u00fas"},"content":{"rendered":"<h1 class=\"entry-title\">V\u00eda Crucis - Sexta estaci\u00f3n: La Ver\u00f3nica enjuga el rostro de Jes\u00fas<\/h1>\n<div class=\"entry-content\">\n<p>Mi Jes\u00fas, \u00bfd\u00f3nde estaban todos los cientos de personas cuyos cuerpos y almas fueron sanados por ti? \u00bfD\u00f3nde estaban cuando necesitabas que alguien te diera la m\u00e1s m\u00ednima se\u00f1al de consuelo? La ingratitud debi\u00f3 de haber oprimido tu coraz\u00f3n y hecho que la cruz fuera casi imposible de llevar. Hay momentos en los que yo tambi\u00e9n siento que todos mis esfuerzos por tu Reino son in\u00fatiles y terminan en la nada. \u00bfRecorrieron tus ojos la multitud en busca del consuelo de una sola persona, una se\u00f1al de compasi\u00f3n, una se\u00f1al de dolor?<\/p>\n<p>Mi coraz\u00f3n se emociona con una triste alegr\u00eda cuando pienso en una mujer que, liber\u00e1ndose del miedo y del respeto humano, te ofreci\u00f3 su fino velo para limpiar tu rostro ensangrentado. \u00a1Tu coraz\u00f3n amoroso, siempre atento a la m\u00e1s m\u00ednima se\u00f1al de amor, imprimi\u00f3 en \u00e9l la imagen de tu rostro desgarrado! \u00bfC\u00f3mo puedes olvidarte de ti mismo tan completamente y recompensar un acto de bondad tan peque\u00f1o?<\/p>\n<p>Debo admitir que he sido de los que tem\u00edan conocerte, a diferencia de Ver\u00f3nica. A ella no le importaba que todo el mundo supiera que te amaba. Jes\u00fas, con el coraz\u00f3n roto, dame esa cualidad del alma tan necesaria para dar testimonio y difundir tu Palabra, para decir a todas las personas que las amas. Env\u00eda a muchos a tu vi\u00f1a para que los pueblos de todas las naciones puedan recibir la Buena Nueva. Imprime tu imagen divina en mi alma y haz que el fino velo de mi naturaleza humana sea un reflejo perfecto de tu Esp\u00edritu amoroso.<\/p>\n<p>Am\u00e9n<\/p>\n<p>&nbsp;<\/p>\n<p><em>\u00a92012 EWTN. Utilizado con permiso.<\/em><\/p>\n<p>Para m\u00e1s oraciones cat\u00f3licas y recursos adicionales, visite la p\u00e1gina\u00a0<a href=\"https:\/\/www.ewtn.com\/catholicism\/devotions\/prayers-69\" target=\"_blank\" rel=\"noopener noreferrer\">P\u00e1gina web de EWTN<\/a>.<\/p>\n<\/div>","protected":false},"excerpt":{"rendered":"<p>Stations of the Cross \u2013 The Sixth Station: Veronica Wipes the Face of Jesus My Jesus, where were all the hundreds of peoples whose bodies and souls were healed by you? Where were they when You needed someone to give You the least sign of comfort? Ingratitude must have borne down upon Your heart and [&hellip;]<\/p>\n","protected":false},"author":2,"featured_media":6958,"parent":0,"menu_order":0,"comment_status":"closed","ping_status":"closed","template":"","meta":{"footnotes":""},"class_list":["post-1262","page","type-page","status-publish","has-post-thumbnail","hentry"],"_links":{"self":[{"href":"https:\/\/www.archspm.org\/es\/wp-json\/wp\/v2\/pages\/1262","targetHints":{"allow":["GET"]}}],"collection":[{"href":"https:\/\/www.archspm.org\/es\/wp-json\/wp\/v2\/pages"}],"about":[{"href":"https:\/\/www.archspm.org\/es\/wp-json\/wp\/v2\/types\/page"}],"author":[{"embeddable":true,"href":"https:\/\/www.archspm.org\/es\/wp-json\/wp\/v2\/users\/2"}],"replies":[{"embeddable":true,"href":"https:\/\/www.archspm.org\/es\/wp-json\/wp\/v2\/comments?post=1262"}],"version-history":[{"count":0,"href":"https:\/\/www.archspm.org\/es\/wp-json\/wp\/v2\/pages\/1262\/revisions"}],"wp:featuredmedia":[{"embeddable":true,"href":"https:\/\/www.archspm.org\/es\/wp-json\/wp\/v2\/media\/6958"}],"wp:attachment":[{"href":"https:\/\/www.archspm.org\/es\/wp-json\/wp\/v2\/media?parent=1262"}],"curies":[{"name":"wp","href":"https:\/\/api.w.org\/{rel}","templated":true}]}}