{"id":1263,"date":"2019-12-27T16:02:11","date_gmt":"2019-12-27T21:02:11","guid":{"rendered":"https:\/\/www.archspm.org\/stations-of-the-cross-the-seventh-station-jesus-falls-a-second-time\/"},"modified":"2019-12-27T16:02:11","modified_gmt":"2019-12-27T21:02:11","slug":"stations-of-the-cross-the-seventh-station-jesus-falls-a-second-time","status":"publish","type":"page","link":"https:\/\/www.archspm.org\/es\/stations-of-the-cross-the-seventh-station-jesus-falls-a-second-time\/","title":{"rendered":"V\u00eda Crucis - S\u00e9ptima estaci\u00f3n: Jes\u00fas cae por segunda vez"},"content":{"rendered":"<h1 class=\"entry-title\">V\u00eda Crucis - S\u00e9ptima estaci\u00f3n: Jes\u00fas cae por segunda vez<\/h1>\n<div class=\"entry-content\">\n<p>\u00a1Jes\u00fas m\u00edo!, una de las hermosas cualidades que la gente admiraba en Ti era Tu fortaleza ante el escarnio: Tu capacidad para estar a la altura de las circunstancias. Pero ahora caes por segunda vez, aparentemente vencido por el dolor de la Cruz. Quienes Te juzgaron por las apariencias cometieron un terrible error. \u00a1Lo que parec\u00eda debilidad era una fortaleza sin igual!<\/p>\n<p>A menudo juzgo por las apariencias, y qu\u00e9 equivocado estoy la mayor parte del tiempo. El mundo juzga exclusivamente mediante este m\u00e9todo enga\u00f1oso de discernimiento. Desprecia a quienes aparentemente han dado lo mejor de s\u00ed mismos y ahora se encuentran en la necesidad. Juzga a los pobres como fracasados, a los enfermos como in\u00fatiles y a los ancianos como una carga. \u00a1Cu\u00e1n err\u00f3neo es ese tipo de juicio a la luz de tu segunda ca\u00edda! Tu momento m\u00e1s grande fue el m\u00e1s d\u00e9bil. Tu mayor triunfo fue en el fracaso. Tu mayor acto de amor fue en la desolaci\u00f3n. Tu mayor demostraci\u00f3n de poder fue en esa absoluta falta de fuerza que te derrib\u00f3 al suelo.<\/p>\n<p>Jes\u00fas, d\u00e9bil y poderoso, conc\u00e9deme la gracia de ver m\u00e1s all\u00e1 de lo visible y de ser m\u00e1s consciente de tu sabidur\u00eda en medio de la debilidad. Concede a los ancianos, a los enfermos, a los discapacitados, a los con retraso mental, a los sordos y a los ciegos el fruto de la alegr\u00eda, para que sean siempre conscientes del don del Padre y de la enorme diferencia entre lo que ve el mundo y lo que ve el Padre; para que se glor\u00eden en su debilidad, a fin de que se manifieste el poder de Dios.<\/p>\n<p>Am\u00e9n<\/p>\n<p>&nbsp;<\/p>\n<p><em>\u00a92012 EWTN. Utilizado con permiso.<\/em><\/p>\n<p>Para m\u00e1s oraciones cat\u00f3licas y recursos adicionales, visite la p\u00e1gina\u00a0<a href=\"https:\/\/www.ewtn.com\/catholicism\/devotions\/prayers-69\" target=\"_blank\" rel=\"noopener noreferrer\">P\u00e1gina web de EWTN<\/a>.<\/p>\n<\/div>","protected":false},"excerpt":{"rendered":"<p>Stations of the Cross \u2013 The Seventh Station: Jesus Falls A Second Time My Jesus, one of the beautiful qualities the people admired in You was Your strength in time of ridicule \u2013 Your ability to rise above the occasion. But now, You fall a second time \u2013 apparently conquered by the pain of the [&hellip;]<\/p>\n","protected":false},"author":2,"featured_media":6958,"parent":0,"menu_order":0,"comment_status":"closed","ping_status":"closed","template":"","meta":{"footnotes":""},"class_list":["post-1263","page","type-page","status-publish","has-post-thumbnail","hentry"],"_links":{"self":[{"href":"https:\/\/www.archspm.org\/es\/wp-json\/wp\/v2\/pages\/1263","targetHints":{"allow":["GET"]}}],"collection":[{"href":"https:\/\/www.archspm.org\/es\/wp-json\/wp\/v2\/pages"}],"about":[{"href":"https:\/\/www.archspm.org\/es\/wp-json\/wp\/v2\/types\/page"}],"author":[{"embeddable":true,"href":"https:\/\/www.archspm.org\/es\/wp-json\/wp\/v2\/users\/2"}],"replies":[{"embeddable":true,"href":"https:\/\/www.archspm.org\/es\/wp-json\/wp\/v2\/comments?post=1263"}],"version-history":[{"count":0,"href":"https:\/\/www.archspm.org\/es\/wp-json\/wp\/v2\/pages\/1263\/revisions"}],"wp:featuredmedia":[{"embeddable":true,"href":"https:\/\/www.archspm.org\/es\/wp-json\/wp\/v2\/media\/6958"}],"wp:attachment":[{"href":"https:\/\/www.archspm.org\/es\/wp-json\/wp\/v2\/media?parent=1263"}],"curies":[{"name":"wp","href":"https:\/\/api.w.org\/{rel}","templated":true}]}}