{"id":1264,"date":"2019-12-27T16:03:47","date_gmt":"2019-12-27T21:03:47","guid":{"rendered":"https:\/\/www.archspm.org\/stations-of-the-cross-the-eighth-station-jesus-speaks-to-the-holy-women\/"},"modified":"2019-12-27T16:03:47","modified_gmt":"2019-12-27T21:03:47","slug":"stations-of-the-cross-the-eighth-station-jesus-speaks-to-the-holy-women","status":"publish","type":"page","link":"https:\/\/www.archspm.org\/es\/stations-of-the-cross-the-eighth-station-jesus-speaks-to-the-holy-women\/","title":{"rendered":"V\u00eda Crucis - La octava estaci\u00f3n: Jes\u00fas habla a las Santas Mujeres"},"content":{"rendered":"<h1 class=\"entry-title\">V\u00eda Crucis - La octava estaci\u00f3n: Jes\u00fas habla a las Santas Mujeres<\/h1>\n<div class=\"entry-content\">\n<p>Mi Jes\u00fas, me sorprende tu compasi\u00f3n por los dem\u00e1s en tu momento de necesidad. Cuando sufro, tiendo a pensar solo en m\u00ed mismo, pero t\u00fa te olvidaste completamente de ti mismo. Cuando viste a las santas mujeres llorando por tus tormentos, las consolaste y les ense\u00f1aste a profundizar en tu Pasi\u00f3n. Quer\u00edas que comprendieran que el verdadero mal por el que llorar era el rechazo que sufriste por parte del pueblo elegido, un pueblo apartado de todas las dem\u00e1s naciones, que se neg\u00f3 a aceptar al Hijo de Dios.<\/p>\n<p>El Acto de Redenci\u00f3n continuar\u00eda y nadie podr\u00eda jam\u00e1s arrebatarte tu dignidad como Hijo de Dios, pero la maldad, la codicia, los celos y la ambici\u00f3n en los corazones de aquellos que deber\u00edan haberte reconocido eran motivo de dolor. Estar tan cerca de Dios hecho hombre y perderlo por completo era el verdadero crimen.<\/p>\n<p>Mi Jes\u00fas, me temo que hago lo mismo cuando cuelo los mosquitos y me trago los camellos, cuando saco la paja del ojo de mi hermano y olvido la viga en el m\u00edo. Es un gran regalo, este don de la fe. Es una gracia sublime poseer Tu propio Esp\u00edritu. \u00bfPor qu\u00e9 no he avanzado en la santidad de la vida? No veo las muchas formas en que te disfrazas y solo veo personas, circunstancias y acontecimientos humanos, no la mano amorosa del Padre que gu\u00eda todas las cosas. Ayuda a todos los que est\u00e1n desanimados, enfermos, solos y ancianos a reconocer tu presencia entre ellos.<\/p>\n<p>Am\u00e9n<\/p>\n<p>&nbsp;<\/p>\n<p><em>\u00a92012 EWTN. Utilizado con permiso.<\/em><\/p>\n<p>Para m\u00e1s oraciones cat\u00f3licas y recursos adicionales, visite la p\u00e1gina\u00a0<a href=\"https:\/\/www.ewtn.com\/catholicism\/devotions\/prayers-69\" target=\"_blank\" rel=\"noopener noreferrer\">P\u00e1gina web de EWTN<\/a>.<\/p>\n<\/div>","protected":false},"excerpt":{"rendered":"<p>Stations of the Cross \u2013 The Eighth Station: Jesus Speaks to the Holy Women My Jesus, I am amazed at Your compassion for others in Your time of need. When I suffer, I have a tendency to think only of myself but You forgot Yourself completely. When You saw the holy women weeping over Your [&hellip;]<\/p>\n","protected":false},"author":2,"featured_media":6958,"parent":0,"menu_order":0,"comment_status":"closed","ping_status":"closed","template":"","meta":{"footnotes":""},"class_list":["post-1264","page","type-page","status-publish","has-post-thumbnail","hentry"],"_links":{"self":[{"href":"https:\/\/www.archspm.org\/es\/wp-json\/wp\/v2\/pages\/1264","targetHints":{"allow":["GET"]}}],"collection":[{"href":"https:\/\/www.archspm.org\/es\/wp-json\/wp\/v2\/pages"}],"about":[{"href":"https:\/\/www.archspm.org\/es\/wp-json\/wp\/v2\/types\/page"}],"author":[{"embeddable":true,"href":"https:\/\/www.archspm.org\/es\/wp-json\/wp\/v2\/users\/2"}],"replies":[{"embeddable":true,"href":"https:\/\/www.archspm.org\/es\/wp-json\/wp\/v2\/comments?post=1264"}],"version-history":[{"count":0,"href":"https:\/\/www.archspm.org\/es\/wp-json\/wp\/v2\/pages\/1264\/revisions"}],"wp:featuredmedia":[{"embeddable":true,"href":"https:\/\/www.archspm.org\/es\/wp-json\/wp\/v2\/media\/6958"}],"wp:attachment":[{"href":"https:\/\/www.archspm.org\/es\/wp-json\/wp\/v2\/media?parent=1264"}],"curies":[{"name":"wp","href":"https:\/\/api.w.org\/{rel}","templated":true}]}}