{"id":1265,"date":"2019-12-27T16:05:40","date_gmt":"2019-12-27T21:05:40","guid":{"rendered":"https:\/\/www.archspm.org\/stations-of-the-cross-the-ninth-station-jesus-falls-the-third-time\/"},"modified":"2019-12-27T16:05:40","modified_gmt":"2019-12-27T21:05:40","slug":"stations-of-the-cross-the-ninth-station-jesus-falls-the-third-time","status":"publish","type":"page","link":"https:\/\/www.archspm.org\/es\/stations-of-the-cross-the-ninth-station-jesus-falls-the-third-time\/","title":{"rendered":"V\u00eda Crucis - Novena estaci\u00f3n: Jes\u00fas cae por tercera vez"},"content":{"rendered":"<h1 class=\"entry-title\">V\u00eda Crucis - Novena estaci\u00f3n: Jes\u00fas cae por tercera vez<\/h1>\n<div class=\"entry-content\">\n<p>Jes\u00fas m\u00edo, incluso con la ayuda de Sim\u00f3n ca\u00edste por tercera vez. \u00bfMe estabas diciendo que habr\u00e1 momentos en mi vida en los que caer\u00e9 una y otra vez a pesar de la ayuda de amigos y seres queridos? Hay momentos en que las cruces que T\u00fa permites en mi vida son m\u00e1s de lo que puedo soportar. Es como si todos los sufrimientos de una vida se comprimieran de repente en el momento presente y es m\u00e1s de lo que puedo soportar.<\/p>\n<p>Aunque me apena verte tan d\u00e9bil e indefenso, es un consuelo para mi alma saber que comprendes mis sufrimientos por experiencia propia. Tu amor por m\u00ed hizo que quisieras experimentar todo tipo de dolor s\u00f3lo para que yo pudiera tener a alguien a quien mirar como ejemplo y valiente.<\/p>\n<p>Cuando grito desde lo m\u00e1s profundo de mi alma: \"Este sufrimiento es m\u00e1s de lo que puedo soportar\", \u00bfsusurras T\u00fa: \"S\u00ed, comprendo\"? Cuando me desanimo despu\u00e9s de muchas ca\u00eddas, \u00bfdices en lo m\u00e1s \u00edntimo de mi ser: \"Sigue adelante, s\u00e9 lo dif\u00edcil que es levantarse\"?<\/p>\n<p>Hay muchas personas muy probadas en cuerpo y alma por las debilidades del alcohol y las drogas que lo intentan y lo intentan y caen una y otra vez. A trav\u00e9s de la humillaci\u00f3n de esta tercera ca\u00edda, dales el valor y la perseverancia para tomar su cruz y seguirte.<\/p>\n<p>Am\u00e9n<\/p>\n<p>&nbsp;<\/p>\n<p><em>\u00a92012 EWTN. Utilizado con permiso.<\/em><\/p>\n<p>Para m\u00e1s oraciones cat\u00f3licas y recursos adicionales, visite la p\u00e1gina\u00a0<a href=\"https:\/\/www.ewtn.com\/catholicism\/devotions\/prayers-69\" target=\"_blank\" rel=\"noopener noreferrer\">P\u00e1gina web de EWTN<\/a>.<\/p>\n<\/div>","protected":false},"excerpt":{"rendered":"<p>Stations of the Cross \u2013 The Ninth Station: Jesus Falls the Third Time My Jesus, even with the help of Simon You fell a third time. Were You telling me that there may be times in my life that I will fall again and again despite the help of friends and loved ones? There are [&hellip;]<\/p>\n","protected":false},"author":2,"featured_media":6958,"parent":0,"menu_order":0,"comment_status":"closed","ping_status":"closed","template":"","meta":{"footnotes":""},"class_list":["post-1265","page","type-page","status-publish","has-post-thumbnail","hentry"],"_links":{"self":[{"href":"https:\/\/www.archspm.org\/es\/wp-json\/wp\/v2\/pages\/1265","targetHints":{"allow":["GET"]}}],"collection":[{"href":"https:\/\/www.archspm.org\/es\/wp-json\/wp\/v2\/pages"}],"about":[{"href":"https:\/\/www.archspm.org\/es\/wp-json\/wp\/v2\/types\/page"}],"author":[{"embeddable":true,"href":"https:\/\/www.archspm.org\/es\/wp-json\/wp\/v2\/users\/2"}],"replies":[{"embeddable":true,"href":"https:\/\/www.archspm.org\/es\/wp-json\/wp\/v2\/comments?post=1265"}],"version-history":[{"count":0,"href":"https:\/\/www.archspm.org\/es\/wp-json\/wp\/v2\/pages\/1265\/revisions"}],"wp:featuredmedia":[{"embeddable":true,"href":"https:\/\/www.archspm.org\/es\/wp-json\/wp\/v2\/media\/6958"}],"wp:attachment":[{"href":"https:\/\/www.archspm.org\/es\/wp-json\/wp\/v2\/media?parent=1265"}],"curies":[{"name":"wp","href":"https:\/\/api.w.org\/{rel}","templated":true}]}}