{"id":1266,"date":"2019-12-27T16:07:36","date_gmt":"2019-12-27T21:07:36","guid":{"rendered":"https:\/\/www.archspm.org\/stations-of-the-cross-the-tenth-station-jesus-is-stripped-of-his-garments\/"},"modified":"2019-12-27T16:07:36","modified_gmt":"2019-12-27T21:07:36","slug":"stations-of-the-cross-the-tenth-station-jesus-is-stripped-of-his-garments","status":"publish","type":"page","link":"https:\/\/www.archspm.org\/es\/stations-of-the-cross-the-tenth-station-jesus-is-stripped-of-his-garments\/","title":{"rendered":"V\u00eda Crucis - D\u00e9cima estaci\u00f3n: Jes\u00fas es despojado de sus vestiduras"},"content":{"rendered":"<h1 class=\"entry-title\">V\u00eda Crucis - D\u00e9cima estaci\u00f3n: Jes\u00fas es despojado de sus vestiduras<\/h1>\n<div class=\"entry-content\">\n<p>Parece que cada paso hacia el Calvario te tra\u00eda una nueva humillaci\u00f3n, mi Jes\u00fas. C\u00f3mo se rebel\u00f3 tu naturaleza sensible al ser despojado ante una multitud de personas. Deseabas dejar esta vida tal como la hab\u00edas comenzado: completamente desprendido de todas las comodidades de este mundo. Quieres que sepa sin lugar a dudas que me amaste con un amor desinteresado. Tu amor por m\u00ed no te caus\u00f3 m\u00e1s que dolor y tristeza. Lo diste todo y no recibiste nada a cambio. \u00bfPor qu\u00e9 me resulta tan dif\u00edcil desprenderme?<\/p>\n<p>En tu coraz\u00f3n amoroso, querido Jes\u00fas, \u00bfmiraste al Padre mientras permanec\u00edas all\u00ed, en aquella colina azotada por el viento, temblando de fr\u00edo y verg\u00fcenza y estremecido por el miedo, y le pediste que tuviera misericordia de aquellos que violar\u00edan su pureza y se burlar\u00edan del amor? \u00bfPediste perd\u00f3n por aquellos cuya codicia los llevar\u00eda a mentir, enga\u00f1ar y robar por unas pocas monedas de plata fr\u00eda?<\/p>\n<p>Perd\u00f3nanos a todos, querido Jes\u00fas. Mira al mundo con compasi\u00f3n, pues la humanidad se ha descarriado y los principios de este mundo convierten la lujuria en un juego divertido y el lujo en una necesidad. El desapego se ha convertido en una simple penuria m\u00e1s para los pobres, y la obediencia, en la culpa de los d\u00e9biles. Ten piedad de nosotros y concede a la gente de hoy el valor para verse y conocerse a s\u00ed misma, y la luz para cambiar.<\/p>\n<p>Am\u00e9n<em>\u00a0<\/em><\/p>\n<p>&nbsp;<\/p>\n<p><em>\u00a92012 EWTN. Utilizado con permiso.<\/em><\/p>\n<p>Para m\u00e1s oraciones cat\u00f3licas y recursos adicionales, visite la p\u00e1gina\u00a0<a href=\"https:\/\/www.ewtn.com\/catholicism\/devotions\/prayers-69\" target=\"_blank\" rel=\"noopener noreferrer\">P\u00e1gina web de EWTN<\/a>.<\/p>\n<\/div>","protected":false},"excerpt":{"rendered":"<p>Stations of the Cross \u2013 The Tenth Station: Jesus is Stripped of His Garments It seems that every step to Calvary brought You fresh humiliation, my Jesus. How Your sensitive nature recoiled at being stripped before a crowd of people. You desired to leave this life as You entered it \u2013 completely detached from all [&hellip;]<\/p>\n","protected":false},"author":2,"featured_media":6958,"parent":0,"menu_order":0,"comment_status":"closed","ping_status":"closed","template":"","meta":{"footnotes":""},"class_list":["post-1266","page","type-page","status-publish","has-post-thumbnail","hentry"],"_links":{"self":[{"href":"https:\/\/www.archspm.org\/es\/wp-json\/wp\/v2\/pages\/1266","targetHints":{"allow":["GET"]}}],"collection":[{"href":"https:\/\/www.archspm.org\/es\/wp-json\/wp\/v2\/pages"}],"about":[{"href":"https:\/\/www.archspm.org\/es\/wp-json\/wp\/v2\/types\/page"}],"author":[{"embeddable":true,"href":"https:\/\/www.archspm.org\/es\/wp-json\/wp\/v2\/users\/2"}],"replies":[{"embeddable":true,"href":"https:\/\/www.archspm.org\/es\/wp-json\/wp\/v2\/comments?post=1266"}],"version-history":[{"count":0,"href":"https:\/\/www.archspm.org\/es\/wp-json\/wp\/v2\/pages\/1266\/revisions"}],"wp:featuredmedia":[{"embeddable":true,"href":"https:\/\/www.archspm.org\/es\/wp-json\/wp\/v2\/media\/6958"}],"wp:attachment":[{"href":"https:\/\/www.archspm.org\/es\/wp-json\/wp\/v2\/media?parent=1266"}],"curies":[{"name":"wp","href":"https:\/\/api.w.org\/{rel}","templated":true}]}}