{"id":1267,"date":"2019-12-27T16:09:30","date_gmt":"2019-12-27T21:09:30","guid":{"rendered":"https:\/\/www.archspm.org\/stations-of-the-cross-the-eleventh-station-jesus-is-nailed-to-the-cross\/"},"modified":"2019-12-27T16:09:30","modified_gmt":"2019-12-27T21:09:30","slug":"stations-of-the-cross-the-eleventh-station-jesus-is-nailed-to-the-cross","status":"publish","type":"page","link":"https:\/\/www.archspm.org\/es\/stations-of-the-cross-the-eleventh-station-jesus-is-nailed-to-the-cross\/","title":{"rendered":"V\u00eda Crucis - Und\u00e9cima estaci\u00f3n: Jes\u00fas es clavado en la cruz"},"content":{"rendered":"<h1 class=\"entry-title\">V\u00eda Crucis - Und\u00e9cima estaci\u00f3n: Jes\u00fas es clavado en la cruz<\/h1>\n<div class=\"entry-content\">\n<p>Es dif\u00edcil imaginar a un Dios clavado en una cruz por sus propias criaturas. \u00a1Y a\u00fan m\u00e1s dif\u00edcil me resulta comprender un amor que permitiera que algo as\u00ed sucediera! Cuando aquellos hombres clavaron clavos pesados en tus manos y pies, querido Jes\u00fas, \u00bfofreciste ese dolor como reparaci\u00f3n por alguna debilidad y pecado humanos en particular? \u00bfEl clavo de tu mano derecha fue por aquellos que pasan la vida en el desenfreno y el aburrimiento?<\/p>\n<p>\u00bfAcaso el clavo de Tu mano izquierda era una reparaci\u00f3n por todas las almas consagradas que llevan una vida tibia? \u00bfEstabas extendiendo Tus brazos para mostrarnos cu\u00e1nto nos amas? Cuando los pies que recorrieron los caminos calientes y polvorientos fueron clavados, \u00bfse contrajeron en un agarre mortal de dolor para reparar por todos aquellos que corren con tanta agilidad por el camino ancho del pecado y la autocomplacencia?<\/p>\n<p>Parece, querido Jes\u00fas, que Tu amor Te ha atado de pies y manos mientras Tu coraz\u00f3n suplica que le correspondan. Pareces gritar desde lo alto de la colina: \u201cTe amo \u2014ven a m\u00ed\u2014 mira, estoy atado \u2014no puedo hacerte da\u00f1o\u2014 solo t\u00fa puedes hacerme da\u00f1o a M\u00ed\u201d. \u00a1Cu\u00e1n duro es el coraz\u00f3n que puede ver tal amor y dar la espalda! \u00bfNo es cierto que yo tambi\u00e9n me he apartado cuando no he aceptado la voluntad del Padre con amor? Ens\u00e9\u00f1ame a mantener mis brazos siempre abiertos al amor, al perd\u00f3n y al servicio, dispuesto a ser herido antes que a herir, satisfecho con amar y no ser amado a cambio.<\/p>\n<p>Am\u00e9n<\/p>\n<p>&nbsp;<\/p>\n<p><em>\u00a92012 EWTN. Utilizado con permiso.<\/em><\/p>\n<p>Para m\u00e1s oraciones cat\u00f3licas y recursos adicionales, visite la p\u00e1gina\u00a0<a href=\"https:\/\/www.ewtn.com\/catholicism\/devotions\/prayers-69\" target=\"_blank\" rel=\"noopener noreferrer\">P\u00e1gina web de EWTN<\/a>.<\/p>\n<\/div>","protected":false},"excerpt":{"rendered":"<p>Stations of the Cross \u2013 The Eleventh Station: Jesus is Nailed to the Cross It is hard to imagine a God being nailed to a cross by His own creatures. It is even more difficult for my mind to understand a love that permitted such a thing to happen! As those men drove heavy nails [&hellip;]<\/p>\n","protected":false},"author":2,"featured_media":6958,"parent":0,"menu_order":0,"comment_status":"closed","ping_status":"closed","template":"","meta":{"footnotes":""},"class_list":["post-1267","page","type-page","status-publish","has-post-thumbnail","hentry"],"_links":{"self":[{"href":"https:\/\/www.archspm.org\/es\/wp-json\/wp\/v2\/pages\/1267","targetHints":{"allow":["GET"]}}],"collection":[{"href":"https:\/\/www.archspm.org\/es\/wp-json\/wp\/v2\/pages"}],"about":[{"href":"https:\/\/www.archspm.org\/es\/wp-json\/wp\/v2\/types\/page"}],"author":[{"embeddable":true,"href":"https:\/\/www.archspm.org\/es\/wp-json\/wp\/v2\/users\/2"}],"replies":[{"embeddable":true,"href":"https:\/\/www.archspm.org\/es\/wp-json\/wp\/v2\/comments?post=1267"}],"version-history":[{"count":0,"href":"https:\/\/www.archspm.org\/es\/wp-json\/wp\/v2\/pages\/1267\/revisions"}],"wp:featuredmedia":[{"embeddable":true,"href":"https:\/\/www.archspm.org\/es\/wp-json\/wp\/v2\/media\/6958"}],"wp:attachment":[{"href":"https:\/\/www.archspm.org\/es\/wp-json\/wp\/v2\/media?parent=1267"}],"curies":[{"name":"wp","href":"https:\/\/api.w.org\/{rel}","templated":true}]}}