{"id":1268,"date":"2019-12-27T16:10:39","date_gmt":"2019-12-27T21:10:39","guid":{"rendered":"https:\/\/www.archspm.org\/stations-of-the-cross-the-twelfth-station-jesus-dies-on-the-cross\/"},"modified":"2019-12-27T16:10:39","modified_gmt":"2019-12-27T21:10:39","slug":"stations-of-the-cross-the-twelfth-station-jesus-dies-on-the-cross","status":"publish","type":"page","link":"https:\/\/www.archspm.org\/es\/stations-of-the-cross-the-twelfth-station-jesus-dies-on-the-cross\/","title":{"rendered":"V\u00eda Crucis - Duod\u00e9cima estaci\u00f3n: Jes\u00fas muere en la cruz"},"content":{"rendered":"<h1 class=\"entry-title\">V\u00eda Crucis - Duod\u00e9cima estaci\u00f3n: Jes\u00fas muere en la cruz<\/h1>\n<div class=\"entry-content\">\n<p>\u00a1Dios ha muerto! No es de extra\u00f1ar que la tierra temblara, que el sol se ocultara, que los muertos resucitaran y que Mar\u00eda se quedara all\u00ed, horrorizada. Tu cuerpo humano entreg\u00f3 su alma en la muerte, pero tu Divinidad, querido Jes\u00fas, sigui\u00f3 manifestando su poder. Toda la creaci\u00f3n se rebel\u00f3 cuando el Verbo hecho carne parti\u00f3 de este mundo. Solo el hombre fue demasiado orgulloso para ver y demasiado obstinado para reconocer la verdad.<\/p>\n<p>\u00a1La redenci\u00f3n se hab\u00eda cumplido! El hombre nunca tendr\u00eda excusa para olvidar cu\u00e1nto lo amabas. El ladr\u00f3n a tu derecha vio algo que no pod\u00eda explicar: vio a un hombre colgado de un madero y supo que era Dios. Su necesidad le hizo ver su propia culpa y tu inocencia. La promesa de la vida eterna hizo que las horas que le quedaban de tortura fueran soportables.<\/p>\n<p>Un simple ladr\u00f3n respondi\u00f3 a Tu amor con profunda fe, esperanza y amor. Vio m\u00e1s all\u00e1 de lo que sus ojos pod\u00edan percibir: sinti\u00f3 una Presencia que no pod\u00eda explicar y contra la que no se atrev\u00eda a discutir. Se encontraba en una situaci\u00f3n de necesidad y acept\u00f3 la forma en que Dios hab\u00eda dispuesto ayudarlo.<\/p>\n<p>Perdona nuestro orgullo, querido Jes\u00fas, pues pasamos horas especulando, d\u00edas discutiendo y, a menudo, toda una vida rechazando tu muerte, que es un misterio sublime. Ten piedad de aquellos cuya inteligencia los lleva al orgullo, pues nunca sienten la necesidad de acudir al Hombre de Dolores en busca de consuelo.<\/p>\n<p>Am\u00e9n<\/p>\n<p>&nbsp;<\/p>\n<p><em>\u00a92012 EWTN. Utilizado con permiso.<\/em><\/p>\n<p>Para m\u00e1s oraciones cat\u00f3licas y recursos adicionales, visite la p\u00e1gina\u00a0<a href=\"https:\/\/www.ewtn.com\/catholicism\/devotions\/prayers-69\" target=\"_blank\" rel=\"noopener noreferrer\">P\u00e1gina web de EWTN<\/a>.<\/p>\n<\/div>","protected":false},"excerpt":{"rendered":"<p>Stations of the Cross \u2013 The Twelfth Station: Jesus Dies on the Cross God is dead! No wonder the earth quaked, the sun hid itself, the dead rose and Mary stood by in horror. Your human body gave up it\u2019s soul in death but Your Divinity, dear Jesus, continued to manifest its power. All creation [&hellip;]<\/p>\n","protected":false},"author":2,"featured_media":6958,"parent":0,"menu_order":0,"comment_status":"closed","ping_status":"closed","template":"","meta":{"footnotes":""},"class_list":["post-1268","page","type-page","status-publish","has-post-thumbnail","hentry"],"_links":{"self":[{"href":"https:\/\/www.archspm.org\/es\/wp-json\/wp\/v2\/pages\/1268","targetHints":{"allow":["GET"]}}],"collection":[{"href":"https:\/\/www.archspm.org\/es\/wp-json\/wp\/v2\/pages"}],"about":[{"href":"https:\/\/www.archspm.org\/es\/wp-json\/wp\/v2\/types\/page"}],"author":[{"embeddable":true,"href":"https:\/\/www.archspm.org\/es\/wp-json\/wp\/v2\/users\/2"}],"replies":[{"embeddable":true,"href":"https:\/\/www.archspm.org\/es\/wp-json\/wp\/v2\/comments?post=1268"}],"version-history":[{"count":0,"href":"https:\/\/www.archspm.org\/es\/wp-json\/wp\/v2\/pages\/1268\/revisions"}],"wp:featuredmedia":[{"embeddable":true,"href":"https:\/\/www.archspm.org\/es\/wp-json\/wp\/v2\/media\/6958"}],"wp:attachment":[{"href":"https:\/\/www.archspm.org\/es\/wp-json\/wp\/v2\/media?parent=1268"}],"curies":[{"name":"wp","href":"https:\/\/api.w.org\/{rel}","templated":true}]}}