{"id":1269,"date":"2019-12-27T16:13:14","date_gmt":"2019-12-27T21:13:14","guid":{"rendered":"https:\/\/www.archspm.org\/stations-of-the-cross-the-thirteenth-station-jesus-is-taken-down-from-the-cross\/"},"modified":"2019-12-27T16:13:14","modified_gmt":"2019-12-27T21:13:14","slug":"stations-of-the-cross-the-thirteenth-station-jesus-is-taken-down-from-the-cross","status":"publish","type":"page","link":"https:\/\/www.archspm.org\/es\/stations-of-the-cross-the-thirteenth-station-jesus-is-taken-down-from-the-cross\/","title":{"rendered":"V\u00eda Crucis - La decimotercera estaci\u00f3n: Jes\u00fas es bajado de la Cruz"},"content":{"rendered":"<h1 class=\"entry-title\">V\u00eda Crucis - La decimotercera estaci\u00f3n: Jes\u00fas es bajado de la Cruz<\/h1>\n<div class=\"entry-content\">\n<p>Jes\u00fas m\u00edo, fue con profundo dolor que Mar\u00eda finalmente te tom\u00f3 en sus brazos y vio todas las heridas que el pecado te hab\u00eda infligido. Mar\u00eda Magdalena contempl\u00f3 tu cuerpo sin vida con horror. Nicodemo, el hombre tan lleno de respeto humano, que vino a Ti de noche, de repente recibi\u00f3 el valor para ayudar a Jos\u00e9 a bajarte de la Cruz. Una vez m\u00e1s est\u00e1s rodeado solo de unos pocos seguidores. Cuando la soledad y el fracaso se crucen en mi camino, d\u00e9jame pensar en este momento solitario y en este fracaso total \u2014fracaso a los ojos de los hombres. \u00a1Cu\u00e1n equivocados estaban\u2014 cu\u00e1n err\u00f3neo era su concepto de \u00e9xito! El mayor acto de amor se realiz\u00f3 en la desolaci\u00f3n y la misi\u00f3n m\u00e1s exitosa se cumpli\u00f3 y termin\u00f3 cuando todo parec\u00eda perdido. \u00bfNo es esto cierto en mi vida, querido Jes\u00fas? Juzgo mis fracasos con dureza. Exijo perfecci\u00f3n en lugar de santidad. Mi idea de \u00e9xito es que todo termine bien, seg\u00fan mi gusto.<\/p>\n<p>Concede a todos los hombres la gracia de comprender que hacer Tu voluntad es m\u00e1s importante que el \u00e9xito. Si el fracaso es permitido para mi mayor bien, ens\u00e9\u00f1ame entonces a utilizarlo en mi beneficio. D\u00e9jame decir, como T\u00fa dijiste una vez, que hacer la voluntad del Padre es mi alimento. No permitas que las normas de este mundo se apoderen de m\u00ed o destruyan el bien que T\u00fa has establecido para m\u00ed: ser santo y cumplir la voluntad del Padre con gran amor. Perm\u00edteme aceptar los elogios o las cr\u00edticas, el \u00e9xito o el fracaso con la misma serenidad.<\/p>\n<p>Am\u00e9n<\/p>\n<p>&nbsp;<\/p>\n<p><em>\u00a92012 EWTN. Utilizado con permiso.<\/em><\/p>\n<p>Para m\u00e1s oraciones cat\u00f3licas y recursos adicionales, visite la p\u00e1gina\u00a0<a href=\"https:\/\/www.ewtn.com\/catholicism\/devotions\/prayers-69\" target=\"_blank\" rel=\"noopener noreferrer\">P\u00e1gina web de EWTN<\/a>.<\/p>\n<\/div>","protected":false},"excerpt":{"rendered":"<p>Stations of the Cross \u2013 The Thirteenth Station: Jesus is Taken Down From the Cross My Jesus, it was with deep grief that Mary finally took You into her arms and saw all the wounds sin had inflicted upon You. Mary Magdalene looked upon Your dead Body with horror. Nicodemus, the man so full of [&hellip;]<\/p>\n","protected":false},"author":2,"featured_media":6958,"parent":0,"menu_order":0,"comment_status":"closed","ping_status":"closed","template":"","meta":{"footnotes":""},"class_list":["post-1269","page","type-page","status-publish","has-post-thumbnail","hentry"],"_links":{"self":[{"href":"https:\/\/www.archspm.org\/es\/wp-json\/wp\/v2\/pages\/1269","targetHints":{"allow":["GET"]}}],"collection":[{"href":"https:\/\/www.archspm.org\/es\/wp-json\/wp\/v2\/pages"}],"about":[{"href":"https:\/\/www.archspm.org\/es\/wp-json\/wp\/v2\/types\/page"}],"author":[{"embeddable":true,"href":"https:\/\/www.archspm.org\/es\/wp-json\/wp\/v2\/users\/2"}],"replies":[{"embeddable":true,"href":"https:\/\/www.archspm.org\/es\/wp-json\/wp\/v2\/comments?post=1269"}],"version-history":[{"count":0,"href":"https:\/\/www.archspm.org\/es\/wp-json\/wp\/v2\/pages\/1269\/revisions"}],"wp:featuredmedia":[{"embeddable":true,"href":"https:\/\/www.archspm.org\/es\/wp-json\/wp\/v2\/media\/6958"}],"wp:attachment":[{"href":"https:\/\/www.archspm.org\/es\/wp-json\/wp\/v2\/media?parent=1269"}],"curies":[{"name":"wp","href":"https:\/\/api.w.org\/{rel}","templated":true}]}}