{"id":1270,"date":"2019-12-27T16:14:56","date_gmt":"2019-12-27T21:14:56","guid":{"rendered":"https:\/\/www.archspm.org\/stations-of-the-cross-the-fourteenth-station-jesus-is-laid-in-the-tomb\/"},"modified":"2019-12-27T16:14:56","modified_gmt":"2019-12-27T21:14:56","slug":"stations-of-the-cross-the-fourteenth-station-jesus-is-laid-in-the-tomb","status":"publish","type":"page","link":"https:\/\/www.archspm.org\/es\/stations-of-the-cross-the-fourteenth-station-jesus-is-laid-in-the-tomb\/","title":{"rendered":"V\u00eda Crucis - La decimocuarta estaci\u00f3n: Jes\u00fas es sepultado"},"content":{"rendered":"<h1 class=\"entry-title\">V\u00eda Crucis - La decimocuarta estaci\u00f3n: Jes\u00fas es sepultado<\/h1>\n<div class=\"entry-content\">\n<p>Mi Jes\u00fas, fuiste depositado en la tumba de un desconocido. Naciste sin nada de los bienes de este mundo y moriste desprendido de todo. Cuando viniste al mundo, los hombres dorm\u00edan y los \u00e1ngeles cantaban; y ahora, al abandonarlo, la Creaci\u00f3n guarda silencio y solo unos pocos lloran. Ambos acontecimientos estuvieron envueltos en la oscuridad. La mayor\u00eda de los hombres vive de esa manera. La mayor\u00eda de nosotros vivimos y morimos conociendo y siendo conocidos solo por unos pocos. \u00bfEstabas tratando de decirnos, querido Jes\u00fas, cu\u00e1n importantes son nuestras vidas simplemente porque estamos cumpliendo la voluntad del Padre? \u00bfAprenderemos alguna vez la lecci\u00f3n de humildad que nos hace estar contentos con quienes somos, d\u00f3nde estamos y lo que somos?<\/p>\n<p>\u00bfSer\u00e1 nuestra fe alguna vez lo suficientemente fuerte como para ver el poder en la debilidad y el bien en los sufrimientos de nuestras vidas? \u00bfSer\u00e1 nuestra esperanza lo suficientemente firme como para confiar en Tu Providencia incluso cuando no tengamos d\u00f3nde recostar la cabeza? \u00bfSer\u00e1 nuestro amor alguna vez lo suficientemente fuerte como para no escandalizarnos ante la cruz?<\/p>\n<p>Jes\u00fas m\u00edo, esconde mi alma en tu coraz\u00f3n mientras yaces solo en el sepulcro. Que mi coraz\u00f3n sea como un fuego que te mantenga caliente. Que mi deseo de conocerte y amarte sea como una antorcha que ilumine la oscuridad. Que mi alma cante suavemente un himno de amor arrepentido mientras pasan las horas y tu Resurrecci\u00f3n est\u00e1 cerca. \u00a1D\u00e9jame regocijarme, querido Jes\u00fas, con todos los \u00e1ngeles en un himno de alabanza y acci\u00f3n de gracias por un amor tan grande, un Dios tan grande, un d\u00eda tan grande!<\/p>\n<p>Am\u00e9n<\/p>\n<p>&nbsp;<\/p>\n<p><em>\u00a92012 EWTN. Utilizado con permiso.<\/em><br \/>\n<em>\u00a0<\/em><\/p>\n<p>Para m\u00e1s oraciones cat\u00f3licas y recursos adicionales, visite la p\u00e1gina\u00a0<a href=\"https:\/\/www.ewtn.com\/catholicism\/devotions\/prayers-69\" target=\"_blank\" rel=\"noopener noreferrer\">P\u00e1gina web de EWTN<\/a>.<\/p>\n<\/div>","protected":false},"excerpt":{"rendered":"<p>Stations of the Cross \u2013 The Fourteenth Station: Jesus is Laid in the Tomb My Jesus, You were laid to rest in a stranger\u2019s tomb. You were born with nothing of this world\u2019s goods and You died detached from everything. When You came into the world, men slept and angels sang and now as You [&hellip;]<\/p>\n","protected":false},"author":2,"featured_media":6958,"parent":0,"menu_order":0,"comment_status":"closed","ping_status":"closed","template":"","meta":{"footnotes":""},"class_list":["post-1270","page","type-page","status-publish","has-post-thumbnail","hentry"],"_links":{"self":[{"href":"https:\/\/www.archspm.org\/es\/wp-json\/wp\/v2\/pages\/1270","targetHints":{"allow":["GET"]}}],"collection":[{"href":"https:\/\/www.archspm.org\/es\/wp-json\/wp\/v2\/pages"}],"about":[{"href":"https:\/\/www.archspm.org\/es\/wp-json\/wp\/v2\/types\/page"}],"author":[{"embeddable":true,"href":"https:\/\/www.archspm.org\/es\/wp-json\/wp\/v2\/users\/2"}],"replies":[{"embeddable":true,"href":"https:\/\/www.archspm.org\/es\/wp-json\/wp\/v2\/comments?post=1270"}],"version-history":[{"count":0,"href":"https:\/\/www.archspm.org\/es\/wp-json\/wp\/v2\/pages\/1270\/revisions"}],"wp:featuredmedia":[{"embeddable":true,"href":"https:\/\/www.archspm.org\/es\/wp-json\/wp\/v2\/media\/6958"}],"wp:attachment":[{"href":"https:\/\/www.archspm.org\/es\/wp-json\/wp\/v2\/media?parent=1270"}],"curies":[{"name":"wp","href":"https:\/\/api.w.org\/{rel}","templated":true}]}}