{"id":1272,"date":"2019-12-27T16:19:20","date_gmt":"2019-12-27T21:19:20","guid":{"rendered":"https:\/\/www.archspm.org\/archdiocesan-prayer-for-vocations\/"},"modified":"2025-05-16T17:11:28","modified_gmt":"2025-05-16T21:11:28","slug":"archdiocesan-prayer-for-vocations","status":"publish","type":"page","link":"https:\/\/www.archspm.org\/es\/archdiocesan-prayer-for-vocations\/","title":{"rendered":"Oraci\u00f3n arquidiocesana por las vocaciones"},"content":{"rendered":"<div data-elementor-type=\"wp-page\" data-elementor-id=\"1272\" class=\"elementor elementor-1272\" data-elementor-post-type=\"page\">\n\t\t\t\t<div class=\"elementor-element elementor-element-2e5647d5 e-flex e-con-boxed e-con e-parent\" data-id=\"2e5647d5\" data-element_type=\"container\" data-e-type=\"container\" data-settings=\"{&quot;jet_parallax_layout_list&quot;:[]}\">\n\t\t\t\t\t<div class=\"e-con-inner\">\n\t\t\t\t<div class=\"elementor-element elementor-element-4d940b01 elementor-widget elementor-widget-text-editor\" data-id=\"4d940b01\" data-element_type=\"widget\" data-e-type=\"widget\" data-widget_type=\"text-editor.default\">\n\t\t\t\t\t\t\t\t\t<h1 class=\"entry-title\">Oraci\u00f3n arquidiocesana por las vocaciones<\/h1><div class=\"entry-content\"><p>Oh Dios, te pedimos encarecidamente que bendigas a esta arquidi\u00f3cesis con muchos sacerdotes, di\u00e1conos y mujeres y hombres consagrados, que te amen con todas sus fuerzas y dediquen con alegr\u00eda toda su vida a servir a tu Iglesia y a darte a conocer y amar.<\/p><p>Bendice a nuestras familias; bendice a nuestros hijos. Elige de entre nuestros hogares a aquellos que necesitas para tu obra.<\/p><p>Mar\u00eda, Madre de la Iglesia, ruega por nosotros, por nuestro clero y por todos los que viven una vida consagrada. Obt\u00e9n para nosotros muchos m\u00e1s.<\/p><p><em>Oraci\u00f3n original escrita por el difunto arzobispo William O. Brady<\/em><br \/><em>Arzobispo de San Pablo y Minneapolis<\/em><\/p><p><em>Revisado en 2025 por el Excmo. Sr. Bernard A. Hebda<\/em><\/p><p>Para m\u00e1s oraciones cat\u00f3licas y recursos adicionales, visite la p\u00e1gina\u00a0<a href=\"https:\/\/www.ewtn.com\/catholicism\/devotions\/prayers-69\" target=\"_blank\" rel=\"noopener noreferrer\">P\u00e1gina web de EWTN<\/a>.<\/p><hr \/><p><em>En la Arquidi\u00f3cesis de Saint Paul y Minneapolis, tenemos la suerte de contar con el testimonio de diversas formas de vida consagrada. La vida consagrada incluye a los hermanos y hermanas religiosos, a los sacerdotes de \u00f3rdenes religiosas, a los miembros de institutos seculares y a las v\u00edrgenes consagradas que viven en el mundo. <\/em><\/p><p><em>\u00a0<\/em><\/p><\/div>\t\t\t\t\t\t\t\t<\/div>\n\t\t\t\t\t<\/div>\n\t\t\t\t<\/div>\n\t\t\t\t<\/div>","protected":false},"excerpt":{"rendered":"<p>Archdiocesan Prayer for Vocations O God, we earnestly ask You to bless this archdiocese with many priests, deacons, and consecrated women and men, who will love You with their whole strength and gladly spend their entire lives to serve your Church and to make You known and loved. Bless our families; bless our children. Choose [&hellip;]<\/p>\n","protected":false},"author":2,"featured_media":6958,"parent":0,"menu_order":0,"comment_status":"closed","ping_status":"closed","template":"","meta":{"footnotes":""},"class_list":["post-1272","page","type-page","status-publish","has-post-thumbnail","hentry"],"_links":{"self":[{"href":"https:\/\/www.archspm.org\/es\/wp-json\/wp\/v2\/pages\/1272","targetHints":{"allow":["GET"]}}],"collection":[{"href":"https:\/\/www.archspm.org\/es\/wp-json\/wp\/v2\/pages"}],"about":[{"href":"https:\/\/www.archspm.org\/es\/wp-json\/wp\/v2\/types\/page"}],"author":[{"embeddable":true,"href":"https:\/\/www.archspm.org\/es\/wp-json\/wp\/v2\/users\/2"}],"replies":[{"embeddable":true,"href":"https:\/\/www.archspm.org\/es\/wp-json\/wp\/v2\/comments?post=1272"}],"version-history":[{"count":0,"href":"https:\/\/www.archspm.org\/es\/wp-json\/wp\/v2\/pages\/1272\/revisions"}],"wp:featuredmedia":[{"embeddable":true,"href":"https:\/\/www.archspm.org\/es\/wp-json\/wp\/v2\/media\/6958"}],"wp:attachment":[{"href":"https:\/\/www.archspm.org\/es\/wp-json\/wp\/v2\/media?parent=1272"}],"curies":[{"name":"wp","href":"https:\/\/api.w.org\/{rel}","templated":true}]}}