{"id":1274,"date":"2019-12-27T16:26:53","date_gmt":"2019-12-27T21:26:53","guid":{"rendered":"https:\/\/www.archspm.org\/litany-of-sacred-heart-of-jesus\/"},"modified":"2024-12-19T22:24:20","modified_gmt":"2024-12-20T03:24:20","slug":"litany-of-sacred-heart-of-jesus","status":"publish","type":"page","link":"https:\/\/www.archspm.org\/es\/litany-of-sacred-heart-of-jesus\/","title":{"rendered":"Letan\u00eda del Sagrado Coraz\u00f3n de Jes\u00fas"},"content":{"rendered":"<h1 class=\"entry-title\">Letan\u00eda del Sagrado Coraz\u00f3n de Jes\u00fas<\/h1>\n<div class=\"entry-content\">\n<p>V. Se\u00f1or, ten piedad de nosotros.<br \/>\nR. Cristo, ten piedad de nosotros.<br \/>\nV. Se\u00f1or, ten piedad de nosotros. Cristo, esc\u00fachanos.<br \/>\nR. Cristo, esc\u00fachanos con misericordia.<br \/>\nV. Dios, Padre del Cielo, ten piedad de nosotros.<\/p>\n<p>Dios Hijo, Redentor del mundo, ten piedad de nosotros.<br \/>\nDios Esp\u00edritu Santo, ten piedad de nosotros.<br \/>\nSant\u00edsima Trinidad, un solo Dios, ten piedad de nosotros.<br \/>\nCoraz\u00f3n de Jes\u00fas, Hijo del Padre Eterno, ten piedad de nosotros.<br \/>\nCoraz\u00f3n de Jes\u00fas, formado por el Esp\u00edritu Santo en el vientre de la Virgen Mar\u00eda,<br \/>\nCoraz\u00f3n de Jes\u00fas, unido sustancialmente al Verbo de Dios.<br \/>\nCoraz\u00f3n de Jes\u00fas, de infinita majestad.<br \/>\nCoraz\u00f3n de Jes\u00fas, templo santo de Dios.<br \/>\nCoraz\u00f3n de Jes\u00fas, tabern\u00e1culo del Alt\u00edsimo.<br \/>\nCoraz\u00f3n de Jes\u00fas, morada de Dios y puerta del cielo.<br \/>\nCoraz\u00f3n de Jes\u00fas, ardiente horno de caridad.<br \/>\nCoraz\u00f3n de Jes\u00fas, recipiente de justicia y amor.<br \/>\nCoraz\u00f3n de Jes\u00fas, lleno de bondad y amor.<br \/>\nCoraz\u00f3n de Jes\u00fas, abismo de todas las virtudes.<br \/>\nCoraz\u00f3n de Jes\u00fas, digno de toda alabanza.<br \/>\nCoraz\u00f3n de Jes\u00fas, Rey y centro de todos los corazones.<br \/>\nCoraz\u00f3n de Jes\u00fas, en quien est\u00e1n todos los tesoros de sabidur\u00eda y conocimiento.<br \/>\nCoraz\u00f3n de Jes\u00fas, en quien habita toda la plenitud de la Divinidad.<br \/>\nCoraz\u00f3n de Jes\u00fas, en quien el Padre se complaci\u00f3.<br \/>\nCoraz\u00f3n de Jes\u00fas, de cuya plenitud todos hemos recibido.<br \/>\nCoraz\u00f3n de Jes\u00fas, anhelo de las colinas eternas.<br \/>\nCoraz\u00f3n de Jes\u00fas, paciente y rico en misericordia.<br \/>\nCoraz\u00f3n de Jes\u00fas, rico para todos los que te invocan.<br \/>\nCoraz\u00f3n de Jes\u00fas, fuente de vida y santidad.<br \/>\nCoraz\u00f3n de Jes\u00fas, propiciaci\u00f3n por nuestras ofensas.<br \/>\nCoraz\u00f3n de Jes\u00fas, abrumado por los reproches.<br \/>\nCoraz\u00f3n de Jes\u00fas, herido por nuestras iniquidades.<br \/>\nCoraz\u00f3n de Jes\u00fas, obediente hasta la muerte.<br \/>\nCoraz\u00f3n de Jes\u00fas, traspasado por una lanza.<br \/>\nCoraz\u00f3n de Jes\u00fas, fuente de todo consuelo.<br \/>\nCoraz\u00f3n de Jes\u00fas, nuestra vida y resurrecci\u00f3n.<br \/>\nCoraz\u00f3n de Jes\u00fas, nuestra paz y reconciliaci\u00f3n.<br \/>\nCoraz\u00f3n de Jes\u00fas, v\u00edctima por nuestros pecados.<br \/>\nCoraz\u00f3n de Jes\u00fas, salvaci\u00f3n de quienes esperan en Ti.<br \/>\nCoraz\u00f3n de Jes\u00fas, esperanza de los que mueren en Ti.<br \/>\nCoraz\u00f3n de Jes\u00fas, deleite de todos los santos.<\/p>\n<p>V. Cordero de Dios, que quitas los pecados del mundo,<br \/>\nR. Perd\u00f3nanos, Se\u00f1or.<br \/>\nV. Cordero de Dios, que quitas los pecados del mundo,<br \/>\nR. Esc\u00fachanos, Se\u00f1or.<br \/>\nV. Cordero de Dios, que quitas los pecados del mundo,<br \/>\nR. ten piedad de nosotros.<br \/>\nV. Jes\u00fas, manso y humilde de coraz\u00f3n,<br \/>\nR. Haz que nuestros corazones sean como el tuyo.<\/p>\n<p>Oremos.<\/p>\n<p>Dios todopoderoso y eterno, mira el Coraz\u00f3n de tu Hijo amado y las alabanzas y la satisfacci\u00f3n que \u00c9l te ofrece en nombre de los pecadores; y a aquellos que imploran tu misericordia, en tu gran bondad, conc\u00e9deles el perd\u00f3n en nombre de Jesucristo, tu Hijo, que vive y reina contigo por los siglos de los siglos. Am\u00e9n.<\/p>\n<p>&nbsp;<\/p>\n<p><em>\u00a92012 EWTN. Utilizado con permiso.<\/em><br \/>\n<em>\u00a0<\/em><\/p>\n<p><em>Para m\u00e1s oraciones cat\u00f3licas y recursos adicionales, visite la p\u00e1gina\u00a0<a href=\"https:\/\/www.ewtn.com\/catholicism\/devotions\/prayers-69\" target=\"_blank\" rel=\"noopener noreferrer\">P\u00e1gina web de EWTN<\/a>.<\/em><\/p>\n<\/div>","protected":false},"excerpt":{"rendered":"<p>Litany of Sacred Heart of Jesus V. Lord, have mercy on us. R. Christ, have mercy on us. V. Lord, have mercy on us. Christ, hear us. R. Christ, graciously hear us. V. God the Father of Heaven, have mercy on us. God the Son, Redeemer of the world, have mercy on us. God the [&hellip;]<\/p>\n","protected":false},"author":2,"featured_media":6958,"parent":0,"menu_order":0,"comment_status":"closed","ping_status":"closed","template":"","meta":{"footnotes":""},"class_list":["post-1274","page","type-page","status-publish","has-post-thumbnail","hentry"],"_links":{"self":[{"href":"https:\/\/www.archspm.org\/es\/wp-json\/wp\/v2\/pages\/1274","targetHints":{"allow":["GET"]}}],"collection":[{"href":"https:\/\/www.archspm.org\/es\/wp-json\/wp\/v2\/pages"}],"about":[{"href":"https:\/\/www.archspm.org\/es\/wp-json\/wp\/v2\/types\/page"}],"author":[{"embeddable":true,"href":"https:\/\/www.archspm.org\/es\/wp-json\/wp\/v2\/users\/2"}],"replies":[{"embeddable":true,"href":"https:\/\/www.archspm.org\/es\/wp-json\/wp\/v2\/comments?post=1274"}],"version-history":[{"count":0,"href":"https:\/\/www.archspm.org\/es\/wp-json\/wp\/v2\/pages\/1274\/revisions"}],"wp:featuredmedia":[{"embeddable":true,"href":"https:\/\/www.archspm.org\/es\/wp-json\/wp\/v2\/media\/6958"}],"wp:attachment":[{"href":"https:\/\/www.archspm.org\/es\/wp-json\/wp\/v2\/media?parent=1274"}],"curies":[{"name":"wp","href":"https:\/\/api.w.org\/{rel}","templated":true}]}}