{"id":1275,"date":"2019-12-27T16:29:24","date_gmt":"2019-12-27T21:29:24","guid":{"rendered":"https:\/\/www.archspm.org\/miscarriage-prayer\/"},"modified":"2019-12-27T16:29:24","modified_gmt":"2019-12-27T21:29:24","slug":"miscarriage-prayer","status":"publish","type":"page","link":"https:\/\/www.archspm.org\/es\/miscarriage-prayer\/","title":{"rendered":"Oraci\u00f3n por el aborto espont\u00e1neo"},"content":{"rendered":"<h1 class=\"entry-title\">Oraci\u00f3n por el aborto espont\u00e1neo<\/h1>\n<div class=\"entry-content\">\n<p>\u00a1Mi se\u00f1or, el beb\u00e9 ha muerto!<\/p>\n<p>\u00bfPor qu\u00e9, Se\u00f1or m\u00edo? \u00bfMe atrevo a preguntar por qu\u00e9? No oir\u00e1 el susurro del viento ni ver\u00e1 la belleza del rostro de sus padres; no ver\u00e1 la belleza de tu creaci\u00f3n ni la llama de un amanecer. \u00bfPor qu\u00e9, Se\u00f1or m\u00edo?<\/p>\n<p>\u00bfPor qu\u00e9, hijo m\u00edo? \u00bfPreguntas \u2018por qu\u00e9\u2019? Bueno, te dir\u00e9 por qu\u00e9.<\/p>\n<p>Ver\u00e1s, el ni\u00f1o vive. En lugar del viento, oye el canto de los \u00e1ngeles ante Mi trono. En lugar de la belleza que pasa, ve la Belleza eterna: ve Mi rostro. Fue creado y vivi\u00f3 poco tiempo para que la imagen de sus padres impresa en su rostro pudiera presentarse ante M\u00ed como su intercesor personal. Conoce secretos del cielo desconocidos para los hombres en la tierra. R\u00ede con una alegr\u00eda especial que solo los inocentes poseen. Mis caminos no son los caminos del hombre. Yo creo para Mi Reino y cada criatura ocupa un lugar en ese Reino que no podr\u00eda ser ocupado por otra. \u00c9l fue creado para Mi alegr\u00eda y por los m\u00e9ritos de sus padres. Nunca ha visto el dolor ni el pecado. Nunca ha sentido hambre ni dolor. Yo insufl\u00e9 un alma en una semilla, la hice crecer y la llam\u00e9 a la vida.\u2019<\/p>\n<p>Me siento humilde ante ti, Se\u00f1or, por cuestionar tu sabidur\u00eda, bondad y amor. Hablo como una necia, perd\u00f3name. Reconozco tus derechos soberanos sobre la vida y la muerte. Te doy gracias por la vida que comenz\u00f3 hace tan poco tiempo para disfrutar de una eternidad tan larga. \u2014 Madre M. Ang\u00e9lica<\/p>\n<p>&nbsp;<\/p>\n<p><em>\u00a92012 EWTN. Utilizado con permiso.<\/em><br \/>\n<em>\u00a0<\/em><\/p>\n<p><em>Para m\u00e1s oraciones cat\u00f3licas y recursos adicionales, visite la p\u00e1gina\u00a0<a href=\"https:\/\/www.ewtn.com\/catholicism\/devotions\/prayers-69\" target=\"_blank\" rel=\"noopener noreferrer\">P\u00e1gina web de EWTN<\/a>.<\/em><\/p>\n<\/div>","protected":false},"excerpt":{"rendered":"<p>Miscarriage Prayer My Lord, the baby is dead! Why, my Lord\u2014dare I ask why? It will not hear the whisper of the wind or see the beauty of its parents\u2019 face\u2014it will not see the beauty of Your creation or the flame of a sunrise. Why, my Lord? Why, My child\u2014do you ask \u2018why\u2019? Well, [&hellip;]<\/p>\n","protected":false},"author":2,"featured_media":6958,"parent":0,"menu_order":0,"comment_status":"closed","ping_status":"closed","template":"","meta":{"footnotes":""},"class_list":["post-1275","page","type-page","status-publish","has-post-thumbnail","hentry"],"_links":{"self":[{"href":"https:\/\/www.archspm.org\/es\/wp-json\/wp\/v2\/pages\/1275","targetHints":{"allow":["GET"]}}],"collection":[{"href":"https:\/\/www.archspm.org\/es\/wp-json\/wp\/v2\/pages"}],"about":[{"href":"https:\/\/www.archspm.org\/es\/wp-json\/wp\/v2\/types\/page"}],"author":[{"embeddable":true,"href":"https:\/\/www.archspm.org\/es\/wp-json\/wp\/v2\/users\/2"}],"replies":[{"embeddable":true,"href":"https:\/\/www.archspm.org\/es\/wp-json\/wp\/v2\/comments?post=1275"}],"version-history":[{"count":0,"href":"https:\/\/www.archspm.org\/es\/wp-json\/wp\/v2\/pages\/1275\/revisions"}],"wp:featuredmedia":[{"embeddable":true,"href":"https:\/\/www.archspm.org\/es\/wp-json\/wp\/v2\/media\/6958"}],"wp:attachment":[{"href":"https:\/\/www.archspm.org\/es\/wp-json\/wp\/v2\/media?parent=1275"}],"curies":[{"name":"wp","href":"https:\/\/api.w.org\/{rel}","templated":true}]}}