{"id":1276,"date":"2019-12-27T16:31:28","date_gmt":"2019-12-27T21:31:28","guid":{"rendered":"https:\/\/www.archspm.org\/newman-meditation\/"},"modified":"2019-12-27T16:31:28","modified_gmt":"2019-12-27T21:31:28","slug":"newman-meditation","status":"publish","type":"page","link":"https:\/\/www.archspm.org\/es\/newman-meditation\/","title":{"rendered":"Meditaci\u00f3n Newman"},"content":{"rendered":"<h1 class=\"entry-title\">Meditaci\u00f3n Newman<\/h1>\n<div class=\"entry-content\">\n<p><strong>Meditaci\u00f3n de San Juan Henry Newman<\/strong>\u00a0(7 de marzo de 1848)<\/p>\n<p>Dios me conoce y me llama por mi nombre...<br \/>\nDios me ha creado para prestarle un servicio concreto;<br \/>\nMe ha encargado un trabajo.<br \/>\nque \u00c9l no ha confiado a otro.<br \/>\nTengo mi misi\u00f3n, aunque tal vez nunca la conozca en esta vida.,<br \/>\npero me lo dir\u00e1n en el siguiente.<\/p>\n<p>De alguna manera soy necesario para Sus prop\u00f3sitos...<br \/>\nTengo un papel en esta gran obra;<br \/>\nSoy un eslab\u00f3n de una cadena, un v\u00ednculo de conexi\u00f3n.<br \/>\nentre personas.<br \/>\n\u00c9l no me ha creado en vano. Har\u00e9 el bien,<br \/>\nHar\u00e9 Su obra;<br \/>\nSer\u00e9 un \u00e1ngel de paz, un predicador de la verdad.<br \/>\nen mi propio lugar, sin pretenderlo,<br \/>\nsi tan solo cumplo sus mandamientos<br \/>\ny servirle en mi vocaci\u00f3n.<\/p>\n<p>Por lo tanto, confiar\u00e9 en \u00c9l.<br \/>\nSea lo que sea, est\u00e9 donde est\u00e9,<br \/>\nNunca me pueden desechar.<br \/>\nSi estoy enfermo, mi enfermedad puede servirle a \u00c9l;<br \/>\nEn mi perplejidad, mi perplejidad puede servirle;<br \/>\nSi estoy triste, mi tristeza puede servirle a \u00c9l.<br \/>\nMi enfermedad, mi perplejidad o mi tristeza pueden ser<br \/>\ncausas necesarias de alg\u00fan gran fin,<br \/>\nlo cual est\u00e1 m\u00e1s all\u00e1 de nuestra comprensi\u00f3n.<br \/>\n\u00c9l no hace nada en vano; puede prolongar mi vida,<br \/>\nPuede acortarlo;<br \/>\n\u00c9l sabe lo que hace.<br \/>\nPuede que me quite a mis amigos,<br \/>\nPuede que me arroje entre extra\u00f1os,<br \/>\nPuede que me haga sentir desolada,<br \/>\nme desanimas, me ocultas el futuro...<br \/>\nA\u00fan as\u00ed, \u00c9l sabe lo que hace...<br \/>\nD\u00e9jame ser tu instrumento ciego. No pido ver...<br \/>\nNo pido saber, solo pido que se me utilice.<\/p>\n<\/div>","protected":false},"excerpt":{"rendered":"<p>Newman Meditation St. John Henry Newman meditation\u00a0(March 7, 1848) God knows me and calls me by my name.\u2026 God has created me to do Him some definite service; He has committed some work to me which He has not committed to another. I have my mission\u2014I never may know it in this life, but I [&hellip;]<\/p>\n","protected":false},"author":2,"featured_media":6958,"parent":0,"menu_order":0,"comment_status":"closed","ping_status":"closed","template":"","meta":{"footnotes":""},"class_list":["post-1276","page","type-page","status-publish","has-post-thumbnail","hentry"],"_links":{"self":[{"href":"https:\/\/www.archspm.org\/es\/wp-json\/wp\/v2\/pages\/1276","targetHints":{"allow":["GET"]}}],"collection":[{"href":"https:\/\/www.archspm.org\/es\/wp-json\/wp\/v2\/pages"}],"about":[{"href":"https:\/\/www.archspm.org\/es\/wp-json\/wp\/v2\/types\/page"}],"author":[{"embeddable":true,"href":"https:\/\/www.archspm.org\/es\/wp-json\/wp\/v2\/users\/2"}],"replies":[{"embeddable":true,"href":"https:\/\/www.archspm.org\/es\/wp-json\/wp\/v2\/comments?post=1276"}],"version-history":[{"count":0,"href":"https:\/\/www.archspm.org\/es\/wp-json\/wp\/v2\/pages\/1276\/revisions"}],"wp:featuredmedia":[{"embeddable":true,"href":"https:\/\/www.archspm.org\/es\/wp-json\/wp\/v2\/media\/6958"}],"wp:attachment":[{"href":"https:\/\/www.archspm.org\/es\/wp-json\/wp\/v2\/media?parent=1276"}],"curies":[{"name":"wp","href":"https:\/\/api.w.org\/{rel}","templated":true}]}}