{"id":1277,"date":"2019-12-27T16:32:50","date_gmt":"2019-12-27T21:32:50","guid":{"rendered":"https:\/\/www.archspm.org\/pope-benedict-xvis-prayer-for-the-unborn\/"},"modified":"2019-12-27T16:32:50","modified_gmt":"2019-12-27T21:32:50","slug":"pope-benedict-xvis-prayer-for-the-unborn","status":"publish","type":"page","link":"https:\/\/www.archspm.org\/es\/pope-benedict-xvis-prayer-for-the-unborn\/","title":{"rendered":"Oraci\u00f3n del Papa Benedicto XVI por los no nacidos"},"content":{"rendered":"<h1 class=\"entry-title\">Oraci\u00f3n del Papa Benedicto XVI por los no nacidos<\/h1>\n<div class=\"entry-content\">\n<p>Se\u00f1or Jes\u00fas,<\/p>\n<p>T\u00fa, que visitas fielmente y colmas con tu Presencia a la Iglesia y la historia de los hombres; T\u00fa, que en el sacramento milagroso de tu Cuerpo y tu Sangre nos haces part\u00edcipes de la vida divina y nos permites saborear de antemano la alegr\u00eda de la vida eterna; te adoramos y te bendecimos.<\/p>\n<p>Postrados ante Ti, fuente y amante de la vida, verdaderamente presente y vivo entre nosotros, te lo suplicamos.<\/p>\n<p>Despierta en nosotros el respeto por cada vida por nacer, haznos capaces de ver en el fruto del seno materno la obra milagrosa del Creador, abre nuestros corazones para acoger con generosidad a cada ni\u00f1o que viene al mundo.<\/p>\n<p>Bendice a todas las familias, santifica la uni\u00f3n de los c\u00f3nyuges y haz que su amor sea fecundo.<\/p>\n<p>Acompa\u00f1a las decisiones de las asambleas legislativas con la luz de tu Esp\u00edritu, para que los pueblos y las naciones reconozcan y respeten el car\u00e1cter sagrado de la vida, de toda vida humana.<\/p>\n<p>Orienta la labor de los cient\u00edficos y los m\u00e9dicos, para que todo avance contribuya al bienestar integral de la persona y nadie sufra opresi\u00f3n ni injusticia.<\/p>\n<p>Otorga tu caridad creativa a los administradores y economistas, para que puedan identificar y promover las condiciones necesarias para que las familias j\u00f3venes puedan acoger con serenidad el nacimiento de nuevos hijos.<\/p>\n<p>Consuela a las parejas casadas que sufren por no poder tener hijos y, en tu bondad, prov\u00e9eles lo necesario.<\/p>\n<p>Ens\u00e9\u00f1anos a todos a cuidar de los ni\u00f1os hu\u00e9rfanos o abandonados, para que puedan sentir el calor de tu caridad y el consuelo de tu divino Coraz\u00f3n.<\/p>\n<p>Junto con Mar\u00eda, tu Madre, la gran creyente, en cuyo seno asumiste nuestra naturaleza humana, esperamos recibir de ti, nuestro \u00fanico y verdadero Bien y Salvador, la fuerza para amar y servir a la vida, con la esperanza de vivir para siempre en ti, en comuni\u00f3n con la Sant\u00edsima Trinidad.<\/p>\n<p>&nbsp;<\/p>\n<p><em>\u00a92012 EWTN. Utilizado con permiso.<\/em><br \/>\n<em>\u00a0<\/em><\/p>\n<p><em>Para m\u00e1s oraciones cat\u00f3licas y recursos adicionales, visite la p\u00e1gina\u00a0<a href=\"https:\/\/www.ewtn.com\/catholicism\/devotions\/prayers-69\" target=\"_blank\" rel=\"noopener noreferrer\">P\u00e1gina web de EWTN<\/a>.<\/em><\/p>\n<\/div>","protected":false},"excerpt":{"rendered":"<p>Pope Benedict XVI\u2019s Prayer For The Unborn Lord Jesus, You who faithfully visit and fulfill with your Presence the Church and the history of men; You who in the miraculous Sacrament of your Body and Blood render us participants in divine Life and allow us a foretaste of the joy of eternal Life; We adore [&hellip;]<\/p>\n","protected":false},"author":2,"featured_media":6958,"parent":0,"menu_order":0,"comment_status":"closed","ping_status":"closed","template":"","meta":{"footnotes":""},"class_list":["post-1277","page","type-page","status-publish","has-post-thumbnail","hentry"],"_links":{"self":[{"href":"https:\/\/www.archspm.org\/es\/wp-json\/wp\/v2\/pages\/1277","targetHints":{"allow":["GET"]}}],"collection":[{"href":"https:\/\/www.archspm.org\/es\/wp-json\/wp\/v2\/pages"}],"about":[{"href":"https:\/\/www.archspm.org\/es\/wp-json\/wp\/v2\/types\/page"}],"author":[{"embeddable":true,"href":"https:\/\/www.archspm.org\/es\/wp-json\/wp\/v2\/users\/2"}],"replies":[{"embeddable":true,"href":"https:\/\/www.archspm.org\/es\/wp-json\/wp\/v2\/comments?post=1277"}],"version-history":[{"count":0,"href":"https:\/\/www.archspm.org\/es\/wp-json\/wp\/v2\/pages\/1277\/revisions"}],"wp:featuredmedia":[{"embeddable":true,"href":"https:\/\/www.archspm.org\/es\/wp-json\/wp\/v2\/media\/6958"}],"wp:attachment":[{"href":"https:\/\/www.archspm.org\/es\/wp-json\/wp\/v2\/media?parent=1277"}],"curies":[{"name":"wp","href":"https:\/\/api.w.org\/{rel}","templated":true}]}}