{"id":1278,"date":"2019-12-27T16:34:46","date_gmt":"2019-12-27T21:34:46","guid":{"rendered":"https:\/\/www.archspm.org\/prayer-for-the-deceased\/"},"modified":"2019-12-27T16:34:46","modified_gmt":"2019-12-27T21:34:46","slug":"prayer-for-the-deceased","status":"publish","type":"page","link":"https:\/\/www.archspm.org\/es\/prayer-for-the-deceased\/","title":{"rendered":"Oraci\u00f3n por los difuntos"},"content":{"rendered":"<h1 class=\"entry-title\">Oraci\u00f3n por los difuntos<\/h1>\n<div class=\"entry-content\">\n<p>Dios nuestro Padre,<br \/>\nTu poder nos da vida,<br \/>\nTu providencia gu\u00eda nuestras vidas,<br \/>\ny por Tu mandato volvemos al polvo.<\/p>\n<p>Se\u00f1or, los que mueren siguen viviendo en tu presencia,<br \/>\nsus vidas cambian, pero no terminan.<br \/>\nRezo con esperanza por mi familia,<br \/>\nfamiliares y amigos,<br \/>\ny por todos los muertos que solo T\u00fa conoces.<\/p>\n<p>En compa\u00f1\u00eda de Cristo,<br \/>\n\u00bfQui\u00e9n muri\u00f3 y ahora vive?,<br \/>\nque se regocijen en tu reino,<br \/>\ndonde todas nuestras l\u00e1grimas son enjugadas.<br \/>\n\u00danenos de nuevo en una sola familia,<br \/>\npara cantar tus alabanzas por siempre jam\u00e1s.<\/p>\n<p>Am\u00e9n.<\/p>\n<p>&nbsp;<\/p>\n<p><em>\u00a92005 Catholic Book Publishing Company. Libro cat\u00f3lico de oraciones.<\/em><\/p>\n<p>Para adquirir el Libro Cat\u00f3lico de Oraciones, acuda a una librer\u00eda cat\u00f3lica o c\u00f3mprelo en l\u00ednea.<\/p>\n<p>Para m\u00e1s oraciones cat\u00f3licas y recursos adicionales, visite la p\u00e1gina\u00a0<a href=\"https:\/\/www.ewtn.com\/catholicism\/devotions\/prayers-69\" target=\"_blank\" rel=\"noopener noreferrer\">P\u00e1gina web de EWTN<\/a>.<\/p>\n<\/div>","protected":false},"excerpt":{"rendered":"<p>Prayer for the Deceased God our Father, Your power brings us to birth, Your providence guides our lives, and by Your command we return to dust. Lord, those who die still live in Your presence, their lives change but do not end. I pray in hope for my family, relatives and friends, and for all [&hellip;]<\/p>\n","protected":false},"author":2,"featured_media":6958,"parent":0,"menu_order":0,"comment_status":"closed","ping_status":"closed","template":"","meta":{"footnotes":""},"class_list":["post-1278","page","type-page","status-publish","has-post-thumbnail","hentry"],"_links":{"self":[{"href":"https:\/\/www.archspm.org\/es\/wp-json\/wp\/v2\/pages\/1278","targetHints":{"allow":["GET"]}}],"collection":[{"href":"https:\/\/www.archspm.org\/es\/wp-json\/wp\/v2\/pages"}],"about":[{"href":"https:\/\/www.archspm.org\/es\/wp-json\/wp\/v2\/types\/page"}],"author":[{"embeddable":true,"href":"https:\/\/www.archspm.org\/es\/wp-json\/wp\/v2\/users\/2"}],"replies":[{"embeddable":true,"href":"https:\/\/www.archspm.org\/es\/wp-json\/wp\/v2\/comments?post=1278"}],"version-history":[{"count":0,"href":"https:\/\/www.archspm.org\/es\/wp-json\/wp\/v2\/pages\/1278\/revisions"}],"wp:featuredmedia":[{"embeddable":true,"href":"https:\/\/www.archspm.org\/es\/wp-json\/wp\/v2\/media\/6958"}],"wp:attachment":[{"href":"https:\/\/www.archspm.org\/es\/wp-json\/wp\/v2\/media?parent=1278"}],"curies":[{"name":"wp","href":"https:\/\/api.w.org\/{rel}","templated":true}]}}