{"id":1279,"date":"2019-12-27T16:35:59","date_gmt":"2019-12-27T21:35:59","guid":{"rendered":"https:\/\/www.archspm.org\/prayer-for-falling-in-love\/"},"modified":"2019-12-27T16:35:59","modified_gmt":"2019-12-27T21:35:59","slug":"prayer-for-falling-in-love","status":"publish","type":"page","link":"https:\/\/www.archspm.org\/es\/prayer-for-falling-in-love\/","title":{"rendered":"Oraci\u00f3n para enamorarse"},"content":{"rendered":"<h1 class=\"entry-title\">Oraci\u00f3n para enamorarse<\/h1>\n<div class=\"entry-content\">\n<p>No hay nada m\u00e1s pr\u00e1ctico que<br \/>\nencontrar a Dios, que<br \/>\nEnamorarse<br \/>\nde una manera totalmente definitiva y sin lugar a dudas.<br \/>\nLo que te apasiona,<br \/>\nLo que cautiva tu imaginaci\u00f3n lo influir\u00e1 todo.<br \/>\nSe decidir\u00e1<br \/>\n\u00bfQu\u00e9 te har\u00e1 levantarte de la cama por la ma\u00f1ana?,<br \/>\nqu\u00e9 haces por las tardes,<br \/>\nc\u00f3mo pasas los fines de semana,<br \/>\nlo que lees, a qui\u00e9n conoces,<br \/>\n\u00bfQu\u00e9 es lo que te parte el coraz\u00f3n?,<br \/>\ny lo que te llena de alegr\u00eda y gratitud.<br \/>\nEnam\u00f3rate, mant\u00e9n el amor,<br \/>\ny eso lo decidir\u00e1 todo.<br \/>\nExtra\u00eddo de *Encontrar a Dios en todas las cosas: Un libro de oraciones de Marquette* \u00a9 2009 Marquette University Press.<\/p>\n<p>&nbsp;<\/p>\n<p><em>Atribuido al P. Pedro Arrupe, SJ (1907\u20131991)<br \/>\nUn libro de oraciones de Marquette<\/em><\/p>\n<p>Para m\u00e1s oraciones cat\u00f3licas y recursos adicionales, visite la p\u00e1gina\u00a0<a href=\"https:\/\/www.ewtn.com\/catholicism\/devotions\/prayers-69\" target=\"_blank\" rel=\"noopener noreferrer\">P\u00e1gina web de EWTN<\/a>.<\/p>\n<\/div>","protected":false},"excerpt":{"rendered":"<p>Prayer for Falling In Love Nothing is more practical than finding God, than falling in Love in a quite absolute, final way. What you are in love with, what seizes your imagination, will affect everything. It will decide what will get you out of bed in the morning, what you do with your evenings, how [&hellip;]<\/p>\n","protected":false},"author":2,"featured_media":6958,"parent":0,"menu_order":0,"comment_status":"closed","ping_status":"closed","template":"","meta":{"footnotes":""},"class_list":["post-1279","page","type-page","status-publish","has-post-thumbnail","hentry"],"_links":{"self":[{"href":"https:\/\/www.archspm.org\/es\/wp-json\/wp\/v2\/pages\/1279","targetHints":{"allow":["GET"]}}],"collection":[{"href":"https:\/\/www.archspm.org\/es\/wp-json\/wp\/v2\/pages"}],"about":[{"href":"https:\/\/www.archspm.org\/es\/wp-json\/wp\/v2\/types\/page"}],"author":[{"embeddable":true,"href":"https:\/\/www.archspm.org\/es\/wp-json\/wp\/v2\/users\/2"}],"replies":[{"embeddable":true,"href":"https:\/\/www.archspm.org\/es\/wp-json\/wp\/v2\/comments?post=1279"}],"version-history":[{"count":0,"href":"https:\/\/www.archspm.org\/es\/wp-json\/wp\/v2\/pages\/1279\/revisions"}],"wp:featuredmedia":[{"embeddable":true,"href":"https:\/\/www.archspm.org\/es\/wp-json\/wp\/v2\/media\/6958"}],"wp:attachment":[{"href":"https:\/\/www.archspm.org\/es\/wp-json\/wp\/v2\/media?parent=1279"}],"curies":[{"name":"wp","href":"https:\/\/api.w.org\/{rel}","templated":true}]}}