{"id":1280,"date":"2019-12-27T16:37:40","date_gmt":"2019-12-27T21:37:40","guid":{"rendered":"https:\/\/www.archspm.org\/prayer-of-abandonment\/"},"modified":"2019-12-27T16:37:40","modified_gmt":"2019-12-27T21:37:40","slug":"prayer-of-abandonment","status":"publish","type":"page","link":"https:\/\/www.archspm.org\/es\/prayer-of-abandonment\/","title":{"rendered":"Oraci\u00f3n de abandono"},"content":{"rendered":"<h1 class=\"entry-title\">Oraci\u00f3n de abandono<\/h1>\n<div class=\"entry-content\">\n<p>\u201cPadre, me entrego en tus manos; haz de m\u00ed lo que quieras. Hagas lo que hagas, te doy las gracias: estoy dispuesto a todo, lo acepto todo. Que solo se haga tu voluntad en m\u00ed y en todas tus criaturas; no deseo nada m\u00e1s que esto, oh Se\u00f1or.<\/p>\n<p>\u201dEn tus manos encomiendo mi alma; te la ofrezco con todo el amor de mi coraz\u00f3n, pues te amo, Se\u00f1or, y por eso necesito entregarme, ponerme en tus manos, sin reservas y con confianza ilimitada, pues t\u00fa eres mi Padre\u00bb.\u201d<\/p>\n<p>Charles de Foucauld<\/p>\n<p><em>Para m\u00e1s oraciones cat\u00f3licas y recursos adicionales, visite la p\u00e1gina\u00a0<a href=\"https:\/\/www.ewtn.com\/catholicism\/devotions\/prayers-69\" target=\"_blank\" rel=\"noopener noreferrer\">P\u00e1gina web de EWTN<\/a>.<\/em><\/p>\n<\/div>","protected":false},"excerpt":{"rendered":"<p>Prayer of Abandonment \u201cFather, I abandon myself into your hands; do with me what you will. Whatever you may do, I thank you: I am ready for all, I accept all.\u00a0 Let only your will be done in me, and in all Your creatures -I wish no more than this, O Lord. Into your hands [&hellip;]<\/p>\n","protected":false},"author":2,"featured_media":6958,"parent":0,"menu_order":0,"comment_status":"closed","ping_status":"closed","template":"","meta":{"footnotes":""},"class_list":["post-1280","page","type-page","status-publish","has-post-thumbnail","hentry"],"_links":{"self":[{"href":"https:\/\/www.archspm.org\/es\/wp-json\/wp\/v2\/pages\/1280","targetHints":{"allow":["GET"]}}],"collection":[{"href":"https:\/\/www.archspm.org\/es\/wp-json\/wp\/v2\/pages"}],"about":[{"href":"https:\/\/www.archspm.org\/es\/wp-json\/wp\/v2\/types\/page"}],"author":[{"embeddable":true,"href":"https:\/\/www.archspm.org\/es\/wp-json\/wp\/v2\/users\/2"}],"replies":[{"embeddable":true,"href":"https:\/\/www.archspm.org\/es\/wp-json\/wp\/v2\/comments?post=1280"}],"version-history":[{"count":0,"href":"https:\/\/www.archspm.org\/es\/wp-json\/wp\/v2\/pages\/1280\/revisions"}],"wp:featuredmedia":[{"embeddable":true,"href":"https:\/\/www.archspm.org\/es\/wp-json\/wp\/v2\/media\/6958"}],"wp:attachment":[{"href":"https:\/\/www.archspm.org\/es\/wp-json\/wp\/v2\/media?parent=1280"}],"curies":[{"name":"wp","href":"https:\/\/api.w.org\/{rel}","templated":true}]}}