{"id":1281,"date":"2019-12-27T16:38:55","date_gmt":"2019-12-27T21:38:55","guid":{"rendered":"https:\/\/www.archspm.org\/prayer-to-end-abortion\/"},"modified":"2019-12-27T16:38:55","modified_gmt":"2019-12-27T21:38:55","slug":"prayer-to-end-abortion","status":"publish","type":"page","link":"https:\/\/www.archspm.org\/es\/prayer-to-end-abortion\/","title":{"rendered":"Oraci\u00f3n para poner fin al aborto"},"content":{"rendered":"<h1 class=\"entry-title\">Oraci\u00f3n para poner fin al aborto<\/h1>\n<div class=\"entry-content\">\n<p>Se\u00f1or Dios, te doy gracias hoy por el don de mi vida y por las vidas de todos mis hermanos y hermanas. S\u00e9 que no hay nada que destruya m\u00e1s vidas que el aborto, pero me regocijo porque T\u00fa has vencido a la muerte mediante la resurrecci\u00f3n de Tu Hijo. Estoy dispuesto a hacer mi parte para poner fin al aborto. Hoy me comprometo a NUNCA callar, a NUNCA ser pasivo, a NUNCA olvidar a los no nacidos. Me comprometo a participar activamente en el movimiento pro-vida y a no dejar nunca de defender la vida hasta que todos mis hermanos y hermanas est\u00e9n protegidos, y nuestra naci\u00f3n vuelva a ser una naci\u00f3n con libertad y justicia no solo para algunos, sino para todos, por medio de Cristo nuestro Se\u00f1or. \u00a1Am\u00e9n!<\/p>\n<p>&nbsp;<\/p>\n<p><em>\u00a92012 EWTN. Utilizado con permiso.<\/em><br \/>\n<em>\u00a0<\/em><\/p>\n<p><em>Para m\u00e1s oraciones cat\u00f3licas y recursos adicionales, visite la p\u00e1gina\u00a0<a href=\"https:\/\/www.ewtn.com\/catholicism\/devotions\/prayers-69\" target=\"_blank\" rel=\"noopener noreferrer\">P\u00e1gina web de EWTN<\/a>.<\/em><\/p>\n<\/div>","protected":false},"excerpt":{"rendered":"<p>Prayer to End Abortion Lord God, I thank you today for the gift of my life, and for the lives of all my brothers and sisters. I know there is nothing that destroys more life than abortion, yet I rejoice that You have conquered death by the Resurrection of Your Son. I am ready to [&hellip;]<\/p>\n","protected":false},"author":2,"featured_media":6958,"parent":0,"menu_order":0,"comment_status":"closed","ping_status":"closed","template":"","meta":{"footnotes":""},"class_list":["post-1281","page","type-page","status-publish","has-post-thumbnail","hentry"],"_links":{"self":[{"href":"https:\/\/www.archspm.org\/es\/wp-json\/wp\/v2\/pages\/1281","targetHints":{"allow":["GET"]}}],"collection":[{"href":"https:\/\/www.archspm.org\/es\/wp-json\/wp\/v2\/pages"}],"about":[{"href":"https:\/\/www.archspm.org\/es\/wp-json\/wp\/v2\/types\/page"}],"author":[{"embeddable":true,"href":"https:\/\/www.archspm.org\/es\/wp-json\/wp\/v2\/users\/2"}],"replies":[{"embeddable":true,"href":"https:\/\/www.archspm.org\/es\/wp-json\/wp\/v2\/comments?post=1281"}],"version-history":[{"count":0,"href":"https:\/\/www.archspm.org\/es\/wp-json\/wp\/v2\/pages\/1281\/revisions"}],"wp:featuredmedia":[{"embeddable":true,"href":"https:\/\/www.archspm.org\/es\/wp-json\/wp\/v2\/media\/6958"}],"wp:attachment":[{"href":"https:\/\/www.archspm.org\/es\/wp-json\/wp\/v2\/media?parent=1281"}],"curies":[{"name":"wp","href":"https:\/\/api.w.org\/{rel}","templated":true}]}}