{"id":1282,"date":"2019-12-27T16:40:05","date_gmt":"2019-12-27T21:40:05","guid":{"rendered":"https:\/\/www.archspm.org\/a-pro-life-prayer-for-our-president-and-public-officials\/"},"modified":"2026-03-09T20:36:29","modified_gmt":"2026-03-10T00:36:29","slug":"a-pro-life-prayer-for-our-president-and-public-officials","status":"publish","type":"page","link":"https:\/\/www.archspm.org\/es\/a-pro-life-prayer-for-our-president-and-public-officials\/","title":{"rendered":"Una oraci\u00f3n provida por nuestro Presidente y los funcionarios p\u00fablicos"},"content":{"rendered":"<h1 class=\"entry-title\">Una oraci\u00f3n provida por nuestro Presidente y los funcionarios p\u00fablicos<\/h1>\n<div class=\"entry-content\">\n<p>Se\u00f1or Dios, Autor de la vida y Fuente de la vida eterna, mueve los corazones de todos nuestros funcionarios p\u00fablicos, y especialmente de nuestro presidente, para que cumplan dignamente y bien con sus responsabilidades hacia todos aquellos que est\u00e1n confiados a su cuidado. Ay\u00fadalos en sus funciones especiales de liderazgo a extender el manto de protecci\u00f3n a los m\u00e1s vulnerables, especialmente a los ni\u00f1os por nacer indefensos, cuyas vidas se ven amenazadas de exterminio por una sociedad indiferente. Gu\u00eda a todos los funcionarios p\u00fablicos con tu sabidur\u00eda y gracia para que dejen de apoyar cualquier ley que no proteja el bien fundamental que es la vida humana misma, la cual es un regalo de Dios y de los padres. T\u00fa eres la Protectora y Defensora de las vidas de los inocentes no nacidos. Cambia los corazones de aquellos que comprometen el llamado a proteger y defender la vida. Lleva a nuestra naci\u00f3n a los valores que nos han hecho una gran naci\u00f3n, una sociedad que defiende los valores de la vida, la libertad y la b\u00fasqueda de la felicidad para todos. Mar\u00eda, Madre de los vivos, ay\u00fadanos a dar testimonio del Evangelio de la Vida con nuestras vidas y nuestras leyes, por Cristo, nuestro Se\u00f1or. Am\u00e9n.<\/p>\n<p>Imprimatur: 22 de enero de 2009 + Reverend\u00edsimo Robert J. Baker, obispo de Birmingham, Alabama<\/p>\n<p>&nbsp;<\/p>\n<p><em>\u00a92012 EWTN. Utilizado con permiso.<\/em><br \/>\n<em>\u00a0<\/em><\/p>\n<p><em>Para m\u00e1s oraciones cat\u00f3licas y recursos adicionales, visite la p\u00e1gina\u00a0<a href=\"https:\/\/www.ewtn.com\/catholicism\/devotions\/prayers-69\" target=\"_blank\" rel=\"noopener noreferrer\">P\u00e1gina web de EWTN<\/a>.<\/em><\/p>\n<\/div>","protected":false},"excerpt":{"rendered":"<p>A Pro-Life Prayer for Our President and Public Officials Lord God, Author of Life and Source of Eternal Life, move the hearts of all our public officials and especially our President, to fulfill their responsibilities worthily and well to all those entrusted to their care. Help them in their special leadership roles, to extend the [&hellip;]<\/p>\n","protected":false},"author":2,"featured_media":6958,"parent":0,"menu_order":0,"comment_status":"closed","ping_status":"closed","template":"","meta":{"footnotes":""},"class_list":["post-1282","page","type-page","status-publish","has-post-thumbnail","hentry"],"_links":{"self":[{"href":"https:\/\/www.archspm.org\/es\/wp-json\/wp\/v2\/pages\/1282","targetHints":{"allow":["GET"]}}],"collection":[{"href":"https:\/\/www.archspm.org\/es\/wp-json\/wp\/v2\/pages"}],"about":[{"href":"https:\/\/www.archspm.org\/es\/wp-json\/wp\/v2\/types\/page"}],"author":[{"embeddable":true,"href":"https:\/\/www.archspm.org\/es\/wp-json\/wp\/v2\/users\/2"}],"replies":[{"embeddable":true,"href":"https:\/\/www.archspm.org\/es\/wp-json\/wp\/v2\/comments?post=1282"}],"version-history":[{"count":1,"href":"https:\/\/www.archspm.org\/es\/wp-json\/wp\/v2\/pages\/1282\/revisions"}],"predecessor-version":[{"id":14509,"href":"https:\/\/www.archspm.org\/es\/wp-json\/wp\/v2\/pages\/1282\/revisions\/14509"}],"wp:featuredmedia":[{"embeddable":true,"href":"https:\/\/www.archspm.org\/es\/wp-json\/wp\/v2\/media\/6958"}],"wp:attachment":[{"href":"https:\/\/www.archspm.org\/es\/wp-json\/wp\/v2\/media?parent=1282"}],"curies":[{"name":"wp","href":"https:\/\/api.w.org\/{rel}","templated":true}]}}