{"id":1292,"date":"2020-03-05T22:18:44","date_gmt":"2020-03-06T03:18:44","guid":{"rendered":"https:\/\/www.archspm.org\/ambp-lay-pension-plan-priest-pension-plan-irrevocable-trust\/"},"modified":"2025-04-03T00:30:39","modified_gmt":"2025-04-03T04:30:39","slug":"ambp-lay-pension-plan-priest-pension-plan-irrevocable-trust","status":"publish","type":"page","link":"https:\/\/www.archspm.org\/es\/ambp-lay-pension-plan-priest-pension-plan-irrevocable-trust\/","title":{"rendered":"AMBP, Plan de pensiones de los laicos, Plan de pensiones de los sacerdotes, Fideicomiso irrevocable"},"content":{"rendered":"<p>Existen varias entidades jur\u00eddicas independientes que proporcionan seguros o planes de prestaciones a las parroquias, escuelas cat\u00f3licas y otras entidades cat\u00f3licas de la Archidi\u00f3cesis, as\u00ed como al clero y a los empleados laicos que prestan sus servicios en ellas. Estas entidades est\u00e1n regidas por representantes laicos y por el Arzobispo y el Vicario General.<\/p>","protected":false},"excerpt":{"rendered":"<p>Existen varias entidades jur\u00eddicas independientes que proporcionan seguros o planes de prestaciones a las parroquias, escuelas cat\u00f3licas y otras entidades cat\u00f3licas de la Archidi\u00f3cesis, as\u00ed como al clero y a los empleados laicos que prestan sus servicios en ellas. Estas entidades est\u00e1n regidas por representantes laicos y por el Arzobispo y el Vicario General.<\/p>","protected":false},"author":2,"featured_media":0,"parent":0,"menu_order":0,"comment_status":"closed","ping_status":"closed","template":"","meta":{"footnotes":""},"class_list":["post-1292","page","type-page","status-publish","hentry"],"_links":{"self":[{"href":"https:\/\/www.archspm.org\/es\/wp-json\/wp\/v2\/pages\/1292","targetHints":{"allow":["GET"]}}],"collection":[{"href":"https:\/\/www.archspm.org\/es\/wp-json\/wp\/v2\/pages"}],"about":[{"href":"https:\/\/www.archspm.org\/es\/wp-json\/wp\/v2\/types\/page"}],"author":[{"embeddable":true,"href":"https:\/\/www.archspm.org\/es\/wp-json\/wp\/v2\/users\/2"}],"replies":[{"embeddable":true,"href":"https:\/\/www.archspm.org\/es\/wp-json\/wp\/v2\/comments?post=1292"}],"version-history":[{"count":0,"href":"https:\/\/www.archspm.org\/es\/wp-json\/wp\/v2\/pages\/1292\/revisions"}],"wp:attachment":[{"href":"https:\/\/www.archspm.org\/es\/wp-json\/wp\/v2\/media?parent=1292"}],"curies":[{"name":"wp","href":"https:\/\/api.w.org\/{rel}","templated":true}]}}