{"id":13083,"date":"2025-12-22T18:06:52","date_gmt":"2025-12-22T23:06:52","guid":{"rendered":"https:\/\/www.archspm.org\/?page_id=13083"},"modified":"2026-04-24T12:16:44","modified_gmt":"2026-04-24T16:16:44","slug":"familyletter","status":"publish","type":"page","link":"https:\/\/www.archspm.org\/es\/familyletter\/","title":{"rendered":"Letter to Families: Only One Thing is Necessary"},"content":{"rendered":"<div data-elementor-type=\"wp-page\" data-elementor-id=\"13083\" class=\"elementor elementor-13083\" data-elementor-post-type=\"page\">\n\t\t\t\t<div data-dce-background-overlay-image-url=\"https:\/\/www.archspm.org\/wp-content\/uploads\/2026\/03\/Arch-pattern-graywhite.jpg\" class=\"elementor-element elementor-element-0d33a21 e-flex e-con-boxed e-con e-parent\" data-id=\"0d33a21\" data-element_type=\"container\" data-e-type=\"container\" data-settings=\"{&quot;jet_parallax_layout_list&quot;:[]}\">\n\t\t\t\t\t<div class=\"e-con-inner\">\n\t\t<div class=\"elementor-element elementor-element-3757b61 e-con-full e-flex e-con e-child\" data-id=\"3757b61\" data-element_type=\"container\" data-e-type=\"container\" data-settings=\"{&quot;jet_parallax_layout_list&quot;:[]}\">\n\t\t\t\t<div class=\"elementor-element elementor-element-f710ba1 elementor-widget elementor-widget-text-editor\" data-id=\"f710ba1\" data-element_type=\"widget\" data-e-type=\"widget\" data-widget_type=\"text-editor.default\">\n\t\t\t\t\t\t\t\t\t<p>Solo una cosa es necesaria<\/p>\t\t\t\t\t\t\t\t<\/div>\n\t\t\t\t<div class=\"elementor-element elementor-element-ab358e2 elementor-widget elementor-widget-text-editor\" data-id=\"ab358e2\" data-element_type=\"widget\" data-e-type=\"widget\" data-widget_type=\"text-editor.default\">\n\t\t\t\t\t\t\t\t\t<p>C\u00d3MO PUEDEN LAS FAMILIAS CAT\u00d3LICAS ESFORZARSE POR PERMANECER UNIDAS EN ESTA VIDA Y EN LA PR\u00d3XIMA<\/p>\t\t\t\t\t\t\t\t<\/div>\n\t\t\t\t<div class=\"elementor-element elementor-element-c867e3b elementor-widget elementor-widget-text-editor\" data-id=\"c867e3b\" data-element_type=\"widget\" data-e-type=\"widget\" data-widget_type=\"text-editor.default\">\n\t\t\t\t\t\t\t\t\t<p><em>Carta pastoral a las familias de la Arquidi\u00f3cesis de Saint Paul y Minneapolis<\/em><\/p>\t\t\t\t\t\t\t\t<\/div>\n\t\t\t\t<\/div>\n\t\t<div class=\"elementor-element elementor-element-f7ba5ce e-grid e-con-full e-con e-child\" data-id=\"f7ba5ce\" data-element_type=\"container\" data-e-type=\"container\" data-settings=\"{&quot;background_background&quot;:&quot;classic&quot;,&quot;jet_parallax_layout_list&quot;:[]}\">\n\t\t\t\t<div class=\"elementor-element elementor-element-1404e1b elementor-widget elementor-widget-text-editor\" data-id=\"1404e1b\" data-element_type=\"widget\" data-e-type=\"widget\" data-widget_type=\"text-editor.default\">\n\t\t\t\t\t\t\t\t\t<p>Aqu\u00ed se publicar\u00e1 pr\u00f3ximamente la carta pastoral del arzobispo Bernard Hebda dirigida a las familias, titulada \u201cSolo una cosa es necesaria\u201d. Si usted es miembro del clero o del personal parroquial de la arquidi\u00f3cesis, puede encontrar los materiales de avance en Mission Support.<\/p>\t\t\t\t\t\t\t\t<\/div>\n\t\t\t\t<div class=\"elementor-element elementor-element-bf457e9 elementor-widget elementor-widget-text-editor\" data-id=\"bf457e9\" data-element_type=\"widget\" data-e-type=\"widget\" data-widget_type=\"text-editor.default\">\n\t\t\t\t\t\t\t\t\t<p>\u201cLa vida familiar es complicada; incluso Jes\u00fas, Mar\u00eda y Jos\u00e9 vivieron en medio de las duras realidades de su \u00e9poca. Pero podemos encontrar aliento, fortaleza y esperanza en Jesucristo y en todo lo que nos ha dejado para prepararnos para el cielo.<\/p><p>\u201cHermanas y hermanos m\u00edos, la Iglesia desea acompa\u00f1arlos a ustedes y a sus familias a lo largo de la vida: en las dificultades, en las alegr\u00edas y en todo lo dem\u00e1s. Espero que mi carta pastoral a las familias, \u2018Solo una cosa es necesaria\u2019, ayude a cada persona de esta arquidi\u00f3cesis a ver la gran tarea que tenemos por delante, lo que est\u00e1 en juego y c\u00f3mo todos podemos esforzarnos por estar unidos con nuestras familias y entre nosotros, en esta vida y en la venidera\u201d. \u2013 <em>Arzobispo Bernard Hebda<\/em><\/p>\t\t\t\t\t\t\t\t<\/div>\n\t\t<div class=\"elementor-element elementor-element-a466bf8 e-con-full e-flex e-con e-child\" data-id=\"a466bf8\" data-element_type=\"container\" data-e-type=\"container\" data-settings=\"{&quot;jet_parallax_layout_list&quot;:[]}\">\n\t\t<div class=\"elementor-element elementor-element-a5c16a1 e-con-full e-flex e-con e-child\" data-id=\"a5c16a1\" data-element_type=\"container\" data-e-type=\"container\" data-settings=\"{&quot;jet_parallax_layout_list&quot;:[]}\">\n\t\t<div class=\"elementor-element elementor-element-73169d3 e-con-full e-flex e-con e-child\" data-id=\"73169d3\" data-element_type=\"container\" data-e-type=\"container\" data-settings=\"{&quot;jet_parallax_layout_list&quot;:[]}\">\n\t\t\t\t<div class=\"elementor-element elementor-element-28254f3 elementor-widget elementor-widget-image\" data-id=\"28254f3\" data-element_type=\"widget\" data-e-type=\"widget\" data-widget_type=\"image.default\">\n\t\t\t\t\t\t\t\t\t\t\t\t\t\t\t<img fetchpriority=\"high\" decoding=\"async\" width=\"353\" height=\"236\" src=\"https:\/\/www.archspm.org\/wp-content\/uploads\/2024\/10\/archbishop-cutout.webp\" class=\"attachment-full size-full wp-image-25\" alt=\"\" srcset=\"https:\/\/www.archspm.org\/wp-content\/uploads\/2024\/10\/archbishop-cutout.webp 353w, https:\/\/www.archspm.org\/wp-content\/uploads\/2024\/10\/archbishop-cutout-300x201.webp 300w\" sizes=\"(max-width: 353px) 100vw, 353px\" \/>\t\t\t\t\t\t\t\t\t\t\t\t\t\t\t<\/div>\n\t\t\t\t<\/div>\n\t\t<div class=\"elementor-element elementor-element-cd4aa7b e-con-full e-flex e-con e-child\" data-id=\"cd4aa7b\" data-element_type=\"container\" data-e-type=\"container\" data-settings=\"{&quot;jet_parallax_layout_list&quot;:[]}\">\n\t\t\t\t<div class=\"elementor-element elementor-element-dedafe7 elementor-widget elementor-widget-heading\" data-id=\"dedafe7\" data-element_type=\"widget\" data-e-type=\"widget\" data-widget_type=\"heading.default\">\n\t\t\t\t\t<h2 class=\"elementor-heading-title elementor-size-default\">Recibe la carta a las familias cuando se publique \n<span>Recibe la carta por correo electr\u00f3nico, adem\u00e1s de las actualizaciones semanales del arzobispo<span style=\"font-size: 35px;display: inline !important\"><\/span><\/span><\/h2>\t\t\t\t<\/div>\n\t\t\t\t<div class=\"elementor-element elementor-element-ba00a19 elementor-widget__width-initial elementor-widget elementor-widget-html\" data-id=\"ba00a19\" data-element_type=\"widget\" data-e-type=\"widget\" data-widget_type=\"html.default\">\n\t\t\t\t\t<form method=\"post\" action=\"https:\/\/app.flocknote.com\/group\/807156\/addToGroupFromOutside\" target=\"_blank\">\n  <input type=\"text\" name=\"fname\" placeholder=\"Nombre\" \/>\n  <input type=\"text\" name=\"lname\" placeholder=\"Apellido\" \/>\n  <input type=\"email\" name=\"email\" placeholder=\"Direcci\u00f3n de correo electr\u00f3nico\" \/>\n  <button type=\"submit\" value=\"submit\">Ap\u00fantame<\/button>\n<\/form>\t\t\t\t<\/div>\n\t\t\t\t<\/div>\n\t\t\t\t<\/div>\n\t\t\t\t<\/div>\n\t\t\t\t<\/div>\n\t\t\t\t\t<\/div>\n\t\t\t\t<\/div>\n\t\t\t\t<\/div>","protected":false},"excerpt":{"rendered":"<p>Only One Thing Is Necessary HOW CATHOLIC FAMILIES CAN STRIVE TO BE UNITED IN THIS LIFE AND THE NEXT Pastoral Letter to the Families of the Archdiocese of Saint Paul and Minneapolis This is the future home of Archbishop Bernard Hebda&#8217;s pastoral letter to families, &#8220;Only One Thing Is Necessary.&#8221; If you are clergy or [&hellip;]<\/p>\n","protected":false},"author":4,"featured_media":6498,"parent":0,"menu_order":0,"comment_status":"closed","ping_status":"closed","template":"elementor_header_footer","meta":{"footnotes":""},"class_list":["post-13083","page","type-page","status-publish","has-post-thumbnail","hentry"],"_links":{"self":[{"href":"https:\/\/www.archspm.org\/es\/wp-json\/wp\/v2\/pages\/13083","targetHints":{"allow":["GET"]}}],"collection":[{"href":"https:\/\/www.archspm.org\/es\/wp-json\/wp\/v2\/pages"}],"about":[{"href":"https:\/\/www.archspm.org\/es\/wp-json\/wp\/v2\/types\/page"}],"author":[{"embeddable":true,"href":"https:\/\/www.archspm.org\/es\/wp-json\/wp\/v2\/users\/4"}],"replies":[{"embeddable":true,"href":"https:\/\/www.archspm.org\/es\/wp-json\/wp\/v2\/comments?post=13083"}],"version-history":[{"count":5,"href":"https:\/\/www.archspm.org\/es\/wp-json\/wp\/v2\/pages\/13083\/revisions"}],"predecessor-version":[{"id":15219,"href":"https:\/\/www.archspm.org\/es\/wp-json\/wp\/v2\/pages\/13083\/revisions\/15219"}],"wp:featuredmedia":[{"embeddable":true,"href":"https:\/\/www.archspm.org\/es\/wp-json\/wp\/v2\/media\/6498"}],"wp:attachment":[{"href":"https:\/\/www.archspm.org\/es\/wp-json\/wp\/v2\/media?parent=13083"}],"curies":[{"name":"wp","href":"https:\/\/api.w.org\/{rel}","templated":true}]}}