{"id":1312,"date":"2020-04-20T18:42:42","date_gmt":"2020-04-20T22:42:42","guid":{"rendered":"https:\/\/www.archspm.org\/why-do-i-have-to-confess-my-sins-to-a-priest\/"},"modified":"2020-04-20T18:42:42","modified_gmt":"2020-04-20T22:42:42","slug":"why-do-i-have-to-confess-my-sins-to-a-priest","status":"publish","type":"page","link":"https:\/\/www.archspm.org\/es\/why-do-i-have-to-confess-my-sins-to-a-priest\/","title":{"rendered":"\u00bfPor qu\u00e9 tengo que confesar mis pecados a un sacerdote?"},"content":{"rendered":"<h1 class=\"entry-title\">\u00bfPor qu\u00e9 tengo que confesar mis pecados a un sacerdote?<\/h1>\n<p>De todas las objeciones que se plantean contra el sacramento de la Reconciliaci\u00f3n, la m\u00e1s frecuente \u2014especialmente entre los protestantes, y en ocasiones tambi\u00e9n entre los cat\u00f3licos\u2014 es la siguiente: \u201c\u00a1No necesito confesarme ante un sacerdote! \u00a1El sacerdote no es m\u00e1s que un ser humano como cualquier otro! \u00a1Lo \u00fanico que tengo que hacer es confesar mis pecados directamente a Dios, y eso es suficiente!\u201d. Esta objeci\u00f3n adolece de varios errores.<\/p>\n<p><strong>Jes\u00fas encomend\u00f3 el perd\u00f3n a sus ap\u00f3stoles<\/strong>. Jes\u00fas pidi\u00f3 a los creyentes que acudieran a Dios en busca de perd\u00f3n a trav\u00e9s de los ap\u00f3stoles, a quienes hab\u00eda encargado que actuaran como sus representantes. Jes\u00fas le dijo a Pedro: \u201cTodo lo que ates en la tierra quedar\u00e1 atado en el cielo, y todo lo que desates en la tierra quedar\u00e1 desatado en el cielo\u201d (Mt 16, 19). Despu\u00e9s de la resurrecci\u00f3n, Jes\u00fas sopl\u00f3 sobre sus disc\u00edpulos y les dijo: \u201cA quienes perdon\u00e9is los pecados, les ser\u00e1n perdonados; y a quienes se los reteng\u00e1is, les ser\u00e1n retenidos\u201d (Jn 20, 22-23). Solo los sacerdotes desempe\u00f1an esta funci\u00f3n apost\u00f3lica (Canon 965;\u00a0<em>CCC<\/em>, n\u00fams. 1461 y 1462).<\/p>\n<p><strong>Es coherente con nuestra herencia jud\u00eda<\/strong>. En lo que respecta a la expiaci\u00f3n de los pecados en la tradici\u00f3n jud\u00eda, Dios orden\u00f3 a Mois\u00e9s que el pueblo llevara un holocausto al Templo, por lo general un novillo o un cordero sin defecto. El pecador pon\u00eda las manos sobre la cabeza del animal, transfiri\u00e9ndole simb\u00f3licamente sus pecados, y luego lo sacrificaba, para que el animal muriera en lugar del pecador. A continuaci\u00f3n, el pecador entregaba el animal al sacerdote, quien lo ofrec\u00eda en el altar (Lev 1:1-5). El sacerdote serv\u00eda de intermediario para el pecador, mediando el perd\u00f3n y la paz de Dios.<\/p>\n<p><strong>Los sacramentos cat\u00f3licos se transmiten<\/strong>. Los sacramentos celebran los momentos m\u00e1s profundos de nuestra vida: el nacimiento (el Bautismo), el paso a la edad adulta (la Confirmaci\u00f3n), el compromiso para toda la vida (el Matrimonio y las \u00d3rdenes sagradas) y el final de la vida (la Unci\u00f3n de los enfermos). Otros dos sacramentos nos fortalecen para el camino de la vida: la Eucarist\u00eda, alimento espiritual, y la Penitencia, el perd\u00f3n de los pecados. Necesitamos alimentarnos al menos una vez por semana y, dado que pecamos con tanta frecuencia, necesitamos ser perdonados regularmente. Los sacramentos no son autoadministrados. M\u00e1s bien, el sacerdote es el mediador, el v\u00ednculo o conducto entre Dios y el pueblo, un rico canal de la gracia de Dios.<\/p>\n<p><strong>Un encuentro personal con Cristo<\/strong>. El sacerdote no es simplemente \u201cotro ser humano\u201d, sino alguien que act\u00faa\u00a0<em>en persona Christi<\/em>, en la persona de Cristo. Con fe creemos que, cuando el penitente se dirige al sacerdote, se dirige a Cristo, y cuando el sacerdote habla, lo hace en nombre de Cristo. Cuando el sacerdote dice: \u201cTe absuelvo\u201d, es Cristo quien absuelve (Mc 2, 10).<\/p>\n<p><strong>Un representante de la comunidad<\/strong>. Nuestros pecados ofenden no solo a Dios, sino tambi\u00e9n a la comunidad. Confesar nuestros pecados a otras personas no solo es poco pr\u00e1ctico, sino que a menudo tambi\u00e9n es desaconsejable debido al esc\u00e1ndalo o a las graves consecuencias que puede acarrear. Cuando confesamos nuestros pecados a un sacerdote, este tambi\u00e9n act\u00faa como\u00a0<em>en persona ecclesia<\/em>, \u201cen la persona de la Iglesia\u201d o \u201cen la persona de la comunidad\u201d. Por lo tanto, cuando recibimos la absoluci\u00f3n, no solo Dios nos perdona, sino que tambi\u00e9n nos perdonan aquellos a quienes hemos ofendido.<\/p>\n<p><strong>El toque personal<\/strong>. Cuando confesamos nuestros pecados a un sacerdote, podemos recibir un consejo personalizado, un consejo que se adapta a nuestras circunstancias particulares, y se nos puede imponer una penitencia \u201cmedicinal\u201d, dise\u00f1ada espec\u00edficamente para ayudarnos en el proceso de sanaci\u00f3n espiritual (C\u00e1non 981).<\/p>\n<p><em>\u00a9 2008, Rev. Michael A. Van Sloun<\/em><br \/>\n<em>Utilizado con autorizaci\u00f3n.<\/em><\/p>","protected":false},"excerpt":{"rendered":"<p>Why do I have to confess my sins to a priest? Of all the objections to the Sacrament of Reconciliation, the one most often voiced, particularly by Protestants, and sometime by Catholics is:\u00a0 \u201cI don\u2019t need to go to confession to a priest! The priest is just another human being! All that I need to [&hellip;]<\/p>\n","protected":false},"author":2,"featured_media":6955,"parent":0,"menu_order":0,"comment_status":"closed","ping_status":"closed","template":"","meta":{"footnotes":""},"class_list":["post-1312","page","type-page","status-publish","has-post-thumbnail","hentry"],"_links":{"self":[{"href":"https:\/\/www.archspm.org\/es\/wp-json\/wp\/v2\/pages\/1312","targetHints":{"allow":["GET"]}}],"collection":[{"href":"https:\/\/www.archspm.org\/es\/wp-json\/wp\/v2\/pages"}],"about":[{"href":"https:\/\/www.archspm.org\/es\/wp-json\/wp\/v2\/types\/page"}],"author":[{"embeddable":true,"href":"https:\/\/www.archspm.org\/es\/wp-json\/wp\/v2\/users\/2"}],"replies":[{"embeddable":true,"href":"https:\/\/www.archspm.org\/es\/wp-json\/wp\/v2\/comments?post=1312"}],"version-history":[{"count":0,"href":"https:\/\/www.archspm.org\/es\/wp-json\/wp\/v2\/pages\/1312\/revisions"}],"wp:featuredmedia":[{"embeddable":true,"href":"https:\/\/www.archspm.org\/es\/wp-json\/wp\/v2\/media\/6955"}],"wp:attachment":[{"href":"https:\/\/www.archspm.org\/es\/wp-json\/wp\/v2\/media?parent=1312"}],"curies":[{"name":"wp","href":"https:\/\/api.w.org\/{rel}","templated":true}]}}