{"id":1314,"date":"2020-04-20T18:49:56","date_gmt":"2020-04-20T22:49:56","guid":{"rendered":"https:\/\/www.archspm.org\/how-should-i-prepare-for-the-eucharist\/"},"modified":"2020-04-20T18:49:56","modified_gmt":"2020-04-20T22:49:56","slug":"how-should-i-prepare-for-the-eucharist","status":"publish","type":"page","link":"https:\/\/www.archspm.org\/es\/how-should-i-prepare-for-the-eucharist\/","title":{"rendered":"\u00bfC\u00f3mo debo prepararme para la Eucarist\u00eda?"},"content":{"rendered":"<h1 class=\"entry-title\">\u00bfC\u00f3mo debo prepararme para la Eucarist\u00eda?<\/h1>\n<p><strong>Directrices para la recepci\u00f3n de la comuni\u00f3n<\/strong><\/p>\n<p>El 14 de noviembre de 1996, la Conferencia Nacional de Obispos Cat\u00f3licos (ahora Conferencia de Obispos Cat\u00f3licos de los Estados Unidos) aprob\u00f3 las siguientes directrices sobre la recepci\u00f3n de la Comuni\u00f3n. Las directrices pretenden recordar a todos aquellos que puedan asistir a liturgias cat\u00f3licas la disciplina actual de la Iglesia con respecto a la comuni\u00f3n eucar\u00edstica.<\/p>\n<p><em>Para los cat\u00f3licos<\/em><\/p>\n<p>Como cat\u00f3licos, participamos plenamente en la celebraci\u00f3n de la Eucarist\u00eda cuando recibimos la Sagrada Comuni\u00f3n. Se nos anima a recibir la Comuni\u00f3n con devoci\u00f3n y frecuencia. Para estar debidamente dispuestos a recibir la Comuni\u00f3n, los participantes deben estar conscientes de no haber cometido ning\u00fan pecado grave y, normalmente, deben haber ayunado durante una hora. Una persona que es consciente de haber cometido un pecado grave no debe recibir el Cuerpo y la Sangre del Se\u00f1or sin haberse confesado previamente, salvo por una raz\u00f3n grave que le impida hacerlo. En este caso, la persona debe ser consciente de la obligaci\u00f3n de hacer un acto de contrici\u00f3n perfecta, incluyendo la intenci\u00f3n de confesarse lo antes posible (CIC, can. 916). Se anima a todos a recibir con frecuencia el sacramento de la penitencia.<\/p>\n<p><em>Para nuestros hermanos cristianos<\/em><\/p>\n<p>Damos la bienvenida a nuestros hermanos cristianos a esta celebraci\u00f3n eucar\u00edstica como hermanos y hermanas nuestros. Oramos para que nuestro bautismo com\u00fan y la acci\u00f3n del Esp\u00edritu Santo en esta Eucarist\u00eda nos acerquen m\u00e1s unos a otros y comiencen a disipar las tristes divisiones que nos separan. Oramos para que estas disminuyan y finalmente desaparezcan, de acuerdo con la oraci\u00f3n de Cristo por nosotros \u201cpara que todos sean uno\u201d (Jn 17, 21).<\/p>\n<p>Debido a que los cat\u00f3licos creen que la celebraci\u00f3n de la Eucarist\u00eda es un signo de la realidad de la unidad de la fe, la vida y el culto, los miembros de aquellas iglesias con las que a\u00fan no estamos plenamente unidos no suelen ser admitidos a la Sagrada Comuni\u00f3n. El compartir eucar\u00edstico en circunstancias excepcionales con otros cristianos requiere permiso de acuerdo con las directrices del obispo diocesano y las disposiciones del derecho can\u00f3nico (CIC, can. 844 \u00a74). Se insta a los miembros de las Iglesias ortodoxas, la Iglesia asiria del Oriente y la Iglesia cat\u00f3lica nacional polaca a respetar la disciplina de sus propias Iglesias. De acuerdo con la disciplina cat\u00f3lica romana, el C\u00f3digo de Derecho Can\u00f3nico no se opone a que los cristianos de estas Iglesias reciban la comuni\u00f3n (CIC, can. 844 \u00a73).<\/p>\n<p><em>Para quienes no reciben la Sagrada Comuni\u00f3n<\/em><\/p>\n<p>Se anima a todos los que no reciben la Sagrada Comuni\u00f3n a expresar en sus corazones un deseo piadoso de unidad con el Se\u00f1or Jes\u00fas y entre ellos.<\/p>\n<p><em>Para los no cristianos<\/em><\/p>\n<p>Tambi\u00e9n damos la bienvenida a esta celebraci\u00f3n a quienes no comparten nuestra fe en Jesucristo. Aunque no podemos admitirlos a la Santa Comuni\u00f3n, les pedimos que ofrezcan sus oraciones por la paz y la unidad de la familia humana.<\/p>\n<p>Puede leer m\u00e1s en\u00a0<em>Catecismo Cat\u00f3lico de los Estados Unidos para Adultos<\/em>pida su propio ejemplar o lea preguntas sobre \u00e9l en el\u00a0<a href=\"http:\/\/usccb.org\/\" target=\"_blank\" rel=\"noopener noreferrer\">Sitio web de la Conferencia Episcopal de Estados Unidos<\/a>.<\/p>\n<p><em>Copyright \u00a9 2006, United States Conference of Catholic Bishops, Washington, D.C. Todos los derechos reservados. Ninguna parte de esta obra puede ser reproducida o transmitida de ninguna forma o por ning\u00fan medio, electr\u00f3nico o mec\u00e1nico, incluyendo fotocopia, grabaci\u00f3n o por cualquier sistema de almacenamiento y recuperaci\u00f3n de informaci\u00f3n, sin el permiso por escrito del titular de los derechos de autor.<\/em><\/p>","protected":false},"excerpt":{"rendered":"<p>How should I prepare for the Eucharist? Guidelines for the Reception of Communion On November 14, 1996, the National Conference of Catholic Bishops (now the United States Conference of Catholic Bishops) approved the following guidelines on the reception of Communion. The guidelines seek to remind all those who may attend Catholic liturgies of the present [&hellip;]<\/p>\n","protected":false},"author":2,"featured_media":6955,"parent":0,"menu_order":0,"comment_status":"closed","ping_status":"closed","template":"","meta":{"footnotes":""},"class_list":["post-1314","page","type-page","status-publish","has-post-thumbnail","hentry"],"_links":{"self":[{"href":"https:\/\/www.archspm.org\/es\/wp-json\/wp\/v2\/pages\/1314","targetHints":{"allow":["GET"]}}],"collection":[{"href":"https:\/\/www.archspm.org\/es\/wp-json\/wp\/v2\/pages"}],"about":[{"href":"https:\/\/www.archspm.org\/es\/wp-json\/wp\/v2\/types\/page"}],"author":[{"embeddable":true,"href":"https:\/\/www.archspm.org\/es\/wp-json\/wp\/v2\/users\/2"}],"replies":[{"embeddable":true,"href":"https:\/\/www.archspm.org\/es\/wp-json\/wp\/v2\/comments?post=1314"}],"version-history":[{"count":0,"href":"https:\/\/www.archspm.org\/es\/wp-json\/wp\/v2\/pages\/1314\/revisions"}],"wp:featuredmedia":[{"embeddable":true,"href":"https:\/\/www.archspm.org\/es\/wp-json\/wp\/v2\/media\/6955"}],"wp:attachment":[{"href":"https:\/\/www.archspm.org\/es\/wp-json\/wp\/v2\/media?parent=1314"}],"curies":[{"name":"wp","href":"https:\/\/api.w.org\/{rel}","templated":true}]}}