{"id":1316,"date":"2020-04-20T18:56:19","date_gmt":"2020-04-20T22:56:19","guid":{"rendered":"https:\/\/www.archspm.org\/what-are-the-symbols-of-the-eucharist-and-what-is-their-meaning\/"},"modified":"2024-12-19T22:24:20","modified_gmt":"2024-12-20T03:24:20","slug":"what-are-the-symbols-of-the-eucharist-and-what-is-their-meaning","status":"publish","type":"page","link":"https:\/\/www.archspm.org\/es\/what-are-the-symbols-of-the-eucharist-and-what-is-their-meaning\/","title":{"rendered":"\u00bfCu\u00e1les son los s\u00edmbolos de la Eucarist\u00eda y cu\u00e1l es su significado?"},"content":{"rendered":"<h1 class=\"entry-title\">\u00bfCu\u00e1les son los s\u00edmbolos de la Eucarist\u00eda y cu\u00e1l es su significado?<\/h1>\n<p>La Eucarist\u00eda es \u201cla fuente y la cumbre de la vida cristiana\u201d (Vaticano II,\u00a0<em>Lumen Gentium<\/em>, Constituci\u00f3n dogm\u00e1tica sobre la Iglesia, p\u00e1rrafo 11), y contemplamos a Jes\u00fas como el Pan de Vida (Jn 6, 35.48.51), este es un momento excelente para examinar los s\u00edmbolos de la Eucarist\u00eda.<\/p>\n<p><strong>Trigo.<\/strong>\u00a0El trigo es un cereal, sus semillas se muelen para obtener harina y se utilizan como ingrediente principal del pan, y Jes\u00fas es el Pan de Vida. A veces, el trigo se representa con una sola espiga, otras veces con una gavilla o un manojo de trigo, un conjunto de tallos cortados y atados en un haz.<\/p>\n<p><strong>Una barra de pan.<\/strong>\u00a0El pan es el alimento b\u00e1sico de la vida f\u00edsica, y el pan eucar\u00edstico es el alimento b\u00e1sico de la vida espiritual. En la \u00daltima Cena, Jes\u00fas tom\u00f3 una hogaza de pan sin levadura y dijo: \u201cTomad y comed, esto es mi cuerpo\u201d (Mt 26, 26; Mc 14, 22; Lc 22, 19). El pan consagrado es Jes\u00fas mismo, la presencia real de Cristo.<\/p>\n<p><strong>Una canasta de panes.<\/strong>\u00a0Cuando Jes\u00fas aliment\u00f3 a los cinco mil, comenz\u00f3 con una cesta con cinco panes (Mt 14:17; Mc 6:38; Lc 9:13; Jn 6:9), y cuando aliment\u00f3 a los cuatro mil, comenz\u00f3 con una cesta con siete (Mt 15:34; Mc 8:6).<\/p>\n<p>Los panes y los peces formaban parte de los milagros eucar\u00edsticos de Jes\u00fas (Mt 14, 17; 15, 34; Mc 6, 38; 8, 6-7; Lc 9, 13; Jn 6, 9), y tambi\u00e9n formaban parte de la comida eucar\u00edstica de Jes\u00fas con sus disc\u00edpulos despu\u00e9s de la resurrecci\u00f3n (Jn 21, 9).<\/p>\n<p><strong>Un anfitri\u00f3n.<\/strong>\u00a0Una hostia es una oblea de comuni\u00f3n, un trozo redondo de pan sin levadura que se utiliza para la consagraci\u00f3n y la distribuci\u00f3n en la misa. El t\u00e9rmino proviene de la palabra latina\u00a0<em>hostia<\/em>, un cordero sacrificial. Jes\u00fas es \u201cel cordero de Dios que quita los pecados del mundo\u201d (Jn 1, 29.36), y su cuerpo, ofrecido en el altar de la Cruz, nos es dado desde el altar de la Misa.<\/p>\n<p><strong>Uvas y vino.<\/strong>\u00a0Las uvas se prensan para obtener jugo, el l\u00edquido se fermenta para convertirlo en vino, y Jes\u00fas utiliz\u00f3 el vino en la \u00daltima Cena para representar su sangre, la sangre del pacto, derramada por muchos para el perd\u00f3n de los pecados (Mt 26:28; Mc 14:24; Lc 22:20).<\/p>\n<p><strong>Un c\u00e1liz.<\/strong>\u00a0Jes\u00fas utiliz\u00f3 una copa o un c\u00e1liz como recipiente para su sangre en la \u00daltima Cena.<\/p>\n<p><strong>El pel\u00edcano y sus polluelos.<\/strong>\u00a0Si los polluelos de una madre pel\u00edcano est\u00e1n muriendo por falta de alimento, ella se perfora el pecho para alimentarlos con su propia sangre. Del mismo modo, el coraz\u00f3n de Jes\u00fas fue traspasado en la cruz (Jn 19, 34), y la sangre que brot\u00f3 era verdadera bebida, y quien bebe su sangre obtiene la vida eterna (Jn 6, 54-55).<\/p>\n<p><strong>El Altar<\/strong>\u00a0es donde se celebra el sacrificio eucar\u00edstico y un s\u00edmbolo de la Eucarist\u00eda misma.<\/p>\n<p><em>\u00a9 2006, Rev. Michael A. Van Sloun<\/em><br \/>\n<em>Utilizado con autorizaci\u00f3n.<\/em><\/p>","protected":false},"excerpt":{"rendered":"<p>What are the symbols of the Eucharist and what is their meaning? The Eucharist is \u201cthe source and summit of the Christian life\u201d (Vatican II,\u00a0Lumen Gentium, Dogmatic Constitution on the Church, paragraph 11), and we contemplate Jesus as the Bread of Life (Jn 6:35,48,51 ), this is an excellent time to examine the symbols for [&hellip;]<\/p>\n","protected":false},"author":2,"featured_media":6955,"parent":0,"menu_order":0,"comment_status":"closed","ping_status":"closed","template":"","meta":{"footnotes":""},"class_list":["post-1316","page","type-page","status-publish","has-post-thumbnail","hentry"],"_links":{"self":[{"href":"https:\/\/www.archspm.org\/es\/wp-json\/wp\/v2\/pages\/1316","targetHints":{"allow":["GET"]}}],"collection":[{"href":"https:\/\/www.archspm.org\/es\/wp-json\/wp\/v2\/pages"}],"about":[{"href":"https:\/\/www.archspm.org\/es\/wp-json\/wp\/v2\/types\/page"}],"author":[{"embeddable":true,"href":"https:\/\/www.archspm.org\/es\/wp-json\/wp\/v2\/users\/2"}],"replies":[{"embeddable":true,"href":"https:\/\/www.archspm.org\/es\/wp-json\/wp\/v2\/comments?post=1316"}],"version-history":[{"count":0,"href":"https:\/\/www.archspm.org\/es\/wp-json\/wp\/v2\/pages\/1316\/revisions"}],"wp:featuredmedia":[{"embeddable":true,"href":"https:\/\/www.archspm.org\/es\/wp-json\/wp\/v2\/media\/6955"}],"wp:attachment":[{"href":"https:\/\/www.archspm.org\/es\/wp-json\/wp\/v2\/media?parent=1316"}],"curies":[{"name":"wp","href":"https:\/\/api.w.org\/{rel}","templated":true}]}}