{"id":1317,"date":"2020-04-20T19:01:06","date_gmt":"2020-04-20T23:01:06","guid":{"rendered":"https:\/\/www.archspm.org\/what-is-anointing-of-the-sick-why-is-it-important\/"},"modified":"2024-12-19T22:24:20","modified_gmt":"2024-12-20T03:24:20","slug":"what-is-anointing-of-the-sick-why-is-it-important","status":"publish","type":"page","link":"https:\/\/www.archspm.org\/es\/what-is-anointing-of-the-sick-why-is-it-important\/","title":{"rendered":"\u00bfQu\u00e9 es la Unci\u00f3n de los Enfermos? \u00bfPor qu\u00e9 es importante?"},"content":{"rendered":"<h1 class=\"entry-title\">\u00bfQu\u00e9 es la Unci\u00f3n de los Enfermos? \u00bfPor qu\u00e9 es importante?<\/h1>\n<blockquote><p>La Unci\u00f3n de los Enfermos \u201cno es un sacramento reservado exclusivamente a quienes se encuentran en peligro de muerte. Por lo tanto, tan pronto como alguno de los fieles comience a estar en peligro de muerte por enfermedad o vejez, sin duda ha llegado ya el momento adecuado para recibir este sacramento\u201d.\u201d<\/p>\n<p>\u2014CCC, n.\u00ba 1514, citando SC, n.\u00ba 73.<\/p><\/blockquote>\n<p>El Rito de la Unci\u00f3n nos dice que no es necesario esperar hasta que una persona est\u00e9 a punto de morir para recibir el Sacramento. Basta con un juicio cuidadoso sobre la gravedad de la enfermedad. El Sacramento puede repetirse si el enfermo se recupera despu\u00e9s de la unci\u00f3n, pero vuelve a enfermar, o si, durante la misma enfermedad, el estado de la persona se agrava. Se debe ungir a una persona antes de una cirug\u00eda cuando la intervenci\u00f3n se debe a una enfermedad peligrosa (cf. Rito de la Unci\u00f3n, Introducci\u00f3n, n\u00fams. 8-10).<\/p>\n<p>Adem\u00e1s, \u201clas personas mayores pueden recibir la unci\u00f3n si se encuentran en estado d\u00e9bil, aunque no padezcan ninguna enfermedad grave. Los ni\u00f1os enfermos pueden recibir la unci\u00f3n si tienen suficiente uso de raz\u00f3n para ser consolados por este sacramento. [...] Se les debe animar a pedir la unci\u00f3n y, tan pronto como llegue el momento de recibirla, a hacerlo con fe y devoci\u00f3n, sin abusar del sacramento posponi\u00e9ndolo\u201d (Rito de la Unci\u00f3n, n\u00fams. 11, 12, 13).<\/p>\n<p>Solo los obispos y los sacerdotes pueden ser ministros del Sacramento de la Unci\u00f3n de los Enfermos. La celebraci\u00f3n comienza con un rito penitencial seguido de la Liturgia de la Palabra. Las Escrituras despiertan la fe de los enfermos y de sus familiares y amigos para que recen a Cristo y le pidan la fuerza de su Esp\u00edritu Santo. El sacerdote impone las manos sobre la cabeza del enfermo. A continuaci\u00f3n, procede a ungir con el \u00f3leo bendito de los enfermos la frente y las manos del enfermo (en el rito romano). Acompa\u00f1a estos actos con las palabras: \u201cPor esta santa unci\u00f3n, que el Se\u00f1or, en su amor y misericordia, te ayude con la gracia del Esp\u00edritu Santo. Que el Se\u00f1or, que te libera del pecado, te salve y te levante\u201d (CIC, n.\u00ba 1513).<\/p>\n<p>A quienes est\u00e1n a punto de partir de esta vida, la Iglesia les ofrece la penitencia, la unci\u00f3n de los enfermos y la Eucarist\u00eda como\u00a0<em>Viaticum\u00a0<\/em>(alimento para el viaje) que se administran al final de la vida. Son \u201clos sacramentos que preparan para nuestra patria celestial\u201d (cf. Catecismo de la Iglesia Cat\u00f3lica, n.\u00ba 1525). Los cat\u00f3licos valoran mucho estos ritos, ya que son una ayuda poderosa para una buena muerte. Dado que la Sagrada Comuni\u00f3n es el signo eficaz del Misterio Pascual de Cristo, se convierte para quien la recibe en la oportunidad de unir su propio sufrimiento y muerte al de Cristo, con la esperanza de la vida eterna con \u00e9l. Las palabras especiales propias de\u00a0<em>Viaticum\u00a0<\/em>Se a\u00f1ade: \u201cQue el Se\u00f1or Jes\u00fas te proteja y te gu\u00ede hacia la vida eterna. Am\u00e9n\u201d.\u201d<\/p>\n<p>Puede leer m\u00e1s en\u00a0<em>Catecismo Cat\u00f3lico de los Estados Unidos para Adultos<\/em>pida su propio ejemplar o lea preguntas sobre \u00e9l en el\u00a0<a href=\"http:\/\/usccb.org\/\" target=\"_blank\" rel=\"noopener noreferrer\">Sitio web de la Conferencia Episcopal de Estados Unidos<\/a>.<\/p>\n<p><em>Copyright \u00a9 2006, United States Conference of Catholic Bishops, Washington, D.C. Todos los derechos reservados. Ninguna parte de esta obra puede ser reproducida o transmitida de ninguna forma o por ning\u00fan medio, electr\u00f3nico o mec\u00e1nico, incluyendo fotocopia, grabaci\u00f3n o por cualquier sistema de almacenamiento y recuperaci\u00f3n de informaci\u00f3n, sin el permiso por escrito del titular de los derechos de autor.<\/em><\/p>","protected":false},"excerpt":{"rendered":"<p>What is Anointing of the Sick? Why is it important? The Anointing of the Sick \u201cis not a sacrament for those only who are at the point of death. Hence as soon as anyone of the faithful begins to be in danger of death from sickness or old age, the fitting time to receive this [&hellip;]<\/p>\n","protected":false},"author":2,"featured_media":6955,"parent":0,"menu_order":0,"comment_status":"closed","ping_status":"closed","template":"","meta":{"footnotes":""},"class_list":["post-1317","page","type-page","status-publish","has-post-thumbnail","hentry"],"_links":{"self":[{"href":"https:\/\/www.archspm.org\/es\/wp-json\/wp\/v2\/pages\/1317","targetHints":{"allow":["GET"]}}],"collection":[{"href":"https:\/\/www.archspm.org\/es\/wp-json\/wp\/v2\/pages"}],"about":[{"href":"https:\/\/www.archspm.org\/es\/wp-json\/wp\/v2\/types\/page"}],"author":[{"embeddable":true,"href":"https:\/\/www.archspm.org\/es\/wp-json\/wp\/v2\/users\/2"}],"replies":[{"embeddable":true,"href":"https:\/\/www.archspm.org\/es\/wp-json\/wp\/v2\/comments?post=1317"}],"version-history":[{"count":0,"href":"https:\/\/www.archspm.org\/es\/wp-json\/wp\/v2\/pages\/1317\/revisions"}],"wp:featuredmedia":[{"embeddable":true,"href":"https:\/\/www.archspm.org\/es\/wp-json\/wp\/v2\/media\/6955"}],"wp:attachment":[{"href":"https:\/\/www.archspm.org\/es\/wp-json\/wp\/v2\/media?parent=1317"}],"curies":[{"name":"wp","href":"https:\/\/api.w.org\/{rel}","templated":true}]}}