{"id":1318,"date":"2020-04-21T17:58:30","date_gmt":"2020-04-21T21:58:30","guid":{"rendered":"https:\/\/www.archspm.org\/why-is-confirmation-important-what-effect-does-it-have-on-me\/"},"modified":"2025-07-24T12:24:14","modified_gmt":"2025-07-24T16:24:14","slug":"why-is-confirmation-important-what-effect-does-it-have-on-me","status":"publish","type":"page","link":"https:\/\/www.archspm.org\/es\/why-is-confirmation-important-what-effect-does-it-have-on-me\/","title":{"rendered":"\u00bfPor qu\u00e9 es importante la Confirmaci\u00f3n? \u00bfQu\u00e9 efecto tiene en m\u00ed?"},"content":{"rendered":"<div data-elementor-type=\"wp-page\" data-elementor-id=\"1318\" class=\"elementor elementor-1318\" data-elementor-post-type=\"page\">\n\t\t\t\t<div class=\"elementor-element elementor-element-4cc28e7 e-flex e-con-boxed e-con e-parent\" data-id=\"4cc28e7\" data-element_type=\"container\" data-e-type=\"container\" data-settings=\"{&quot;background_background&quot;:&quot;classic&quot;,&quot;jet_parallax_layout_list&quot;:[]}\">\n\t\t\t\t\t<div class=\"e-con-inner\">\n\t\t<div class=\"elementor-element elementor-element-1e7bf6c e-con-full e-flex e-con e-child\" data-id=\"1e7bf6c\" data-element_type=\"container\" data-e-type=\"container\" data-settings=\"{&quot;jet_parallax_layout_list&quot;:[]}\">\n\t\t\t\t<div class=\"elementor-element elementor-element-3cf64ad elementor-widget elementor-widget-image\" data-id=\"3cf64ad\" data-element_type=\"widget\" data-e-type=\"widget\" data-widget_type=\"image.default\">\n\t\t\t\t\t\t\t\t\t\t\t\t\t\t\t<img decoding=\"async\" width=\"150\" height=\"150\" src=\"https:\/\/www.archspm.org\/wp-content\/uploads\/2025\/07\/Archbishop-Hebda_sm-e1752783360797-150x150.jpg\" class=\"attachment-thumbnail size-thumbnail wp-image-9864\" alt=\"\" srcset=\"https:\/\/www.archspm.org\/wp-content\/uploads\/2025\/07\/Archbishop-Hebda_sm-e1752783360797-150x150.jpg 150w, https:\/\/www.archspm.org\/wp-content\/uploads\/2025\/07\/Archbishop-Hebda_sm-e1752783360797-300x300.jpg 300w, https:\/\/www.archspm.org\/wp-content\/uploads\/2025\/07\/Archbishop-Hebda_sm-e1752783360797-768x768.jpg 768w, https:\/\/www.archspm.org\/wp-content\/uploads\/2025\/07\/Archbishop-Hebda_sm-e1752783360797-12x12.jpg 12w, https:\/\/www.archspm.org\/wp-content\/uploads\/2025\/07\/Archbishop-Hebda_sm-e1752783360797-400x400.jpg 400w, https:\/\/www.archspm.org\/wp-content\/uploads\/2025\/07\/Archbishop-Hebda_sm-e1752783360797-600x600.jpg 600w, https:\/\/www.archspm.org\/wp-content\/uploads\/2025\/07\/Archbishop-Hebda_sm-e1752783360797.jpg 858w\" sizes=\"(max-width: 150px) 100vw, 150px\" \/>\t\t\t\t\t\t\t\t\t\t\t\t\t\t\t<\/div>\n\t\t\t\t<\/div>\n\t\t<div class=\"elementor-element elementor-element-fbe86db e-con-full e-flex e-con e-child\" data-id=\"fbe86db\" data-element_type=\"container\" data-e-type=\"container\" data-settings=\"{&quot;jet_parallax_layout_list&quot;:[]}\">\n\t\t\t\t<div class=\"elementor-element elementor-element-6feca55 elementor-widget elementor-widget-text-editor\" data-id=\"6feca55\" data-element_type=\"widget\" data-e-type=\"widget\" data-widget_type=\"text-editor.default\">\n\t\t\t\t\t\t\t\t\t<h2 style=\"text-align: left;\"><span style=\"color: #c39519;\"><strong><a style=\"color: #c39519;\" href=\"https:\/\/www.archspm.org\/es\/togetheronthejourney\/\">\u00a1Suscr\u00edbase a Juntos en el viaje del arzobispo Hebda!<\/a><\/strong><\/span><\/h2><p><span class=\"ui-provider en ccw bzq ccx ccy ccz cda cdb cdc cdd cde cdf cdg cdh cdi cdj cdk cdl cdm cdn cdo cdp cdq cdr cds cdt cdu cdv cdw cdx cdy cdz cea ceb cec\" dir=\"ltr\" style=\"color: #ffffff;\"> Reciba un v\u00eddeo mensual y actualizaciones semanales del arzobispo Bernard Hebda. <span style=\"text-decoration: underline;\"><strong><a class=\"fui-Link ___1eya986 f3rmtva f1ewtqcl fyind8e f1k6fduh f1w7gpdv fk6fouc fjoy568 figsok6 f1hu3pq6 f11qmguv f19f4twv f1tyq0we f1g0x7ka fhxju0i f1qch9an f1cnd47f fqv5qza f1vmzxwi f1o700av f13mvf36 f1cmlufx f9n3di6 f1ids18y f1tx3yz7 f1deo86v f1eh06m1 f1iescvh fhgqx19 f1olyrje f1p93eir f1nev41a f1h8hb77 f1x7u7e9 f10aw75t fsle3fq f17ae5zn\" style=\"color: #ffffff; text-decoration: underline;\" title=\"https:\/\/www.archspm.org\/togetheronthejourney\" href=\"https:\/\/www.archspm.org\/es\/togetheronthejourney\/\" target=\"_blank\" rel=\"noreferrer noopener\" aria-label=\"Enlace \u00a1Inscr\u00edbete aqu\u00ed!\">Inscr\u00edbete aqu\u00ed<\/a><\/strong><\/span><\/span><\/p>\t\t\t\t\t\t\t\t<\/div>\n\t\t\t\t<\/div>\n\t\t\t\t\t<\/div>\n\t\t\t\t<\/div>\n\t\t<div class=\"elementor-element elementor-element-5a7f1c32 e-flex e-con-boxed e-con e-parent\" data-id=\"5a7f1c32\" data-element_type=\"container\" data-e-type=\"container\" data-settings=\"{&quot;jet_parallax_layout_list&quot;:[]}\">\n\t\t\t\t\t<div class=\"e-con-inner\">\n\t\t\t\t<div class=\"elementor-element elementor-element-65036c0d elementor-widget elementor-widget-text-editor\" data-id=\"65036c0d\" data-element_type=\"widget\" data-e-type=\"widget\" data-widget_type=\"text-editor.default\">\n\t\t\t\t\t\t\t\t\t<h1 class=\"entry-title\">\u00bfPor qu\u00e9 es importante la Confirmaci\u00f3n? \u00bfQu\u00e9 efecto tiene en m\u00ed?<\/h1><p>La confirmaci\u00f3n profundiza nuestra vida bautismal, que nos llama a ser testigos misioneros de Jesucristo en nuestras familias, vecindarios, sociedad y el mundo. A trav\u00e9s de la confirmaci\u00f3n, se fortalece nuestra relaci\u00f3n personal con Cristo. Recibimos el mensaje de la fe de una manera m\u00e1s profunda e intensa, con gran \u00e9nfasis en la persona de Jesucristo, quien pidi\u00f3 al Padre que diera el Esp\u00edritu Santo a la Iglesia para edificar la comunidad en el servicio amoroso.<\/p><p>El Esp\u00edritu Santo nos concede siete dones \u2014sabidur\u00eda, entendimiento, ciencia, fortaleza, consejo, piedad y temor de Dios\u2014 para ayudarnos en nuestra misi\u00f3n y testimonio. El impacto de estos dones nos acompa\u00f1a en las diversas etapas de nuestro desarrollo espiritual.<\/p><p>Como confirmados, caminamos con los siete dones del Esp\u00edritu Santo. La sabidur\u00eda nos permite ver el mundo desde el punto de vista de Dios, lo que puede ayudarnos a comprender el prop\u00f3sito y el plan de Dios. Nos concede una visi\u00f3n a largo plazo de la historia, examinando el presente a la luz del pasado y el misterio del futuro. Nos salva de la ilusi\u00f3n de que el esp\u00edritu de los tiempos es nuestra \u00fanica gu\u00eda. El don del conocimiento del Esp\u00edritu nos lleva a la contemplaci\u00f3n, o reflexi\u00f3n profunda, del misterio de Dios \u2014Padre, Hijo y Esp\u00edritu Santo\u2014 as\u00ed como de los misterios de la fe cat\u00f3lica. Nos sentimos atra\u00eddos por la oraci\u00f3n meditativa, en la que permitimos que Dios nos gu\u00ede mientras descansamos pacientemente en la presencia divina.<\/p><p>El don del entendimiento nos estimula a trabajar en conocernos a nosotros mismos como parte de nuestro crecimiento en el conocimiento de Dios. Es lo que San Agust\u00edn quiso decir cuando rez\u00f3: \u201cPara que pueda conocerte, d\u00e9jame conocerme a m\u00ed mismo\u201d. Cuando el Esp\u00edritu derrama fortaleza o valor en nuestros corazones, podemos confiar en que estaremos preparados para defender a Cristo y el Evangelio cuando se nos desaf\u00ede. A medida que el don del consejo o del juicio recto crece en nosotros, podemos sentir la ense\u00f1anza silenciosa que el Esp\u00edritu nos da sobre nuestra vida moral y la formaci\u00f3n de nuestra conciencia.<\/p><p>El don de la piedad o reverencia es un acto de respeto hacia el Padre que nos cre\u00f3, hacia Jes\u00fas que nos salv\u00f3 y hacia el Esp\u00edritu que nos santifica. Aprendemos la reverencia hacia Dios y hacia las personas de nuestros padres y de otras personas que nos ense\u00f1an la virtud. El Esp\u00edritu nos llena de este don en la liturgia, que es una escuela magistral de reverencia, as\u00ed como a trav\u00e9s de las devociones populares y la piedad.<\/p><p>Por \u00faltimo, el don del temor del Se\u00f1or o el asombro y la reverencia ante la presencia de Dios pueden infundir honestidad en nuestra relaci\u00f3n con \u00c9l, una franqueza que nos hace sentir reverencia ante su majestad. Sin embargo, este don tambi\u00e9n nos infunde una actitud de agradecido asombro por el hecho de que Dios nos ama y nos permite compartir su vida.<\/p><p>Cuando respondemos a la gracia de la Confirmaci\u00f3n y a los siete dones del Esp\u00edritu Santo, comenzamos a dar los frutos del Esp\u00edritu. La tradici\u00f3n de la Iglesia enumera doce frutos del Esp\u00edritu Santo: amor, alegr\u00eda, paz, paciencia, amabilidad, bondad, generosidad, mansedumbre, fidelidad, modestia, dominio de s\u00ed mismo y castidad (cf. Catecismo de la Iglesia Cat\u00f3lica, n.\u00ba 1832; G\u00e1latas 5:22).<\/p><p>Puede leer m\u00e1s en\u00a0<em>Catecismo Cat\u00f3lico de los Estados Unidos para Adultos<\/em>pida su propio ejemplar o lea preguntas sobre \u00e9l en el\u00a0<a href=\"http:\/\/usccb.org\/\" target=\"_blank\" rel=\"noopener noreferrer\">Sitio web de la Conferencia Episcopal de Estados Unidos<\/a>.<\/p><p><em>Copyright \u00a9 2006, Conferencia de Obispos Cat\u00f3licos de los Estados Unidos, Inc., Washington, D.C. Todos los derechos reservados. Ninguna parte de esta obra puede ser reproducida o transmitida en ninguna forma ni por ning\u00fan medio, electr\u00f3nico o mec\u00e1nico, incluyendo fotocopias, grabaciones o cualquier sistema de almacenamiento y recuperaci\u00f3n de informaci\u00f3n, sin el permiso por escrito del titular de los derechos de autor.<\/em><\/p>\t\t\t\t\t\t\t\t<\/div>\n\t\t\t\t\t<\/div>\n\t\t\t\t<\/div>\n\t\t\t\t<\/div>","protected":false},"excerpt":{"rendered":"<p>Subscribe to Together on the Journey from Archbishop Hebda! Receive a monthly video plus weekly updates from Archbishop Bernard Hebda. Sign up here! Why is Confirmation important? What effect does it have on me? Confirmation deepens our baptismal life that calls us to be missionary witnesses of Jesus Christ in our families, neighborhoods, society, and [&hellip;]<\/p>\n","protected":false},"author":2,"featured_media":6955,"parent":0,"menu_order":0,"comment_status":"closed","ping_status":"closed","template":"","meta":{"footnotes":""},"class_list":["post-1318","page","type-page","status-publish","has-post-thumbnail","hentry"],"_links":{"self":[{"href":"https:\/\/www.archspm.org\/es\/wp-json\/wp\/v2\/pages\/1318","targetHints":{"allow":["GET"]}}],"collection":[{"href":"https:\/\/www.archspm.org\/es\/wp-json\/wp\/v2\/pages"}],"about":[{"href":"https:\/\/www.archspm.org\/es\/wp-json\/wp\/v2\/types\/page"}],"author":[{"embeddable":true,"href":"https:\/\/www.archspm.org\/es\/wp-json\/wp\/v2\/users\/2"}],"replies":[{"embeddable":true,"href":"https:\/\/www.archspm.org\/es\/wp-json\/wp\/v2\/comments?post=1318"}],"version-history":[{"count":0,"href":"https:\/\/www.archspm.org\/es\/wp-json\/wp\/v2\/pages\/1318\/revisions"}],"wp:featuredmedia":[{"embeddable":true,"href":"https:\/\/www.archspm.org\/es\/wp-json\/wp\/v2\/media\/6955"}],"wp:attachment":[{"href":"https:\/\/www.archspm.org\/es\/wp-json\/wp\/v2\/media?parent=1318"}],"curies":[{"name":"wp","href":"https:\/\/api.w.org\/{rel}","templated":true}]}}