{"id":1322,"date":"2020-04-21T18:15:16","date_gmt":"2020-04-21T22:15:16","guid":{"rendered":"https:\/\/www.archspm.org\/what-does-the-church-teach-about-divorce-what-about-an-annulment\/"},"modified":"2025-07-03T18:04:28","modified_gmt":"2025-07-03T22:04:28","slug":"what-does-the-church-teach-about-divorce-what-about-an-annulment","status":"publish","type":"page","link":"https:\/\/www.archspm.org\/es\/what-does-the-church-teach-about-divorce-what-about-an-annulment\/","title":{"rendered":"\u00bfQu\u00e9 ense\u00f1a la Iglesia sobre el divorcio? \u00bfY sobre la anulaci\u00f3n?"},"content":{"rendered":"<div data-elementor-type=\"wp-page\" data-elementor-id=\"1322\" class=\"elementor elementor-1322\" data-elementor-post-type=\"page\">\n\t\t\t\t<div class=\"elementor-element elementor-element-12bb33d0 e-flex e-con-boxed e-con e-parent\" data-id=\"12bb33d0\" data-element_type=\"container\" data-e-type=\"container\" data-settings=\"{&quot;jet_parallax_layout_list&quot;:[]}\">\n\t\t\t\t\t<div class=\"e-con-inner\">\n\t\t\t\t<div class=\"elementor-element elementor-element-280d2b4a elementor-widget elementor-widget-text-editor\" data-id=\"280d2b4a\" data-element_type=\"widget\" data-e-type=\"widget\" data-widget_type=\"text-editor.default\">\n\t\t\t\t\t\t\t\t\t<h4><em>Para obtener informaci\u00f3n local y realizar consultas relacionadas con las declaraciones de nulidad (anulaciones), visite el <a href=\"https:\/\/www.archspm.org\/es\/offices\/metropolitan-tribunal-annulments\/\">Oficina del Tribunal Metropolitano<\/a>.<\/em><\/h4><hr \/><h1 class=\"entry-title\">\u00bfQu\u00e9 ense\u00f1a la Iglesia sobre el divorcio? \u00bfY sobre la anulaci\u00f3n?<\/h1><p>Las parejas casadas siempre han experimentado problemas que amenazan su uni\u00f3n: celos, infidelidad, conflictos y peleas. La lujuria y la dominaci\u00f3n arbitraria pueden arruinar un matrimonio. Estos problemas surgen del impacto del pecado, tanto original como real. El primer pecado rompi\u00f3 la comuni\u00f3n original entre el hombre y la mujer. A pesar de ello, el plan de Dios para el matrimonio persisti\u00f3. \u00c9l nunca dej\u00f3 de proporcionar misericordia y gracia sanadora para ayudar a las parejas a mantener sus matrimonios. Lamentablemente, algunos c\u00f3nyuges no aprovechan la ayuda del Se\u00f1or y los numerosos recursos profesionales y el apoyo que se les ofrecen.<\/p><p>La fidelidad de la Iglesia a las ense\u00f1anzas de Cristo sobre el matrimonio y contra el divorcio no implica insensibilidad ante el dolor de las personas que se enfrentan a estas situaciones infelices. Cuando el divorcio es el \u00fanico recurso posible, la Iglesia ofrece su apoyo a los involucrados y los anima a permanecer cerca del Se\u00f1or mediante la recepci\u00f3n frecuente de los sacramentos, especialmente la Sagrada Eucarist\u00eda. En el caso de aquellos que se han divorciado civilmente y se han vuelto a casar, aunque la Iglesia considera inv\u00e1lido el segundo matrimonio, no quiere que estos cat\u00f3licos se alejen de ella.<\/p><blockquote><p>Hacia los cristianos que viven en esta situaci\u00f3n, y que a menudo conservan la fe y desean educar a sus hijos en la fe cristiana, los sacerdotes y toda la comunidad deben manifestar una sol\u00edcita atenci\u00f3n, para que no se consideren separados de la Iglesia, en cuya vida pueden y deben participar como bautizados. (CIC, n. 1651)<\/p><\/blockquote><p>De este modo, se les anima a participar en la vida de sus comunidades parroquiales y a asistir a la Eucarist\u00eda dominical, aunque no puedan recibir la Sagrada Comuni\u00f3n.<\/p><p><strong>Una declaraci\u00f3n de nulidad (anulaci\u00f3n)<\/strong><\/p><p>El matrimonio entre dos personas bautizadas celebrado seg\u00fan las normas del derecho can\u00f3nico se presume siempre v\u00e1lido. Cuando un matrimonio se ha roto, esta presunci\u00f3n sigue vigente hasta que se demuestre lo contrario. El examen de la validez de un matrimonio lo lleva a cabo un tribunal eclesi\u00e1stico. Cuando un tribunal eclesi\u00e1stico emite una declaraci\u00f3n de nulidad, esto no significa que no haya habido una relaci\u00f3n matrimonial civil, sexual o emocional, ni que los hijos de la uni\u00f3n sean ileg\u00edtimos. La declaraci\u00f3n significa que no se produjo ning\u00fan v\u00ednculo sacramental \u2014o, en el caso de que una de las partes no estuviera bautizada, ning\u00fan v\u00ednculo natural\u2014 porque en el momento de la boda no se cumpl\u00edan los requisitos para un matrimonio v\u00e1lido. Los motivos para una declaraci\u00f3n de nulidad (anulaci\u00f3n) incluyen defectos en el rito en s\u00ed, en la capacidad legal de las partes para contraer matrimonio (es decir, un \u201cimpedimento\u201d) o en el consentimiento que dieron, ya sea por falta de discernimiento o madurez de juicio, por contraer matrimonio por fuerza o miedo, con la intenci\u00f3n de excluir la fidelidad o el compromiso de una uni\u00f3n para toda la vida, o por imponer condiciones inaceptables al matrimonio (cf. CIC, nn. 1628-1629). Una vez concedida la declaraci\u00f3n de nulidad, si no hay otras restricciones, una o ambas partes son libres de contraer matrimonio sacramental en la Iglesia cat\u00f3lica.<\/p><p>Puede leer m\u00e1s en\u00a0<em>Catecismo Cat\u00f3lico de los Estados Unidos para Adultos<\/em>pida su propio ejemplar o lea preguntas sobre \u00e9l en el\u00a0<a href=\"http:\/\/usccb.org\/\" target=\"_blank\" rel=\"noopener noreferrer\">Sitio web de la Conferencia Episcopal de Estados Unidos<\/a>.<\/p><p><em>Copyright \u00a9 2006, United States Conference of Catholic Bishops, Washington, D.C. Todos los derechos reservados. Ninguna parte de esta obra puede ser reproducida o transmitida de ninguna forma o por ning\u00fan medio, electr\u00f3nico o mec\u00e1nico, incluyendo fotocopia, grabaci\u00f3n o por cualquier sistema de almacenamiento y recuperaci\u00f3n de informaci\u00f3n, sin el permiso por escrito del titular de los derechos de autor.<\/em><\/p>\t\t\t\t\t\t\t\t<\/div>\n\t\t\t\t\t<\/div>\n\t\t\t\t<\/div>\n\t\t\t\t<\/div>","protected":false},"excerpt":{"rendered":"<p>For local information and inquiries related to declarations of nullity (annulments), please visit the Office of the Metropolitan Tribunal. What does the Church teach about divorce? What about an annulment? Married couples have always experienced problems that threaten their union: jealousy, infidelity, conflicts, and quarrels. Lust and arbitrary domination can ruin a marriage. These issues [&hellip;]<\/p>\n","protected":false},"author":2,"featured_media":6955,"parent":0,"menu_order":0,"comment_status":"closed","ping_status":"closed","template":"","meta":{"footnotes":""},"class_list":["post-1322","page","type-page","status-publish","has-post-thumbnail","hentry"],"_links":{"self":[{"href":"https:\/\/www.archspm.org\/es\/wp-json\/wp\/v2\/pages\/1322","targetHints":{"allow":["GET"]}}],"collection":[{"href":"https:\/\/www.archspm.org\/es\/wp-json\/wp\/v2\/pages"}],"about":[{"href":"https:\/\/www.archspm.org\/es\/wp-json\/wp\/v2\/types\/page"}],"author":[{"embeddable":true,"href":"https:\/\/www.archspm.org\/es\/wp-json\/wp\/v2\/users\/2"}],"replies":[{"embeddable":true,"href":"https:\/\/www.archspm.org\/es\/wp-json\/wp\/v2\/comments?post=1322"}],"version-history":[{"count":0,"href":"https:\/\/www.archspm.org\/es\/wp-json\/wp\/v2\/pages\/1322\/revisions"}],"wp:featuredmedia":[{"embeddable":true,"href":"https:\/\/www.archspm.org\/es\/wp-json\/wp\/v2\/media\/6955"}],"wp:attachment":[{"href":"https:\/\/www.archspm.org\/es\/wp-json\/wp\/v2\/media?parent=1322"}],"curies":[{"name":"wp","href":"https:\/\/api.w.org\/{rel}","templated":true}]}}